{"id":343,"date":"2020-11-03T09:05:21","date_gmt":"2020-11-03T09:05:21","guid":{"rendered":"http:\/\/help.unhcr.org\/belgium\/where-to-seek-help\/reception-accommodation\/"},"modified":"2024-02-16T13:56:09","modified_gmt":"2024-02-16T13:56:09","slug":"reception-accommodation","status":"publish","type":"page","link":"https:\/\/help.unhcr.org\/belgium\/where-to-seek-help\/reception-accommodation\/","title":{"rendered":"Accueil \/ H\u00e9bergement"},"content":{"rendered":"\n<h3 class=\"wp-block-heading\">Pendant la proc\u00e9dure de protection nationale<\/h3>\n\n\n\n<p>En tant que demandeur de protection internationale, vous avez droit \u00e0 l&rsquo;accueil pendant toute la p\u00e9riode d&rsquo;examen de votre demande (y compris la proc\u00e9dure de recours devant le Council of Alien Law Litigation (CALL)). Votre droit \u00e0 l&rsquo;aide mat\u00e9rielle s&rsquo;applique d\u00e8s que la demande de protection internationale a \u00e9t\u00e9 d\u00e9pos\u00e9e et prend fin une fois qu&rsquo;une d\u00e9cision a \u00e9t\u00e9 prise.<\/p>\n\n\n\n<p>En Belgique, l&rsquo;accueil des demandeurs de protection internationale et d&rsquo;autres groupes cibles rel\u00e8ve de la responsabilit\u00e9 de l&rsquo;<strong>Agence f\u00e9d\u00e9rale pour l&rsquo;accueil des demandeurs d&rsquo;asile (Fedasil)<\/strong>. Fedasil est une instance d&rsquo;utilit\u00e9 publique plac\u00e9e sous la tutelle du secr\u00e9taire d&rsquo;Etat belge \u00e0 l&rsquo;Asile et la Migration.<\/p>\n\n\n\n<p>L&rsquo;accueil est assur\u00e9 \u00e0 la fois dans des centres collectifs (appartenant \u00e0 Fedasil, \u00e0 la Croix-Rouge ou \u00e0 un autre partenaire) et dans des logements individuels g\u00e9r\u00e9s par des associations ou une commune.<\/p>\n\n\n\n<p>Retrouvez plus d\u2019informations sur le <a href=\"https:\/\/www.fedasil.be\/en\">site web de Fedasil<\/a>.<\/p>\n\n\n\n<h3 class=\"wp-block-heading\">Apr\u00e8s la proc\u00e9dure de demande de protection internationale<\/h3>\n\n\n\n<p>Apr\u00e8s avoir \u00e9t\u00e9 reconnu comme r\u00e9fugi\u00e9, vous avez 2&nbsp;mois pour trouver votre propre logement. Fedasil peut prolonger ce d\u00e9lai de 2&nbsp;autres mois au maximum si vous n&rsquo;avez pas encore trouv\u00e9 de logement. Vous trouverez <a href=\"https:\/\/www.fedasilinfo.be\/en\/search-house\">ici<\/a> de plus amples informations sur les conditions \u00e0 remplir pour louer un logement ainsi que des sites web pour entamer votre recherche.<\/p>\n\n\n\n<p>Si votre demande de protection internationale a \u00e9t\u00e9 rejet\u00e9e, vous n&rsquo;avez plus droit \u00e0 l&rsquo;accueil, mais vous pouvez toujours contacter <a href=\"https:\/\/help.unhcr.org\/belgium\/where-to-seek-help\/general-services-and-helpdesks\/\">l&rsquo;une de ces organisations pour obtenir de l&rsquo;aide<\/a>.<\/p>\n\n\n\n<h3 class=\"wp-block-heading\">Probl\u00e8mes relatifs aux modalit\u00e9s d&rsquo;hebergement et d&rsquo;accueil  <\/h3>\n\n\n\n<p>Le HCR en Belgique n&rsquo;est pas en mesure de fournir une aide sociale ou financi\u00e8re ni de vous aider \u00e0 trouver un logement. Si vous rencontrez des difficult\u00e9s en mati\u00e8re de logement, nous vous sugg\u00e9rons de contacter <a href=\"https:\/\/help.unhcr.org\/belgium\/where-to-seek-help\/general-services-and-helpdesks\/\">l&rsquo;une de ces organisations<\/a> ou un <a href=\"https:\/\/help.unhcr.org\/belgium\/where-to-seek-help\/legal-aid\/\">avocat (<em>pro bono<\/em>)<\/a> qui pourra vous informer de vos droits et des possibilit\u00e9s qui s&rsquo;offrent \u00e0 vous.<\/p>\n\n\n\n<p><\/p>\n\n\n\n<p><\/p>\n","protected":false},"excerpt":{"rendered":"<p>Pendant la proc\u00e9dure de protection nationale En tant que demandeur de protection internationale, vous avez droit \u00e0 l&rsquo;accueil pendant toute la p\u00e9riode d&rsquo;examen de votre demande (y compris la proc\u00e9dure de recours devant le Council of Alien Law Litigation (CALL)). Votre droit \u00e0 l&rsquo;aide mat\u00e9rielle s&rsquo;applique d\u00e8s que la demande de protection internationale a \u00e9t\u00e9 [&hellip;]<\/p>\n","protected":false},"author":1,"featured_media":0,"parent":308,"menu_order":2,"comment_status":"closed","ping_status":"closed","template":"","meta":{"_acf_changed":false,"footnotes":""},"class_list":["post-343","page","type-page","status-publish","hentry"],"acf":[],"_links":{"self":[{"href":"https:\/\/help.unhcr.org\/belgium\/wp-json\/wp\/v2\/pages\/343","targetHints":{"allow":["GET"]}}],"collection":[{"href":"https:\/\/help.unhcr.org\/belgium\/wp-json\/wp\/v2\/pages"}],"about":[{"href":"https:\/\/help.unhcr.org\/belgium\/wp-json\/wp\/v2\/types\/page"}],"author":[{"embeddable":true,"href":"https:\/\/help.unhcr.org\/belgium\/wp-json\/wp\/v2\/users\/1"}],"replies":[{"embeddable":true,"href":"https:\/\/help.unhcr.org\/belgium\/wp-json\/wp\/v2\/comments?post=343"}],"version-history":[{"count":4,"href":"https:\/\/help.unhcr.org\/belgium\/wp-json\/wp\/v2\/pages\/343\/revisions"}],"predecessor-version":[{"id":1573,"href":"https:\/\/help.unhcr.org\/belgium\/wp-json\/wp\/v2\/pages\/343\/revisions\/1573"}],"up":[{"embeddable":true,"href":"https:\/\/help.unhcr.org\/belgium\/wp-json\/wp\/v2\/pages\/308"}],"wp:attachment":[{"href":"https:\/\/help.unhcr.org\/belgium\/wp-json\/wp\/v2\/media?parent=343"}],"curies":[{"name":"wp","href":"https:\/\/api.w.org\/{rel}","templated":true}]}}