{"id":337,"date":"2020-11-03T09:00:12","date_gmt":"2020-11-03T09:00:12","guid":{"rendered":"http:\/\/help.unhcr.org\/belgium\/where-to-seek-help\/legal-aid\/"},"modified":"2024-02-16T13:53:33","modified_gmt":"2024-02-16T13:53:33","slug":"legal-aid","status":"publish","type":"page","link":"https:\/\/help.unhcr.org\/belgium\/where-to-seek-help\/legal-aid\/","title":{"rendered":"Aide juridique"},"content":{"rendered":"\n<p>En raison de la nature et du r\u00f4le du HCR en Europe occidentale et des ressources limit\u00e9es disponibles, le HCR en Belgique ne peut pas fournir de conseils juridiques et de repr\u00e9sentation aux demandeurs individuels. Le r\u00f4le du HCR consiste plut\u00f4t \u00e0 soutenir le d\u00e9veloppement de syst\u00e8mes nationaux de protection internationale qui fourniront, par l&rsquo;interm\u00e9diaire d&rsquo;avocats ind\u00e9pendants et d&rsquo;ONG, des conseils juridiques de qualit\u00e9 aux demandeurs de protection internationale et aux r\u00e9fugi\u00e9s.<\/p>\n\n\n\n<p><strong><strong>La repr\u00e9sentation et le conseil juridiques des demandeurs de protection internationale et des r\u00e9fugi\u00e9s en Belgique sont assur\u00e9s principalement par des avocats priv\u00e9s<\/strong>. <\/strong>Si vous ne disposez pas de moyens financiers suffisants pour payer un avocat<strong>, <strong>vous pouvez demander un avocat <em>pro bono<\/em> (gratuit)<\/strong>.<\/strong><\/p>\n\n\n\n<p>Il y a deux fa\u00e7ons d&rsquo;obtenir un avocat <em>pro bono<\/em>&nbsp;:<\/p>\n\n\n\n<ol class=\"wp-block-list\" type=\"1\"><li>Vous contactez le bureau local d&rsquo;aide juridique, qui vous d\u00e9signera un avocat si vous remplissez les conditions. <\/li><li>Vous choisissez et contactez un avocat qui d\u00e9posera la demande d&rsquo;aide juridictionnelle gratuite en votre nom.&nbsp;<\/li><\/ol>\n\n\n\n<p>Vous trouverez ici de plus amples informations sur les crit\u00e8res de demande d&rsquo;un avocat <em>pro bono<\/em> ainsi que sur la proc\u00e9dure :<\/p>\n\n\n\n<ul class=\"wp-block-list\"><li><a href=\"https:\/\/www.advocaat.be\/een-advocaat-raadplegen\/wat-kost-een-advocaat\/pro-deo\">Advocaat.be &#8211; Wat kost een advocaat &#8211; pro Deo<\/a><\/li><li><a href=\"https:\/\/avocats.be\/fr\/bureaux-daide-juridique-baj\">https:\/\/avocats.be\/fr\/bureaux-daide-juridique-baj<\/a><\/li><\/ul>\n\n\n\n<p>Certains des organismes figurant sur la <font color=\"#000115\"><a href=\"https:\/\/help.unhcr.org\/belgium\/where-to-seek-help\/general-services-and-helpdesks\/\" data-id=\"119\" data-type=\"page\">page General ser<\/a><\/font><font color=\"#000117\"><a href=\"https:\/\/help.unhcr.org\/belgium\/where-to-seek-help\/general-services-and-helpdesks\/\" data-id=\"119\" data-type=\"page\">vices<\/a><\/font> fournissent \u00e9galement des conseils juridiques gratuits. Ils ne sont toutefois pas en mesure de vous repr\u00e9senter devant les autorit\u00e9s (de protection internationale) et les tribunaux.<\/p>\n","protected":false},"excerpt":{"rendered":"<p>En raison de la nature et du r\u00f4le du HCR en Europe occidentale et des ressources limit\u00e9es disponibles, le HCR en Belgique ne peut pas fournir de conseils juridiques et de repr\u00e9sentation aux demandeurs individuels. Le r\u00f4le du HCR consiste plut\u00f4t \u00e0 soutenir le d\u00e9veloppement de syst\u00e8mes nationaux de protection internationale qui fourniront, par l&rsquo;interm\u00e9diaire [&hellip;]<\/p>\n","protected":false},"author":1,"featured_media":0,"parent":308,"menu_order":1,"comment_status":"closed","ping_status":"closed","template":"","meta":{"_acf_changed":false,"footnotes":""},"class_list":["post-337","page","type-page","status-publish","hentry"],"acf":[],"_links":{"self":[{"href":"https:\/\/help.unhcr.org\/belgium\/wp-json\/wp\/v2\/pages\/337","targetHints":{"allow":["GET"]}}],"collection":[{"href":"https:\/\/help.unhcr.org\/belgium\/wp-json\/wp\/v2\/pages"}],"about":[{"href":"https:\/\/help.unhcr.org\/belgium\/wp-json\/wp\/v2\/types\/page"}],"author":[{"embeddable":true,"href":"https:\/\/help.unhcr.org\/belgium\/wp-json\/wp\/v2\/users\/1"}],"replies":[{"embeddable":true,"href":"https:\/\/help.unhcr.org\/belgium\/wp-json\/wp\/v2\/comments?post=337"}],"version-history":[{"count":6,"href":"https:\/\/help.unhcr.org\/belgium\/wp-json\/wp\/v2\/pages\/337\/revisions"}],"predecessor-version":[{"id":1570,"href":"https:\/\/help.unhcr.org\/belgium\/wp-json\/wp\/v2\/pages\/337\/revisions\/1570"}],"up":[{"embeddable":true,"href":"https:\/\/help.unhcr.org\/belgium\/wp-json\/wp\/v2\/pages\/308"}],"wp:attachment":[{"href":"https:\/\/help.unhcr.org\/belgium\/wp-json\/wp\/v2\/media?parent=337"}],"curies":[{"name":"wp","href":"https:\/\/api.w.org\/{rel}","templated":true}]}}