{"id":331,"date":"2020-11-03T10:00:40","date_gmt":"2020-11-03T10:00:40","guid":{"rendered":"http:\/\/help.unhcr.org\/belgium\/family-reunification\/"},"modified":"2021-06-18T14:31:32","modified_gmt":"2021-06-18T14:31:32","slug":"family-reunification","status":"publish","type":"page","link":"https:\/\/help.unhcr.org\/belgium\/family-reunification\/","title":{"rendered":"Regroupement familial"},"content":{"rendered":"\n<p>Vous r\u00e9sidez actuellement en dehors de la Belgique et souhaitez vous rendre en Belgique. En fonction de votre nationalit\u00e9, vous devrez obtenir un visa avant votre arriv\u00e9e en Belgique. Vous trouverez de plus amples informations sur les conditions et les proc\u00e9dures de demande de visa sur le <a href=\"https:\/\/dofi.ibz.be\/fr\/themes\/protection-internationale\">site web de l&rsquo;Office de l&rsquo;immigration<\/a>, qui est l&rsquo;autorit\u00e9 qui prendra la d\u00e9cision d&rsquo;accorder ou non le visa. Pour plus d&rsquo;informations sur les ambassades et consulats belges \u00e0 l&rsquo;\u00e9tranger, <a href=\"https:\/\/diplomatie.belgium.be\/fr\/Services\/Ambassades_et_consulats\">vous pouvez consulter ce site web<\/a>.<\/p>\n\n\n\n<p>La protection de l&rsquo;unit\u00e9 familiale est un droit de l&rsquo;homme important. Si vous avez \u00e9t\u00e9 s\u00e9par\u00e9 des membres de votre famille avant ou pendant votre vol, ils peuvent avoir le droit de vous rejoindre en Belgique sous un r\u00e9gime juridique plus favorable et sous r\u00e9serve d&rsquo;un certain nombre de conditions.<\/p>\n\n\n\n<h3 class=\"wp-block-heading\">1. Pendant la proc\u00e9dure de demande de protection internationale (asile)<\/h3>\n\n\n\n<p>Si des membres de votre cellule familiale (conjoint et enfants mineurs) s\u00e9journent d\u00e9j\u00e0 l\u00e9galement dans l&rsquo;Union europ\u00e9enne ou en Suisse, au Liechtenstein, en Norv\u00e8ge ou en Islande, un regroupement avec eux est possible pendant la proc\u00e9dure de protection internationale. Si les membres de votre famille ne se trouvent pas dans l&rsquo;un de ces pays, le regroupement familial n&rsquo;est pas possible tant que vous restez demandeur de protection internationale.<\/p>\n\n\n\n<p>Le <strong>r\u00e8glement Dublin III<\/strong> d\u00e9termine quel \u00c9tat europ\u00e9en est responsable de l&rsquo;examen de votre demande. Un certain nombre de r\u00e8gles sont fix\u00e9es dans le r\u00e8glement Dublin III.<\/p>\n\n\n\n<p>Si vous \u00eates un enfant non accompagn\u00e9 et qu&rsquo;un membre de votre famille (parent, fr\u00e8re\/s\u0153ur, oncle\/tante, grand-p\u00e8re\/grand-m\u00e8re) r\u00e9side l\u00e9galement dans un pays \u00ab&nbsp;Dublin III&nbsp;\u00bb, ce pays est responsable de l&rsquo;examen de votre demande. Si vous \u00eates un enfant non accompagn\u00e9 et qu&rsquo;aucun membre de votre famille ne r\u00e9side l\u00e9galement dans un des \u00c9tats \u00ab&nbsp;Dublin III&nbsp;\u00bb, votre demande sera examin\u00e9e par la Belgique.<\/p>\n\n\n\n<p>Si vous \u00eates adulte et qu&rsquo;un membre de votre famille r\u00e9side dans l&rsquo;un des \u00c9tats \u00ab&nbsp;Dublin III&nbsp;\u00bb en tant que b\u00e9n\u00e9ficiaire ou demandeur de protection internationale, si vous le souhaitez, l&rsquo;\u00c9tat dans lequel il r\u00e9side se chargera de l&rsquo;examen de votre demande. Sont consid\u00e9r\u00e9s comme membres de la famille le conjoint (mari ou femme) ou le partenaire de vie (pas dans tous les pays) et les enfants non mari\u00e9s.<\/p>\n\n\n\n<p>Lorsque vous \u00eates demandeur de protection internationale, vous \u00eates invit\u00e9 \u00e0 <a href=\"https:\/\/help.unhcr.org\/belgium\/where-to-seek-help\/legal-aid\/\">vous adresser \u00e0 un avocat <\/a>si vous souhaitez demander le regroupement familial.<\/p>\n\n\n\n<p>Vous trouverez <a href=\"https:\/\/www.unhcr.org\/be\/15743-dublin-brochure.html\">ici<\/a>, en fran\u00e7ais, n\u00e9erlandais, anglais, arabe, farsi, dari, pachtou, tigrinya, <strong>de plus amples informations sur le r\u00e8glement Dublin III et sur le pays responsable de l&rsquo;examen de votre demande<\/strong>.<\/p>\n\n\n\n<h3 class=\"wp-block-heading\">2. Apr\u00e8s avoir obtenu une protection internationale (asile)<\/h3>\n\n\n\n<p>Le regroupement familial n&rsquo;est possible que pour les membres de la cellule familiale (nucl\u00e9aire) qui se trouvent en dehors de l&rsquo;Union europ\u00e9enne, si et une fois que la personne en Belgique a obtenu une protection internationale (c&rsquo;est-\u00e0-dire le statut de r\u00e9fugi\u00e9 ou la protection subsidiaire) ou la nationalit\u00e9 belge. Il n&rsquo;est pas possible de demander le regroupement familial lorsque le parent se trouvant en Belgique est encore soumis \u00e0 la proc\u00e9dure de protection internationale. Toutefois, comme nous l&rsquo;avons mentionn\u00e9, si les membres de votre cellule familiale (nucl\u00e9aire) se trouvent d\u00e9j\u00e0 dans l&rsquo;Union europ\u00e9enne ou en Suisse, au Liechtenstein, en Norv\u00e8ge ou en Islande, un regroupement avec eux est possible m\u00eame si la proc\u00e9dure de protection internationale est encore en cours pour eux.<\/p>\n\n\n\n<p><a href=\"https:\/\/www.unhcr.org\/be\/11451-regroupement-familial-family-reunification.html\">Vous trouverez ici<\/a> de plus amples informations (y compris des vid\u00e9os et des brochures en fran\u00e7ais, n\u00e9erlandais, anglais, pachto, dari, arabe, tigrinya) sur les conditions et la proc\u00e9dure de regroupement familial.<\/p>\n\n\n\n<p>Veuillez noter que <strong>le HCR en Belgique n&rsquo;accepte pas les demandes de regroupement familial et ne prend pas de d\u00e9cision \u00e0 cet \u00e9gard<\/strong>. C&rsquo;est la responsabilit\u00e9 de l&rsquo;<a href=\"https:\/\/dofi.ibz.be\/fr\/themas\/onderdanen-van-derde-landen\/regroupement-familial\">Office de l&rsquo;immigration<\/a>. Le HCR n&rsquo;est pas non plus en mesure d&rsquo;aider financi\u00e8rement les personnes qui souhaitent demander le regroupement familial.<\/p>\n\n\n\n<p>Le HCR a cependant un partenaire d&rsquo;ex\u00e9cution, <a href=\"https:\/\/help.unhcr.org\/belgium\/where-to-seek-help\/general-services-and-helpdesks\/\"><strong>Myria<\/strong><\/a>, qui fournit une assistance et un soutien dans les cas individuels de regroupement familial pour les b\u00e9n\u00e9ficiaires d&rsquo;une protection internationale. En outre, Myria a \u00e9galement \u00e9labor\u00e9 une brochure d\u00e9taill\u00e9e et r\u00e9guli\u00e8rement mise \u00e0 jour sur le regroupement familial pour les b\u00e9n\u00e9ficiaires d&rsquo;une protection internationale, qui <a href=\"https:\/\/www.myria.be\/en\/publications\/brochure-family-reunification-with-beneficiaries-of-international-protection-in-belgium\">peut \u00eatre consult\u00e9e ici<\/a>.<\/p>\n\n\n\n<p>En ce qui concerne l&rsquo;aide financi\u00e8re, on peut se r\u00e9f\u00e9rer \u00e0 <strong>Miles4Migrants<\/strong> (<a href=\"https:\/\/www.miles4migrants.org\/\">https:\/\/www.miles4migrants.org\/)<\/a>, une organisation caritative qui se consacre \u00e0 l&rsquo;utilisation des miles de grand voyageur donn\u00e9s pour aider les personnes touch\u00e9es par la guerre, la pers\u00e9cution ou les catastrophes \u00e0 prendre un nouveau d\u00e9part dans un nouveau foyer.&nbsp;<\/p>\n","protected":false},"excerpt":{"rendered":"<p>Vous r\u00e9sidez actuellement en dehors de la Belgique et souhaitez vous rendre en Belgique. En fonction de votre nationalit\u00e9, vous devrez obtenir un visa avant votre arriv\u00e9e en Belgique. Vous trouverez de plus amples informations sur les conditions et les proc\u00e9dures de demande de visa sur le site web de l&rsquo;Office de l&rsquo;immigration, qui est [&hellip;]<\/p>\n","protected":false},"author":1,"featured_media":0,"parent":0,"menu_order":50,"comment_status":"closed","ping_status":"closed","template":"","meta":{"_acf_changed":false,"footnotes":""},"class_list":["post-331","page","type-page","status-publish","hentry"],"acf":[],"_links":{"self":[{"href":"https:\/\/help.unhcr.org\/belgium\/wp-json\/wp\/v2\/pages\/331","targetHints":{"allow":["GET"]}}],"collection":[{"href":"https:\/\/help.unhcr.org\/belgium\/wp-json\/wp\/v2\/pages"}],"about":[{"href":"https:\/\/help.unhcr.org\/belgium\/wp-json\/wp\/v2\/types\/page"}],"author":[{"embeddable":true,"href":"https:\/\/help.unhcr.org\/belgium\/wp-json\/wp\/v2\/users\/1"}],"replies":[{"embeddable":true,"href":"https:\/\/help.unhcr.org\/belgium\/wp-json\/wp\/v2\/comments?post=331"}],"version-history":[{"count":6,"href":"https:\/\/help.unhcr.org\/belgium\/wp-json\/wp\/v2\/pages\/331\/revisions"}],"predecessor-version":[{"id":803,"href":"https:\/\/help.unhcr.org\/belgium\/wp-json\/wp\/v2\/pages\/331\/revisions\/803"}],"wp:attachment":[{"href":"https:\/\/help.unhcr.org\/belgium\/wp-json\/wp\/v2\/media?parent=331"}],"curies":[{"name":"wp","href":"https:\/\/api.w.org\/{rel}","templated":true}]}}