{"id":1265,"date":"2022-05-27T14:11:22","date_gmt":"2022-05-27T14:11:22","guid":{"rendered":"https:\/\/help.unhcr.org\/belgium\/?page_id=1265"},"modified":"2022-05-27T14:11:23","modified_gmt":"2022-05-27T14:11:23","slug":"traite-des-etres-humains","status":"publish","type":"page","link":"https:\/\/help.unhcr.org\/belgium\/traite-des-etres-humains\/","title":{"rendered":"Traite des \u00eatres humains"},"content":{"rendered":"\n<p>La traite des \u00eatres humains se produit lorsqu&rsquo;une personne est tromp\u00e9e, pi\u00e9g\u00e9e ou contrainte d&rsquo;\u00eatre exploit\u00e9e pour le gain ou le profit d&rsquo;une autre personne. Il s&rsquo;agit d&rsquo;un crime qui peut prendre diverses formes, comme l&rsquo;exploitation sexuelle, le travail forc\u00e9, la servitude domestique, l&rsquo;esclavage ou des pratiques similaires, la violence sexiste, la mendicit\u00e9 forc\u00e9e ou la criminalit\u00e9.<\/p>\n\n\n\n<p>De nombreuses personnes voudront vous aider pendant votre voyage et apr\u00e8s votre arriv\u00e9e en Belgique. Cependant, tout le monde n&rsquo;est pas forc\u00e9ment ce qu&rsquo;il pr\u00e9tend \u00eatre ; certaines personnes peuvent avoir des intentions diff\u00e9rentes et vouloir profiter de votre situation.<\/p>\n\n\n\n<p>Par exemple, elles peuvent vous promettre un h\u00e9bergement, un transport ou de la nourriture gratuite et utiliser ces promesses pour faire pression sur vous afin d\u2019obtenir de votre part des actes sexuels, un travail ou d&rsquo;autres services que vous n&rsquo;acceptez pas. Ils peuvent aussi vouloir vous faire du mal ou prendre vos documents ou autres biens. Si vous pensez \u00eatre victime de trafic humain ou si vous soup\u00e7onnez quelqu&rsquo;un de l&rsquo;\u00eatre, vous devez contacter la police belge, qui peut vous aider.<\/p>\n\n\n\n<p>En cas d&rsquo;urgence ou si vous \u00eates sous le coup d&rsquo;une menace imminente, veuillez appeler le 101\/112.<\/p>\n\n\n\n<p>Vous pouvez \u00e9galement contacter la police&nbsp;:<\/p>\n\n\n\n<ul class=\"wp-block-list\"><li>Au commissariat de votre quartier<\/li><li>\u00c0 d&rsquo;autres num\u00e9ros d&rsquo;urgence pertinents : <a href=\"https:\/\/www.112.be\/fr\/autres-numeros-d-urgence.html\">Autres num\u00e9ros d&rsquo;urgence (112.be)<\/a><\/li><\/ul>\n\n\n\n<p>Chaque contact avec la police sera trait\u00e9 de mani\u00e8re strictement confidentielle.<\/p>\n\n\n\n<p>Vous pouvez \u00e9galement vous adresser \u00e0 l&rsquo;un des trois centres belges sur la traite des \u00eatres humains mentionn\u00e9s ci-dessous, en fonction de la r\u00e9gion o\u00f9 vous vous trouvez :<\/p>\n\n\n\n<ul class=\"wp-block-list\"><li><strong>PAG-ASA (Bruxelles)<\/strong> : <a href=\"https:\/\/pag-asa.be\/fr\/besoin-aide-victimes?lang=true\">Vous pensez \u00eatre une victime ? &#8211; PAG-ASA &#8211; ,<\/a><ul><li>Num\u00e9ro de t\u00e9l\u00e9phone : + 32 (0) 25116464<\/li><\/ul><\/li><li><strong>PAYOKE (Flandres)<\/strong> :&nbsp; <a href=\"https:\/\/www.payoke.be\/contact\/\">Payoke \u2013 Contact<\/a><ul><li>Num\u00e9ro de t\u00e9l\u00e9phone : _+32 (0) 32011690<\/li><\/ul><\/li><li><strong>SURYA (Wallonie)<\/strong> : <a href=\"https:\/\/asblsurya.org\/fr\/\">S\u00dcRYA &#8211; Un parcours vers la dignit\u00e9 (asblsurya.org)<\/a><ul><li>Num\u00e9ro de t\u00e9l\u00e9phone : +32 (0) 42324030<\/li><\/ul><\/li><\/ul>\n\n\n\n<p>Pour de plus amples informations, veuillez \u00e9galement consulter ce site internet du gouvernement belge : <a href=\"https:\/\/info-ukraine.be\/fr\/aide-en-belgique\/je-suis-exploite\">Je suis exploit\u00e9 &#8211; Ukraine (info-ukraine.be)<\/a><\/p>\n\n\n\n<p><strong>Il existe des signes que vous pouvez rep\u00e9rer pour assurer votre s\u00e9curit\u00e9 et celle de votre famille. Par exemple, soyez vigilant si quelqu&rsquo;un&nbsp;:<\/strong><\/p>\n\n\n\n<ul class=\"wp-block-list\"><li>Vous demande votre passeport ou d&rsquo;autres documents d&rsquo;identit\u00e9 (en dehors des autorit\u00e9s publiques, par exemple aux points de contr\u00f4le de l&rsquo;immigration) ;<\/li><li>Vous demande votre t\u00e9l\u00e9phone, votre ordinateur portable ou tout autre moyen de communication ;<\/li><li>Veut vous s\u00e9parer de votre famille ou des personnes avec lesquelles vous voyagez ;<\/li><li>Vous propose un travail qui semble trop beau pour \u00eatre vrai ;&nbsp;<\/li><li>Fait pression sur vous pour que vous effectuiez un travail, des services ou des rapports sexuels (y compris pour rembourser des &laquo;&nbsp;dettes&nbsp;&raquo;) ;<\/li><li>Vous offre une assistance &#8211; comme de la nourriture &#8211; uniquement si vous rendez des &laquo;&nbsp;services&nbsp;&raquo; ;<\/li><li>Promet de vous aider \u00e0 vous enregistrer, \u00e0 vous d\u00e9placer ou \u00e0 vous r\u00e9installer dans un autre pays contre r\u00e9mun\u00e9ration (\u00e0 l&rsquo;exception des frais de transport normaux) ;<\/li><li>Vous engage mais ne vous paie pas, ou ne paie qu&rsquo;une partie de ce qui a \u00e9t\u00e9 promis ;<\/li><li>Vous embauche, mais ne vous offre pas de conditions de travail d\u00e9centes ou limite vos d\u00e9placements, par exemple en prenant vos documents ou en verrouillant la porte.<\/li><\/ul>\n\n\n\n<p><strong>Il existe des mesures que vous pouvez prendre pour rester en s\u00e9curit\u00e9 :<\/strong><\/p>\n\n\n\n<ul class=\"wp-block-list\"><li>Soyez vigilant et suivez votre intuition concernant les personnes que vous ne connaissez pas.<\/li><li>Gardez toujours vos documents. Faites-en des copies sur votre t\u00e9l\u00e9phone et envoyez-les \u00e0 une personne de confiance.<\/li><li>Restez en contact avec votre famille et les autres personnes en qui vous avez confiance.<\/li><li>Connaissez vos droits et sachez o\u00f9 vous pouvez obtenir de l&rsquo;aide.<\/li><li>Recherchez des informations fiables aupr\u00e8s de sources s\u00fbres.<\/li><\/ul>\n\n\n\n<p><strong>Si vous cherchez un lieu d&rsquo;h\u00e9bergement :<\/strong><\/p>\n\n\n\n<ul class=\"wp-block-list\"><li>L&rsquo;Agence f\u00e9d\u00e9rale d&rsquo;accueil, Fedasil, propose et aide les demandeurs de protection internationale et les titulaires d&rsquo;une protection temporaire \u00e0 trouver un logement.<\/li><li>Utilisez si possible des logements propos\u00e9s par des organisations connues.<\/li><li>Si vous utilisez un prestataire de services en ligne, veillez \u00e0 s\u00e9lectionner des h\u00f4tes qui ont une note positive et regardez les avis sur la page.<\/li><li>Si vous logez chez des particuliers, essayez d&rsquo;abord de vous renseigner sur la personne. Vous pouvez lui demander de vous montrer sa pi\u00e8ce d&rsquo;identit\u00e9. N&rsquo;acceptez pas d&rsquo;\u00eatre \u00e9loign\u00e9 de votre famille ou de ceux avec qui vous \u00eates arriv\u00e9, et ne donnez pas vos documents. Demandez si l&rsquo;on attend quelque chose de vous en retour et convenez toujours d&rsquo;un prix \u00e0 l&rsquo;avance.&nbsp; Dites \u00e0 une personne de confiance o\u00f9 vous allez loger et avec qui vous allez loger.<\/li><\/ul>\n\n\n\n<p><strong>Si vous cherchez un moyen de transport :<\/strong><\/p>\n\n\n\n<ul class=\"wp-block-list\"><li>Utilisez des transports propos\u00e9s par des prestataires connus, dans la mesure du possible.<\/li><li>N&rsquo;acceptez pas d&rsquo;\u00eatre \u00e9loign\u00e9 de votre famille ou de ceux avec qui vous \u00eates arriv\u00e9s, et ne donnez pas vos documents. Convenez toujours d&rsquo;un prix \u00e0 l&rsquo;avance.<\/li><\/ul>\n","protected":false},"excerpt":{"rendered":"<p>La traite des \u00eatres humains se produit lorsqu&rsquo;une personne est tromp\u00e9e, pi\u00e9g\u00e9e ou contrainte d&rsquo;\u00eatre exploit\u00e9e pour le gain ou le profit d&rsquo;une autre personne. Il s&rsquo;agit d&rsquo;un crime qui peut prendre diverses formes, comme l&rsquo;exploitation sexuelle, le travail forc\u00e9, la servitude domestique, l&rsquo;esclavage ou des pratiques similaires, la violence sexiste, la mendicit\u00e9 forc\u00e9e ou [&hellip;]<\/p>\n","protected":false},"author":257,"featured_media":0,"parent":0,"menu_order":0,"comment_status":"closed","ping_status":"closed","template":"","meta":{"_acf_changed":false,"footnotes":""},"class_list":["post-1265","page","type-page","status-publish","hentry"],"acf":[],"_links":{"self":[{"href":"https:\/\/help.unhcr.org\/belgium\/wp-json\/wp\/v2\/pages\/1265","targetHints":{"allow":["GET"]}}],"collection":[{"href":"https:\/\/help.unhcr.org\/belgium\/wp-json\/wp\/v2\/pages"}],"about":[{"href":"https:\/\/help.unhcr.org\/belgium\/wp-json\/wp\/v2\/types\/page"}],"author":[{"embeddable":true,"href":"https:\/\/help.unhcr.org\/belgium\/wp-json\/wp\/v2\/users\/257"}],"replies":[{"embeddable":true,"href":"https:\/\/help.unhcr.org\/belgium\/wp-json\/wp\/v2\/comments?post=1265"}],"version-history":[{"count":1,"href":"https:\/\/help.unhcr.org\/belgium\/wp-json\/wp\/v2\/pages\/1265\/revisions"}],"predecessor-version":[{"id":1268,"href":"https:\/\/help.unhcr.org\/belgium\/wp-json\/wp\/v2\/pages\/1265\/revisions\/1268"}],"wp:attachment":[{"href":"https:\/\/help.unhcr.org\/belgium\/wp-json\/wp\/v2\/media?parent=1265"}],"curies":[{"name":"wp","href":"https:\/\/api.w.org\/{rel}","templated":true}]}}