{"id":1170,"date":"2022-04-22T15:38:13","date_gmt":"2022-04-22T15:38:13","guid":{"rendered":"https:\/\/help.unhcr.org\/belgium\/?page_id=1170"},"modified":"2022-04-22T15:38:13","modified_gmt":"2022-04-22T15:38:13","slug":"exploitation-et-violences-sexuelles","status":"publish","type":"page","link":"https:\/\/help.unhcr.org\/belgium\/exploitation-et-violences-sexuelles\/","title":{"rendered":"Exploitation et violences sexuelles"},"content":{"rendered":"\n<p><strong>Protection contre l\u2019exploitation et les violences sexuelles.<\/strong><\/p>\n\n\n\n<p>L\u2019exploitation et les violences sexuelles sont des <strong>comportements inacceptables, <\/strong>formellement interdits pour les employ\u00e9s des Nations Unies ainsi que leurs partenaires. L\u2019ONU applique une politique de <strong>TOL\u00c9RANCE Z\u00c9RO <\/strong>en ce qui concerne l\u2019exploitation et les violences sexuelles.<\/p>\n\n\n\n<p><em>Qu\u2019est-ce que <strong>l\u2019exploitation sexuelle ?<\/strong>&nbsp;<\/em><\/p>\n\n\n\n<p>Un abus effectif ou <em>une tentative d&rsquo;abus<\/em> d&rsquo;une position de vuln\u00e9rabilit\u00e9, de pouvoir diff\u00e9rentiel, ou de confiance, dans des buts sexuels. Cette d\u00e9finition inclut le trafic sexuel ainsi que la prostitution.<\/p>\n\n\n\n<p><em>Qu\u2019est-ce que sont les <strong>violences sexuelles ?<\/strong>&nbsp;<\/em><\/p>\n\n\n\n<p>Tout contact, <em>ou menace de contact<\/em>, de nature sexuelle impos\u00e9 par la force, sous la contrainte ou \u00e0 la faveur d&rsquo;un rapport in\u00e9gal.<\/p>\n\n\n\n<p><strong>Il est interdit aux employ\u00e9s des Nations-Unies et leurs partenaires de :<\/strong><\/p>\n\n\n\n<ul class=\"wp-block-list\"><li>Se livrer \u00e0 un acte sexuel avec quiconque en \u00e9change d\u2019argent, d\u2019un emploi, de traitements pr\u00e9f\u00e9rentiels, de biens ou de services.<\/li><li>Se livrer \u00e0 un acte sexuel avec un mineur de moins de 18 ans.<\/li><li>Se livrer \u00e0 toute autre forme de comportement sexuellement humiliant, d\u00e9gradant ou d&rsquo;exploitation.<\/li><\/ul>\n\n\n\n<p><strong><em>\u2192 Il est important de se rappeler que l\u2019exploitation sexuelle peut avoir lieu n\u2019importe o\u00f9 et \u00e0 n\u2019importe qui \u2013 hommes, femmes, gar\u00e7ons et filles \u2013 \u00e0 n\u2019importe quel \u00e2ge, avec ou sans handicap, ind\u00e9pendamment de son orientation sexuelle ou genre. <\/em><\/strong><strong><em>\u2190<\/em><\/strong><\/p>\n\n\n\n<p><strong>Comment signaler un cas d\u2019exploitation ou de violences sexuelles&nbsp;?<\/strong><\/p>\n\n\n\n<p>Si vous avez connaissance de, avez \u00e9t\u00e9 le t\u00e9moin de, ou \u00eates soumis \u00e0 des actes d\u2019exploitation ou de violences sexuelles par des employ\u00e9s du HCR, des Nations-Unies, des ONGs ou des agents de la fonction publique, <strong>vous pouvez le signaler directement &nbsp;au :<\/strong><\/p>\n\n\n\n<p><strong>Bureau de l\u2019Inspecteur General du HCR, bas\u00e9 au si\u00e8ge du HCR a Gen\u00e8ve, Suisse, par le biais<\/strong>&nbsp;:<\/p>\n\n\n\n<ul class=\"wp-block-list\"><li>Du <a href=\"https:\/\/www.unhcr.org\/igo-complaints.html\">formulaire de plainte en ligne<\/a><\/li><li>Par email confidentiel&nbsp;: <a href=\"mailto:inspector@unhcr.org\" target=\"_blank\" rel=\"noreferrer noopener\">inspector@unhcr.org<\/a>&nbsp;<\/li><li>Par fax confidentiel :&nbsp;+41 22 739 7380<\/li><li>Par courrier postal : 94, rue de Montbrillant, Case postale 2500, 1211, Gen\u00e8ve, Suisse<\/li><li><em>Le bureau de l\u2019Inspecteur garde toute information qu\u2019il re\u00e7oit confidentielle.<\/em><\/li><\/ul>\n\n\n\n<p>Pour contacter le HCR afin d\u2019obtenir de plus amples informations sur le sujet de l\u2019exploitation et des violences sexuelles, ou pour toute autre pr\u00e9occupation ou plainte, veuillez nous contacter au +32 (0) 472 18 92 65, le mardi entre 9:30 et 12:30.<\/p>\n","protected":false},"excerpt":{"rendered":"<p>Protection contre l\u2019exploitation et les violences sexuelles. L\u2019exploitation et les violences sexuelles sont des comportements inacceptables, formellement interdits pour les employ\u00e9s des Nations Unies ainsi que leurs partenaires. L\u2019ONU applique une politique de TOL\u00c9RANCE Z\u00c9RO en ce qui concerne l\u2019exploitation et les violences sexuelles. Qu\u2019est-ce que l\u2019exploitation sexuelle ?&nbsp; Un abus effectif ou une tentative [&hellip;]<\/p>\n","protected":false},"author":257,"featured_media":0,"parent":0,"menu_order":0,"comment_status":"closed","ping_status":"closed","template":"","meta":{"_acf_changed":false,"footnotes":""},"class_list":["post-1170","page","type-page","status-publish","hentry"],"acf":[],"_links":{"self":[{"href":"https:\/\/help.unhcr.org\/belgium\/wp-json\/wp\/v2\/pages\/1170","targetHints":{"allow":["GET"]}}],"collection":[{"href":"https:\/\/help.unhcr.org\/belgium\/wp-json\/wp\/v2\/pages"}],"about":[{"href":"https:\/\/help.unhcr.org\/belgium\/wp-json\/wp\/v2\/types\/page"}],"author":[{"embeddable":true,"href":"https:\/\/help.unhcr.org\/belgium\/wp-json\/wp\/v2\/users\/257"}],"replies":[{"embeddable":true,"href":"https:\/\/help.unhcr.org\/belgium\/wp-json\/wp\/v2\/comments?post=1170"}],"version-history":[{"count":1,"href":"https:\/\/help.unhcr.org\/belgium\/wp-json\/wp\/v2\/pages\/1170\/revisions"}],"predecessor-version":[{"id":1171,"href":"https:\/\/help.unhcr.org\/belgium\/wp-json\/wp\/v2\/pages\/1170\/revisions\/1171"}],"wp:attachment":[{"href":"https:\/\/help.unhcr.org\/belgium\/wp-json\/wp\/v2\/media?parent=1170"}],"curies":[{"name":"wp","href":"https:\/\/api.w.org\/{rel}","templated":true}]}}