{"id":435,"date":"2020-11-03T09:49:15","date_gmt":"2020-11-03T09:49:15","guid":{"rendered":"http:\/\/help.unhcr.org\/belgium\/where-to-seek-help\/children\/"},"modified":"2024-02-16T14:04:30","modified_gmt":"2024-02-16T14:04:30","slug":"children","status":"publish","type":"page","link":"https:\/\/help.unhcr.org\/belgium\/nl\/where-to-seek-help\/children\/","title":{"rendered":"Kinderen"},"content":{"rendered":"\n<h2 class=\"wp-block-heading\">Monitoring instanties<\/h2>\n\n\n\n<h3 class=\"wp-block-heading\">Kinderrechtencommissaris<\/h3>\n\n\n\n<p>Het Vlaams Kinderrechtencommissariaat is een onafhankelijke instantie die controleert of de kinderrechten in Vlaanderen worden gerespecteerd door de centrale en lokale overheden en door priv\u00e9organisaties in het onderwijs, de kinderopvang, het kinderwelzijn en de gezondheidszorg. Het detecteert alarmsignalen van kinderen, jongeren, hun directe omgeving en professionals. Het bemiddelt, onderzoekt klachten en verstrekt beleidsadvies \u2013 altijd met het oog op de goede naleving en toepassing van kinderrechten in Vlaanderen. Meer informatie over de Kinderrechtencommissaris <a href=\"https:\/\/www.kinderrechtencommissariaat.be\/\">is te vinden op deze website<\/a>.<\/p>\n\n\n\n<p>De Kinderrechtencommissaris heeft een <strong>hotline voor kinderen, ouders en professionals die werkzaam zijn op het gebied van kinderrechten<\/strong>, meer informatie daarover <a href=\"https:\/\/www.kinderrechten.be\/\"><strong>is hier te vinden<\/strong><\/a>.<\/p>\n\n\n\n<h3 class=\"wp-block-heading\">D\u00e9l\u00e9gue g\u00e9n\u00e9ral aux droits de l&#8217;enfants <\/h3>\n\n\n\n<p>De D\u00e9l\u00e9gu\u00e9 g\u00e9n\u00e9ral aux droits de l&#8217;enfant is de tegenhanger van de Vlaamse Kinderrechtencommissaris voor de Franse Gemeenschap (Federatie Walloni\u00eb-Brussel). Zijn missie en taken zijn vergelijkbaar met die van de Kinderrechtencommissaris. Meer informatie over de D\u00e9l\u00e9gu\u00e9 g\u00e9n\u00e9ral aux droits de l&#8217;enfant <a href=\"http:\/\/www.dgde.cfwb.be\/\">is te vinden op deze website<\/a>.<\/p>\n\n\n\n<h3 class=\"wp-block-heading\">Federale Ombudsman \u2013 M\u00e9diateur F\u00e9d\u00e9ral<\/h3>\n\n\n\n<p>Zie <a href=\"https:\/\/help.unhcr.org\/belgium\/nl\/where-to-seek-help\/general-services-and-helpdesks\/\">algemene diensten<\/a>. Deze dienst houdt toezicht op de acties van de federale administratieve instanties die met kinderen werken. \u00a0\u00a0<\/p>\n\n\n\n<h2 class=\"wp-block-heading\">Voor niet-begeleide minderjarigen<\/h2>\n\n\n\n<h3 class=\"wp-block-heading\">De Belgische Dienst Voogdij<\/h3>\n\n\n\n<p>De Dienst Voogdij die onder de bevoegdheid valt van de Federale Overheidsdienst Justitie, is verantwoordelijk voor (1) de identificatie van niet-begeleide minderjarigen die in Belgi\u00eb aankomen zonder hun ouders of anderen die voor hen zorgen, (2) het organiseren van medische onderzoeken in geval van twijfel over hun leeftijd, (3) de opvang in centra die afgestemd zijn op hun specifieke noden en (4) voor het aanstellen van voogden voor deze kinderen.<\/p>\n\n\n\n<p>De taken van de voogd bestaan erin het kind in alle administratieve en juridische procedures te vertegenwoordigen en te begeleiden, ervoor te zorgen dat er een duurzame oplossing voor het kind wordt gevonden, dat de rechten van het kind worden ge\u00eberbiedigd, dat er een vertrouwensband wordt opgebouwd en dat zijn of haar vermogen beheerd wordt. Meer informatie is te vinden op de <a href=\"https:\/\/justitie.belgium.be\/nl\/themas_en_dossiers\/kinderen_en_jongeren\/niet-begeleide_minderjarige_vreemdelingen\/dienst_voogdij\">website van de Dienst<\/a>.<\/p>\n\n\n\n<h3 class=\"wp-block-heading\">Plateform Kinderen op de Vlucht<\/h3>\n\n\n\n<p>Het Platform Kinderen op de Vlucht is een nationaal, tweetalig platform bestaande uit 55 organisaties. Het Platform co\u00f6rdineert de acties van professionals die rechtstreeks werken met niet-begeleide en (door hun ouders) begeleide kinderen die op een precaire manier of illegaal in Belgi\u00eb verblijven. <\/p>\n\n\n\n<p>Meer informatie over diensten voor kinderen in Belgi\u00eb en hun contactgegevens <a href=\"https:\/\/www.kinderenopdevlucht.be\/nl\/\">zijn te vinden op de website van het Platform<\/a>.<\/p>\n\n\n\n<h3 class=\"wp-block-heading\">Yapaka<\/h3>\n\n\n\n<p>Yapaka, opgezet op initiatief van de Federatie Walloni\u00eb-Brussel, is een programma ter voorkoming van misbruik met een hotline voor kinderen (103) en volwassenen (107). Daarnaast is er een online tool waarop alle organisaties staan die hulp kunnen bieden aan kinderen, jongeren, ouders en gezinnen. <a href=\"http:\/\/cartographie.yapaka.be\/\">U vindt die hier<\/a> (alleen in het Frans).<\/p>\n\n\n\n<h3 class=\"wp-block-heading\">Manorea Helpdesk<\/h3>\n\n\n\n<p>De Manorea Helpdesk bundelt de expertise van de organisaties <a href=\"https:\/\/minor-ndako.be\/hulpverlening\/\">Minor Ndako<\/a> en <a href=\"https:\/\/www.mentorescale.be\/\">Mentor Escale<\/a> en is gericht op het verstrekken van informatie met betrekking tot de begeleiding van niet-begeleide en gescheiden kinderen. De Manorea Helpdesk spitst zich vooral toe op degenen die betrokken zijn bij het begeleiden van niet-begeleide kinderen naar zelfstandigheid en beantwoordt alle vragen van administratieve, sociale, juridische of andere aard met betrekking tot deze begeleiding.<\/p>\n\n\n\n<p>Meer informatie over de Manorea Helpdesk en de contactgegevens ervan <a href=\"https:\/\/www.mentorescale.be\/onze-werking\/de-helpdesk-manorea-expertise-zelfstandigheid-van-nbmvs\/?lang=nl.\">vindt u op hun website<\/a>.<\/p>\n","protected":false},"excerpt":{"rendered":"<p>Monitoring instanties Kinderrechtencommissaris Het Vlaams Kinderrechtencommissariaat is een onafhankelijke instantie die controleert of de kinderrechten in Vlaanderen worden gerespecteerd door de centrale en lokale overheden en door priv\u00e9organisaties in het onderwijs, de kinderopvang, het kinderwelzijn en de gezondheidszorg. Het detecteert alarmsignalen van kinderen, jongeren, hun directe omgeving en professionals. Het bemiddelt, onderzoekt klachten en verstrekt [&hellip;]<\/p>\n","protected":false},"author":1,"featured_media":0,"parent":307,"menu_order":12,"comment_status":"closed","ping_status":"closed","template":"","meta":{"_acf_changed":false,"footnotes":""},"class_list":["post-435","page","type-page","status-publish","hentry"],"acf":[],"_links":{"self":[{"href":"https:\/\/help.unhcr.org\/belgium\/nl\/wp-json\/wp\/v2\/pages\/435","targetHints":{"allow":["GET"]}}],"collection":[{"href":"https:\/\/help.unhcr.org\/belgium\/nl\/wp-json\/wp\/v2\/pages"}],"about":[{"href":"https:\/\/help.unhcr.org\/belgium\/nl\/wp-json\/wp\/v2\/types\/page"}],"author":[{"embeddable":true,"href":"https:\/\/help.unhcr.org\/belgium\/nl\/wp-json\/wp\/v2\/users\/1"}],"replies":[{"embeddable":true,"href":"https:\/\/help.unhcr.org\/belgium\/nl\/wp-json\/wp\/v2\/comments?post=435"}],"version-history":[{"count":5,"href":"https:\/\/help.unhcr.org\/belgium\/nl\/wp-json\/wp\/v2\/pages\/435\/revisions"}],"predecessor-version":[{"id":1602,"href":"https:\/\/help.unhcr.org\/belgium\/nl\/wp-json\/wp\/v2\/pages\/435\/revisions\/1602"}],"up":[{"embeddable":true,"href":"https:\/\/help.unhcr.org\/belgium\/nl\/wp-json\/wp\/v2\/pages\/307"}],"wp:attachment":[{"href":"https:\/\/help.unhcr.org\/belgium\/nl\/wp-json\/wp\/v2\/media?parent=435"}],"curies":[{"name":"wp","href":"https:\/\/api.w.org\/{rel}","templated":true}]}}