{"id":419,"date":"2020-11-03T09:43:25","date_gmt":"2020-11-03T09:43:25","guid":{"rendered":"http:\/\/help.unhcr.org\/belgium\/where-to-seek-help\/education\/"},"modified":"2023-02-10T09:46:06","modified_gmt":"2023-02-10T09:46:06","slug":"education","status":"publish","type":"page","link":"https:\/\/help.unhcr.org\/belgium\/nl\/where-to-seek-help\/education\/","title":{"rendered":"Onderwijs"},"content":{"rendered":"\n<h3 class=\"wp-block-heading\">Onderwijs voor kinderen<\/h3>\n\n\n\n<p>In Belgi\u00eb bestaat er een leerplicht voor kinderen van 6 tot 18 jaar die (legaal of illegaal) op het grondgebied verblijven.<\/p>\n\n\n\n<p>Afhankelijk van hun talenkennis en niveau kunnen kinderen ingeschreven worden in een \u2018onthaalklas\u2019, als de school zo&#8217;n klas heeft. Zodra voldoende taalvaardigheid en algemene vaardigheden zijn verworven, kunnen ze naar het gewoon onderwijs.<\/p>\n\n\n\n<p>U moet er als ouder op toezien dat uw kind naar school gaat. Het opvangcentrum waar u verblijft zolang uw internationale beschermingsprocedure loopt, kan u op passende wijze ondersteunen. Zo zijn er opvangcentra waar het personeel \u2018huiswerkklassen\u2019 organiseert om kinderen met hun schooltaken te helpen. Meer informatie over onderwijs voor kinderen is <a href=\"https:\/\/www.fedasilinfo.be\/en\/theme\/school-children\">hier te vinden<\/a>.<\/p>\n\n\n\n<h3 class=\"wp-block-heading\">Onderwijs voor volwassenen<\/h3>\n\n\n\n<p>Als aanvrager van internationale bescherming kunt u zich voor een cursus Nederlands of Frans inschrijven bij verschillende instellingen, zoals het <a href=\"https:\/\/www.huisnederlandsbrussel.be\/\">Huis van het Nederlands<\/a>, <a href=\"https:\/\/www.epfc.eu\/\">Enseignement Promotion et Formation Continue<\/a> (EPFC) en organisaties die zich bezighouden met <a href=\"https:\/\/help.unhcr.org\/belgium\/where-to-seek-help\/integration\/\">Integr<\/a><a href=\"https:\/\/help.unhcr.org\/belgium\/nl\/where-to-seek-help\/integration\/\">a<\/a><a href=\"https:\/\/help.unhcr.org\/belgium\/where-to-seek-help\/integration\/\">tie<\/a>.<\/p>\n\n\n\n<p>Erkende vluchtelingen mogen ook studeren aan universiteiten en hogescholen en kunnen soms een studiebeurs genieten. Meer informatie is hier te vinden:<\/p>\n\n\n\n<ul class=\"wp-block-list\"><li>UGent (Universiteit Gent) \u2013 <a href=\"https:\/\/www.ugent.be\/nl\/univgent\/waarvoor-staat-ugent\/diversiteit-en-gender\/vluchtelingen\">bezoek website<\/a><\/li><li>UA (Universiteit Antwerpen) \u2013 <a href=\"https:\/\/www.uantwerpen.be\/nl\/studeren\/internationaal\/internationale-studenten\/vluchtelingen\/\">bezoek website<\/a><\/li><li>VUB (Vrije Universiteit Brussel) \u2013 <a href=\"https:\/\/www.vub.be\/en\/internationalisation-vub\/international-relations-what-we-do-how-you-can-reach-us\/student-refugees-scholars-risk#home\">bezoek website<\/a><\/li><li>KU Leuven (Katholieke Universiteit Leuven) \u2013 <a href=\"https:\/\/www.kuleuven.be\/studentenvoorzieningen\/vluchtelingen\/index.html\">bezoek website<\/a><\/li><li>ULB (Universit\u00e9 Libre de Bruxelles) \u2013 <a href=\"https:\/\/www.ulb.be\/fr\/aides-financieres-et-sociales\/welcome-desk-for-refugees\">bezoek website<\/a><\/li><li>Universit\u00e9 Saint-Louis Bruxelles \u2013 <a href=\"https:\/\/www.usaintlouis.be\/sl\/2925.html\">bezoek website<\/a><\/li><li>UCLouvain (Universit\u00e9 Catholique Louvain) \u2013 <a href=\"https:\/\/uclouvain.be\/en\/discover\/soutien-aux-refugies.html\">bezoek website<\/a><\/li><li>ULi\u00e8ge (Universit\u00e9 de Li\u00e8ge) \u2013 <a href=\"https:\/\/www.uliege.be\/cms\/c_9168266\/en\/support-for-refugees\">bezoek website<\/a><\/li><li>Universit\u00e9 de Namur \u2013 <a href=\"https:\/\/www.unamur.be\/inscription\/refugie\">bezoek website<\/a><\/li><li>UMons (Universit\u00e9 de Mons) \u2013 <a href=\"https:\/\/web.umons.ac.be\/en\/university\/responsible-university\/welcoming-refugees\/\">bezoek website<\/a><\/li><li>IHECS (Institut des Hautes \u00c9tudes des Communications Sociales) \u2013 <a href=\"https:\/\/www.ihecs.be\/\">bezoek website<\/a><\/li><\/ul>\n\n\n\n<p>Als u voor uw aankomst in Belgi\u00eb in een ander land studies hebt aangevangen, kunt u zich aan een universiteit of hogeschool in Belgi\u00eb inschrijven zonder te vragen om erkenning van uw eerdere studies, behalve in bepaalde omstandigheden. Meer informatie is te vinden op de website van de universiteit of hogeschool waar u zich wilt aanmelden.&nbsp;<\/p>\n","protected":false},"excerpt":{"rendered":"<p>Onderwijs voor kinderen In Belgi\u00eb bestaat er een leerplicht voor kinderen van 6 tot 18 jaar die (legaal of illegaal) op het grondgebied verblijven. Afhankelijk van hun talenkennis en niveau kunnen kinderen ingeschreven worden in een \u2018onthaalklas\u2019, als de school zo&#8217;n klas heeft. Zodra voldoende taalvaardigheid en algemene vaardigheden zijn verworven, kunnen ze naar het [&hellip;]<\/p>\n","protected":false},"author":1,"featured_media":0,"parent":307,"menu_order":11,"comment_status":"closed","ping_status":"closed","template":"","meta":{"_acf_changed":false,"footnotes":""},"class_list":["post-419","page","type-page","status-publish","hentry"],"acf":[],"_links":{"self":[{"href":"https:\/\/help.unhcr.org\/belgium\/nl\/wp-json\/wp\/v2\/pages\/419","targetHints":{"allow":["GET"]}}],"collection":[{"href":"https:\/\/help.unhcr.org\/belgium\/nl\/wp-json\/wp\/v2\/pages"}],"about":[{"href":"https:\/\/help.unhcr.org\/belgium\/nl\/wp-json\/wp\/v2\/types\/page"}],"author":[{"embeddable":true,"href":"https:\/\/help.unhcr.org\/belgium\/nl\/wp-json\/wp\/v2\/users\/1"}],"replies":[{"embeddable":true,"href":"https:\/\/help.unhcr.org\/belgium\/nl\/wp-json\/wp\/v2\/comments?post=419"}],"version-history":[{"count":9,"href":"https:\/\/help.unhcr.org\/belgium\/nl\/wp-json\/wp\/v2\/pages\/419\/revisions"}],"predecessor-version":[{"id":1376,"href":"https:\/\/help.unhcr.org\/belgium\/nl\/wp-json\/wp\/v2\/pages\/419\/revisions\/1376"}],"up":[{"embeddable":true,"href":"https:\/\/help.unhcr.org\/belgium\/nl\/wp-json\/wp\/v2\/pages\/307"}],"wp:attachment":[{"href":"https:\/\/help.unhcr.org\/belgium\/nl\/wp-json\/wp\/v2\/media?parent=419"}],"curies":[{"name":"wp","href":"https:\/\/api.w.org\/{rel}","templated":true}]}}