{"id":412,"date":"2020-11-03T09:37:17","date_gmt":"2020-11-03T09:37:17","guid":{"rendered":"http:\/\/help.unhcr.org\/belgium\/where-to-seek-help\/employment\/"},"modified":"2024-02-16T14:02:48","modified_gmt":"2024-02-16T14:02:48","slug":"employment","status":"publish","type":"page","link":"https:\/\/help.unhcr.org\/belgium\/nl\/where-to-seek-help\/employment\/","title":{"rendered":"Tewerkstelling"},"content":{"rendered":"\n<p>Terwijl uw aanvraag voor internationale bescherming (asiel) loopt, hebt u het recht om te werken vanaf <strong>4 maanden <\/strong>na de startdatum van uw aanvraag. Aan dit recht om te werken komt een einde als en wanneer uw aanvraag wordt afgewezen (na de beroepsprocedure voor de RvV).<\/p>\n\n\n\n<p>Als u een beschermingsstatus krijgt, hebt u hetzelfde, onbeperkte recht om in Belgi\u00eb te werken als Belgische staatsburgers.<\/p>\n\n\n\n<p>Elke gewestelijke overheid heeft haar eigen tewerkstellingsdienst die u kan helpen bij het zoeken naar werk, een opleiding of een stage, bij het volgen van taallessen om makkelijker werk te vinden en bij het voorbereiden van een sollicitatiegesprek. De <a href=\"https:\/\/www.vdab.be\/inschrijving\">VDAB<\/a> is de arbeidsbemiddelingsdienst van Vlaanderen, <a href=\"https:\/\/www.leforem.be\/\">Forem<\/a> is die van Walloni\u00eb en <a href=\"https:\/\/www.actiris.brussels\/nl\/burgers\/\">Actiris<\/a> die van Brussel<\/p>\n\n\n\n<p>Als u v\u00f3\u00f3r uw aankomst in Belgi\u00eb een diploma\/kwalificatie hebt behaald in een ander land, kunt u de erkenning van dit document in Belgi\u00eb aanvragen om uw kansen op de arbeidsmarkt te vergroten. De erkenning gebeurt door verschillende entiteiten, naargelang u in de Franse, Vlaamse of Duitse Gemeenschap woont. Meer informatie is <a href=\"https:\/\/www.belgium.be\/nl\/Leren\/internationaal\/diplomas\/gelijkwaardigheid\">hier<\/a> te vinden.<\/p>\n","protected":false},"excerpt":{"rendered":"<p>Terwijl uw aanvraag voor internationale bescherming (asiel) loopt, hebt u het recht om te werken vanaf 4 maanden na de startdatum van uw aanvraag. Aan dit recht om te werken komt een einde als en wanneer uw aanvraag wordt afgewezen (na de beroepsprocedure voor de RvV). Als u een beschermingsstatus krijgt, hebt u hetzelfde, onbeperkte [&hellip;]<\/p>\n","protected":false},"author":1,"featured_media":0,"parent":307,"menu_order":10,"comment_status":"closed","ping_status":"closed","template":"","meta":{"_acf_changed":false,"footnotes":""},"class_list":["post-412","page","type-page","status-publish","hentry"],"acf":[],"_links":{"self":[{"href":"https:\/\/help.unhcr.org\/belgium\/nl\/wp-json\/wp\/v2\/pages\/412","targetHints":{"allow":["GET"]}}],"collection":[{"href":"https:\/\/help.unhcr.org\/belgium\/nl\/wp-json\/wp\/v2\/pages"}],"about":[{"href":"https:\/\/help.unhcr.org\/belgium\/nl\/wp-json\/wp\/v2\/types\/page"}],"author":[{"embeddable":true,"href":"https:\/\/help.unhcr.org\/belgium\/nl\/wp-json\/wp\/v2\/users\/1"}],"replies":[{"embeddable":true,"href":"https:\/\/help.unhcr.org\/belgium\/nl\/wp-json\/wp\/v2\/comments?post=412"}],"version-history":[{"count":6,"href":"https:\/\/help.unhcr.org\/belgium\/nl\/wp-json\/wp\/v2\/pages\/412\/revisions"}],"predecessor-version":[{"id":1596,"href":"https:\/\/help.unhcr.org\/belgium\/nl\/wp-json\/wp\/v2\/pages\/412\/revisions\/1596"}],"up":[{"embeddable":true,"href":"https:\/\/help.unhcr.org\/belgium\/nl\/wp-json\/wp\/v2\/pages\/307"}],"wp:attachment":[{"href":"https:\/\/help.unhcr.org\/belgium\/nl\/wp-json\/wp\/v2\/media?parent=412"}],"curies":[{"name":"wp","href":"https:\/\/api.w.org\/{rel}","templated":true}]}}