{"id":353,"date":"2020-11-03T09:09:48","date_gmt":"2020-11-03T09:09:48","guid":{"rendered":"http:\/\/help.unhcr.org\/belgium\/where-to-seek-help\/financial-assistance\/"},"modified":"2024-02-16T13:57:22","modified_gmt":"2024-02-16T13:57:22","slug":"financial-assistance","status":"publish","type":"page","link":"https:\/\/help.unhcr.org\/belgium\/nl\/where-to-seek-help\/financial-assistance\/","title":{"rendered":"Financi\u00eble bijstand"},"content":{"rendered":"\n<h3 class=\"wp-block-heading\">Tijdens de asielprocedure<\/h3>\n\n\n\n<p>Als aanvrager van internationale bescherming hebt u recht op basisvoorzieningen gedurende de gehele periode waarin uw aanvraag in behandeling is. Deze bijstand bestaat voornamelijk uit voedsel en opvang, sanitaire voorzieningen en kleding (zie <a href=\"https:\/\/help.unhcr.org\/belgium\/nl\/where-to-seek-help\/reception-accommodation\/\">Opvang\/Huisvesting<\/a>).<\/p>\n\n\n\n<p>Als u in een collectief opvangcentrum verblijft, is het centrum verantwoordelijk voor alle basisbehoeften (een bed, maaltijden, sanitaire voorzieningen en medische zorg) en ook voor wat zakgeld. Aanvragers die in individuele woningen wonen, krijgen dezelfde diensten als in de collectieve centra (alleen moeten ze meestal zelf koken) en krijgen een wekelijkse toelage voor voeding en sanitaire voorzieningen.&nbsp;<\/p>\n\n\n\n<h3 class=\"wp-block-heading\">Na de asielprocedure<\/h3>\n\n\n\n<p>Zodra u als vluchteling bent erkend, kan het <a href=\"https:\/\/help.unhcr.org\/belgium\/nl\/where-to-seek-help\/general-services-and-helpdesks\/\">OCMW<\/a> van de gemeente waar u woont u financieel bijstaan wanneer dat nodig is.<\/p>\n\n\n\n<h3 class=\"wp-block-heading\">Financi\u00eble problemen<\/h3>\n\n\n\n<p>UNHCR in Belgi\u00eb kan geen sociale of financi\u00eble bijstand bieden. Indien u financi\u00eble problemen ondervindt, raden wij u aan contact op te nemen met <a href=\"https:\/\/help.unhcr.org\/belgium\/nl\/where-to-seek-help\/general-services-and-helpdesks\/\">een van deze organisaties<\/a> of met een <a href=\"https:\/\/help.unhcr.org\/belgium\/nl\/where-to-seek-help\/legal-aid\/\">(<em>pro deo<\/em>)<\/a> advocaat die u kan informeren over uw rechten en mogelijkheden.<\/p>\n","protected":false},"excerpt":{"rendered":"<p>Tijdens de asielprocedure Als aanvrager van internationale bescherming hebt u recht op basisvoorzieningen gedurende de gehele periode waarin uw aanvraag in behandeling is. Deze bijstand bestaat voornamelijk uit voedsel en opvang, sanitaire voorzieningen en kleding (zie Opvang\/Huisvesting). Als u in een collectief opvangcentrum verblijft, is het centrum verantwoordelijk voor alle basisbehoeften (een bed, maaltijden, sanitaire [&hellip;]<\/p>\n","protected":false},"author":1,"featured_media":0,"parent":307,"menu_order":3,"comment_status":"closed","ping_status":"closed","template":"","meta":{"_acf_changed":false,"footnotes":""},"class_list":["post-353","page","type-page","status-publish","hentry"],"acf":[],"_links":{"self":[{"href":"https:\/\/help.unhcr.org\/belgium\/nl\/wp-json\/wp\/v2\/pages\/353","targetHints":{"allow":["GET"]}}],"collection":[{"href":"https:\/\/help.unhcr.org\/belgium\/nl\/wp-json\/wp\/v2\/pages"}],"about":[{"href":"https:\/\/help.unhcr.org\/belgium\/nl\/wp-json\/wp\/v2\/types\/page"}],"author":[{"embeddable":true,"href":"https:\/\/help.unhcr.org\/belgium\/nl\/wp-json\/wp\/v2\/users\/1"}],"replies":[{"embeddable":true,"href":"https:\/\/help.unhcr.org\/belgium\/nl\/wp-json\/wp\/v2\/comments?post=353"}],"version-history":[{"count":7,"href":"https:\/\/help.unhcr.org\/belgium\/nl\/wp-json\/wp\/v2\/pages\/353\/revisions"}],"predecessor-version":[{"id":1577,"href":"https:\/\/help.unhcr.org\/belgium\/nl\/wp-json\/wp\/v2\/pages\/353\/revisions\/1577"}],"up":[{"embeddable":true,"href":"https:\/\/help.unhcr.org\/belgium\/nl\/wp-json\/wp\/v2\/pages\/307"}],"wp:attachment":[{"href":"https:\/\/help.unhcr.org\/belgium\/nl\/wp-json\/wp\/v2\/media?parent=353"}],"curies":[{"name":"wp","href":"https:\/\/api.w.org\/{rel}","templated":true}]}}