{"id":302,"date":"2020-11-03T08:12:03","date_gmt":"2020-11-03T08:12:03","guid":{"rendered":"http:\/\/help.unhcr.org\/belgium\/asylum-in-belgium\/"},"modified":"2024-03-21T14:57:10","modified_gmt":"2024-03-21T14:57:10","slug":"asylum-in-belgium","status":"publish","type":"page","link":"https:\/\/help.unhcr.org\/belgium\/nl\/asylum-in-belgium\/","title":{"rendered":"Asiel in Belgi\u00eb"},"content":{"rendered":"\n<p class=\"has-vivid-red-color has-text-color\"><em><strong><em>Ter herinnering: asiel <\/em><\/strong><em>is<\/em><strong><em> <\/em><\/strong><em>een vorm van<strong> internationale bescherming<\/strong>. Beide termen worden daarom afwisselend gebruikt op deze pagina.<\/em><\/em><\/p>\n\n\n\n<p>Als u bang bent om terug te keren naar uw land van herkomst (of naar het land waar u eerder verbleef indien u staatloos bent) omdat u ernstig gevaar loopt om redenen die verband houden met uw ras, godsdienst, nationaliteit, politieke overtuiging, het behoren tot een bepaalde sociale groep of u op de vlucht bent voor oorlog, foltering of een onmenselijke en vernederende behandeling, dan kunt u in Belgi\u00eb <strong>asiel (internationale bescherming)<\/strong> aanvragen.<\/p>\n\n\n\n<p>In Belgi\u00eb is de overheid verantwoordelijk voor het behandelen van asielaanvragen (internationale bescherming) en voor het beslissen of iemand bescherming kan krijgen. <strong>In Belgi\u00eb is het derhalve <span style=\"text-decoration: underline\">niet<\/span> de taak van UNHCR om vluchtelingen te registreren, asielaanvragen te onderzoeken en vluchtelingendocumenten uit te reiken.<\/strong><\/p>\n\n\n\n<p>Opgelet:<\/p>\n\n\n\n<ul class=\"wp-block-list\">\n<li>U kunt in Belgi\u00eb alleen internationale bescherming aanvragen als u zich op het Belgisch grondgebied bevindt. <strong>U kunt in Belgi\u00eb geen asiel (internationale bescherming) aanvragen vanuit een ander land.<\/strong><\/li>\n\n\n\n<li>Als u zich in een andere lidstaat van de Europese Unie bevindt en naaste familieleden hebt in Belgi\u00eb, kunt u hen mogelijks vervoegen op grond van de zogenaamde Dublin III-verordening, als aan bepaalde criteria wordt voldaan. Voor meer informatie: zie<a href=\"https:\/\/help.unhcr.org\/belgium\/nl\/family-reunification\/\"><span style=\"text-decoration: underline\"> <\/span>gezinshereniging<\/a>.<\/li>\n<\/ul>\n\n\n\n<p>Verzoeken tot internationale bescherming moeten worden ingediend bij de <a href=\"https:\/\/dofi.ibz.be\/nl\/themes\/international-protection\/verzoek-om-internationale-bescherming\">Dienst Vreemdelingenzaken<\/a>, waar uw verzoek wordt geregistreerd.<\/p>\n\n\n\n<p>Het <a href=\"https:\/\/www.cgrs.be\/nl\">Commissariaat-generaal voor de Vluchtelingen en de Staatlozen (CGVS)<\/a> is in Belgi\u00eb in eerste aanleg het bevoegde orgaan voor internationale bescherming. Het zal uw aanvraag onderzoeken, u interviewen en beslissen u al dan niet bescherming te verlenen, overeenkomstig de Belgische, Europese en internationale wetgeving. Het CGVS kan beslissen:<\/p>\n\n\n\n<ul class=\"wp-block-list\">\n<li>de vluchtelingenstatus te verlenen;<\/li>\n\n\n\n<li>de vluchtelingenstatus te weigeren en de subsidiaire beschermingsstatus verlenen;<\/li>\n\n\n\n<li>zowel de vluchtelingenstatus als de subsidiaire beschermingsstatus te weigeren;<\/li>\n\n\n\n<li>de verzoeker uit te sluiten van een beschermingsstatus.<\/li>\n<\/ul>\n\n\n\n<p>Tijdens de procedure voor internationale bescherming kan het zijn dat u verplicht bent in Belgi\u00eb te blijven. Als u vanuit Belgi\u00eb naar een ander Europees land gaat zonder dat u daarvoor de toelating kreeg en terwijl uw verzoek om internationale bescherming in Belgi\u00eb nog in behandeling is, heeft de overheid van dat land het recht u op grond van de Dublin III-verordening terug te sturen naar Belgi\u00eb. Hetzelfde geldt als u v\u00f3\u00f3r uw aankomst in Belgi\u00eb bescherming hebt aangevraagd in een ander Europees land. In dat geval heeft de Belgische overheid het recht u terug te sturen naar dat land. Meer informatie is <a href=\"https:\/\/dofi.ibz.be\/nl\/themes\/international-protection\/application-international-protection\/dublin\">hier<\/a> terug te vinden.<\/p>\n\n\n\n<p>Als u van het CGVS een negatieve beslissing hebt gekregen, hebt u het recht daartegen in beroep te gaan bij de <a href=\"https:\/\/www.rvv-cce.be\/nl\">Raad voor Vreemdelingenbetwistingen (RvV)<\/a> met bijstand van<a href=\"https:\/\/help.unhcr.org\/belgium\/nl\/where-to-seek-help\/legal-aid\/\"> een (kosteloze) advocaat<\/a>. De termijnen voor dit beroep moeten worden nageleefd en kunnen zeer kort zijn (tussen 10 en 30 dagen, afhankelijk van het beroep). De RvV kan de beslissing bevestigen (weigering), vernietigen (en terugsturen naar het CGVS) of wijzigen (en de eerder geweigerde internationale bescherming alsnog verlenen). Het UNHCR maakt geen deel uit van de nationale procedure voor internationale bescherming in Belgi\u00eb en kan dus geen negatieve beslissingen vernietigen of gedwongen terugkeer naar het land van herkomst tegenhouden.<\/p>\n\n\n\n<p>Indien u over nieuwe elementen beschikt die uw verzoek tot internationale bescherming in Belgi\u00eb kunnen staven nadat u een negatieve beslissing hebt gekregen, kunt u op basis van deze nieuwe elementen een nieuw verzoek tot internationale bescherming indienen. Men spreekt dan van een meervoudige asielaanvraag. U zal in dat geval een verklaring moeten afleggen over deze nieuwe elementen en over de redenen waarom deze elementen niet eerder konden worden voorgelegd. Het CGVS zal uw nieuwe aanvraag vervolgens beoordelen.<\/p>\n\n\n\n<p>Voor meer informatie over de procedure voor internationale bescherming kunt u terecht op <a href=\"https:\/\/www.asyluminbelgium.be\/nl\">deze pagina<\/a> (beschikbaar in Nederlands, Frans, Engels, Spaans, Arabisch, Pashto, Farsi, Tigrinya en Somali) of deze <a href=\"https:\/\/www.cgvs.be\/nl\/publicaties\">pagina<\/a> voor verschillende brochures.<\/p>\n","protected":false},"excerpt":{"rendered":"<p>Ter herinnering: asiel is een vorm van internationale bescherming. Beide termen worden daarom afwisselend gebruikt op deze pagina. Als u bang bent om terug te keren naar uw land van herkomst (of naar het land waar u eerder verbleef indien u staatloos bent) omdat u ernstig gevaar loopt om redenen die verband houden met uw [&hellip;]<\/p>\n","protected":false},"author":1,"featured_media":0,"parent":0,"menu_order":20,"comment_status":"closed","ping_status":"closed","template":"","meta":{"_acf_changed":false,"footnotes":""},"class_list":["post-302","page","type-page","status-publish","hentry"],"acf":[],"_links":{"self":[{"href":"https:\/\/help.unhcr.org\/belgium\/nl\/wp-json\/wp\/v2\/pages\/302","targetHints":{"allow":["GET"]}}],"collection":[{"href":"https:\/\/help.unhcr.org\/belgium\/nl\/wp-json\/wp\/v2\/pages"}],"about":[{"href":"https:\/\/help.unhcr.org\/belgium\/nl\/wp-json\/wp\/v2\/types\/page"}],"author":[{"embeddable":true,"href":"https:\/\/help.unhcr.org\/belgium\/nl\/wp-json\/wp\/v2\/users\/1"}],"replies":[{"embeddable":true,"href":"https:\/\/help.unhcr.org\/belgium\/nl\/wp-json\/wp\/v2\/comments?post=302"}],"version-history":[{"count":13,"href":"https:\/\/help.unhcr.org\/belgium\/nl\/wp-json\/wp\/v2\/pages\/302\/revisions"}],"predecessor-version":[{"id":1644,"href":"https:\/\/help.unhcr.org\/belgium\/nl\/wp-json\/wp\/v2\/pages\/302\/revisions\/1644"}],"wp:attachment":[{"href":"https:\/\/help.unhcr.org\/belgium\/nl\/wp-json\/wp\/v2\/media?parent=302"}],"curies":[{"name":"wp","href":"https:\/\/api.w.org\/{rel}","templated":true}]}}