{"id":327,"date":"2022-03-03T14:33:57","date_gmt":"2022-03-03T14:33:57","guid":{"rendered":"https:\/\/help.unhcr.org\/belarus\/where-to-seek-help\/"},"modified":"2025-12-29T14:11:12","modified_gmt":"2025-12-29T14:11:12","slug":"where-to-seek-help","status":"publish","type":"page","link":"https:\/\/help.unhcr.org\/belarus\/fr\/where-to-seek-help\/","title":{"rendered":"O\u00f9 peut-on trouver de l&rsquo;aide"},"content":{"rendered":"\n<p>Si vous<strong> \u00eates au B\u00e9larus ill\u00e9galement<\/strong> (y compris si votre visa d&rsquo;entr\u00e9e a expir\u00e9), il vous est conseill\u00e9 de prendre connaissance des options l\u00e9gales qui s&rsquo;offrent \u00e0 vous, telles que <a href=\"https:\/\/help.unhcr.org\/belarus\/fr\/how-to-apply-for-voluntary-return\/\" data-type=\"URL\" data-id=\"https:\/\/help.unhcr.org\/belarus\/fr\/how-to-apply-for-voluntary-return\/\">le retour volontaire dans votre pays <\/a>ou <a href=\"https:\/\/help.unhcr.org\/belarus\/fr\/how-to-apply-for-asylum-in-belarus\/\" data-type=\"URL\" data-id=\"https:\/\/help.unhcr.org\/belarus\/fr\/how-to-apply-for-asylum-in-belarus\/\">la demande de protection\/d&rsquo;asile au B\u00e9larus <\/a>si vous craignez de retourner dans votre pays d\u2019origine.<\/p>\n\n\n\n<p>Si vous avez un proche parent ou un membre de votre famille (par exemple, conjoint ou enfants mineurs) dans un autre pays, vous pourriez \u00e9galement \u00eatre en mesure de pr\u00e9senter une<a href=\"https:\/\/help.unhcr.org\/belarus\/fr\/how-to-seek-family-reunification-in-another-country\/\" data-type=\"URL\" data-id=\"https:\/\/help.unhcr.org\/belarus\/fr\/how-to-seek-family-reunification-in-another-country\/\"> demande de r\u00e9unification familiale<\/a> dans ce pays.<\/p>\n\n\n\n<p>Au B\u00e9larus, il existe des organisations qui peuvent vous fournir <strong>des conseils juridiques gratuits<\/strong> concernant la protection \/ asile, l\u2019aide humanitaire (comme la nourriture ou les v\u00eatements) ou <strong>la recherche de membres de la famille port\u00e9s disparus<\/strong>, et de fournir<strong> des informations sur le retour volontaire<\/strong>. Veuillez consulter les coordonn\u00e9es ci-dessous pour obtenir des renseignements suppl\u00e9mentaires.<\/p>\n","protected":false},"excerpt":{"rendered":"<p>Si vous \u00eates au B\u00e9larus ill\u00e9galement (y compris si votre visa d&rsquo;entr\u00e9e a expir\u00e9), il vous est conseill\u00e9 de prendre connaissance des options l\u00e9gales qui s&rsquo;offrent \u00e0 vous, telles que le retour volontaire dans votre pays ou la demande de protection\/d&rsquo;asile au B\u00e9larus si vous craignez de retourner dans votre pays d\u2019origine. Si vous avez [&hellip;]<\/p>\n","protected":false},"author":20,"featured_media":0,"parent":0,"menu_order":0,"comment_status":"closed","ping_status":"closed","template":"page-templates\/sectioned.php","meta":{"_acf_changed":false,"footnotes":""},"class_list":["post-327","page","type-page","status-publish","hentry"],"acf":[],"_links":{"self":[{"href":"https:\/\/help.unhcr.org\/belarus\/fr\/wp-json\/wp\/v2\/pages\/327","targetHints":{"allow":["GET"]}}],"collection":[{"href":"https:\/\/help.unhcr.org\/belarus\/fr\/wp-json\/wp\/v2\/pages"}],"about":[{"href":"https:\/\/help.unhcr.org\/belarus\/fr\/wp-json\/wp\/v2\/types\/page"}],"author":[{"embeddable":true,"href":"https:\/\/help.unhcr.org\/belarus\/fr\/wp-json\/wp\/v2\/users\/20"}],"replies":[{"embeddable":true,"href":"https:\/\/help.unhcr.org\/belarus\/fr\/wp-json\/wp\/v2\/comments?post=327"}],"version-history":[{"count":28,"href":"https:\/\/help.unhcr.org\/belarus\/fr\/wp-json\/wp\/v2\/pages\/327\/revisions"}],"predecessor-version":[{"id":698,"href":"https:\/\/help.unhcr.org\/belarus\/fr\/wp-json\/wp\/v2\/pages\/327\/revisions\/698"}],"wp:attachment":[{"href":"https:\/\/help.unhcr.org\/belarus\/fr\/wp-json\/wp\/v2\/media?parent=327"}],"curies":[{"name":"wp","href":"https:\/\/api.w.org\/{rel}","templated":true}]}}