{"id":314,"date":"2022-03-01T20:17:15","date_gmt":"2022-03-01T20:17:15","guid":{"rendered":"https:\/\/help.unhcr.org\/belarus\/unhcr-role-in-belarus\/"},"modified":"2022-04-29T09:08:06","modified_gmt":"2022-04-29T09:08:06","slug":"unhcr-role-in-belarus","status":"publish","type":"page","link":"https:\/\/help.unhcr.org\/belarus\/fr\/unhcr-role-in-belarus\/","title":{"rendered":"R\u00f4le du HCR de l\u2019ONU au B\u00e9larus"},"content":{"rendered":"\n<p>La Repr\u00e9sentation du HCR de l\u2019ONU est pr\u00e9sent au B\u00e9larus pour collaborer avec les autorit\u00e9s nationales aux niveaux central et r\u00e9gional (r\u00e9gionnel) sur toutes les questions relatives \u00e0 la protection\/asile, y compris le conseil aux demandeurs de protection\/asile et aux personnes prot\u00e9g\u00e9es ; s&rsquo;engager avec les autorit\u00e9s au nom des individus et travailler en \u00e9troite collaboration avec les ONG locales et les partenaires gouvernementaux pour aider les demandeurs de protection\/asile et ont obtenu une protection au B\u00e9larus.<\/p>\n","protected":false},"excerpt":{"rendered":"<p>La Repr\u00e9sentation du HCR de l\u2019ONU est pr\u00e9sent au B\u00e9larus pour collaborer avec les autorit\u00e9s nationales aux niveaux central et r\u00e9gional (r\u00e9gionnel) sur toutes les questions relatives \u00e0 la protection\/asile, y compris le conseil aux demandeurs de protection\/asile et aux personnes prot\u00e9g\u00e9es ; s&rsquo;engager avec les autorit\u00e9s au nom des individus et travailler en \u00e9troite [&hellip;]<\/p>\n","protected":false},"author":1,"featured_media":0,"parent":0,"menu_order":0,"comment_status":"closed","ping_status":"closed","template":"","meta":{"_acf_changed":false,"footnotes":""},"class_list":["post-314","page","type-page","status-publish","hentry"],"acf":[],"_links":{"self":[{"href":"https:\/\/help.unhcr.org\/belarus\/fr\/wp-json\/wp\/v2\/pages\/314","targetHints":{"allow":["GET"]}}],"collection":[{"href":"https:\/\/help.unhcr.org\/belarus\/fr\/wp-json\/wp\/v2\/pages"}],"about":[{"href":"https:\/\/help.unhcr.org\/belarus\/fr\/wp-json\/wp\/v2\/types\/page"}],"author":[{"embeddable":true,"href":"https:\/\/help.unhcr.org\/belarus\/fr\/wp-json\/wp\/v2\/users\/1"}],"replies":[{"embeddable":true,"href":"https:\/\/help.unhcr.org\/belarus\/fr\/wp-json\/wp\/v2\/comments?post=314"}],"version-history":[{"count":1,"href":"https:\/\/help.unhcr.org\/belarus\/fr\/wp-json\/wp\/v2\/pages\/314\/revisions"}],"predecessor-version":[{"id":316,"href":"https:\/\/help.unhcr.org\/belarus\/fr\/wp-json\/wp\/v2\/pages\/314\/revisions\/316"}],"wp:attachment":[{"href":"https:\/\/help.unhcr.org\/belarus\/fr\/wp-json\/wp\/v2\/media?parent=314"}],"curies":[{"name":"wp","href":"https:\/\/api.w.org\/{rel}","templated":true}]}}