{"id":308,"date":"2022-03-01T20:36:57","date_gmt":"2022-03-01T20:36:57","guid":{"rendered":"https:\/\/help.unhcr.org\/belarus\/how-to-report-misconduct\/"},"modified":"2022-04-28T12:54:08","modified_gmt":"2022-04-28T12:54:08","slug":"how-to-report-misconduct","status":"publish","type":"page","link":"https:\/\/help.unhcr.org\/belarus\/fr\/how-to-report-misconduct\/","title":{"rendered":"Comment signaler les faits illicites"},"content":{"rendered":"\n<p>Le HCR de l&rsquo;ONU cherche \u00e0 cr\u00e9er un environnement confiant, respectueux et inclusif dans lequel vous pouvez vous sentir en s\u00e9curit\u00e9.<\/p>\n\n\n\n<p>Toute personne ayant des questions, des pr\u00e9occupations, des plaintes ou des suggestions peut contacter le HCR. <\/p>\n\n\n\n<p>Toute personne qui a des pr\u00e9occupations ou des soup\u00e7ons d\u2019inconduite possible de la part d\u2019un membre du personnel du HCR ou de partenaires d\u2019organisations non gouvernementales du HCR, peu importe le poste occup\u00e9 par le membre du personnel, doit les signaler imm\u00e9diatement.<\/p>\n\n\n\n<h2 class=\"wp-block-heading\">1) Qu&rsquo;est-ce qu&rsquo;un comportement abusif?<\/h2>\n\n\n\n<p>Tous les employ\u00e9s des organisations partenaires de l&rsquo;ONU et du HCR sont tenus de se conformer au Code de conduite. Faits illicites \u00e9ventuels:<\/p>\n\n\n\n<ul class=\"wp-block-list\"><li>Exploitation sexuelle et violence contre les personnes relevant de la comp\u00e9tence de la Repr\u00e9sentation du HCR de l&rsquo;ONU<\/li><li>Fraude (par exemple, falsification de documents)<\/li><li>Corruption (par exemple, prendre de l\u2019argent \u00e0 des r\u00e9fugi\u00e9s ou \u00e0 tiers)<\/li><li>Vol et d\u00e9tournement de fonds (par exemple, le vol d&rsquo;\u00e9quipement ou d&rsquo;argent)<\/li><li>Harc\u00e8lement, y compris le harc\u00e8lement sexuel<\/li><li>Agression, menaces ou vengeance<\/li><\/ul>\n\n\n\n<h2 class=\"wp-block-heading\">2) Comment signaler le comportement abusif?<\/h2>\n\n\n\n<p>En cas des faits illicites, vous pouvez contacter le Bureau de l\u2019Inspecteur g\u00e9n\u00e9ral du HCR de l&rsquo;ONU au si\u00e8ge du HCR \u00e0 Gen\u00e8ve, en Suisse, par les moyens suivants:<\/p>\n\n\n\n<ul class=\"wp-block-list\"><li>via un formulaire <a href=\"https:\/\/www.unhcr.org\/igo-complaints.html\">de contact en ligne<\/a><\/li><li>en envoyant le courriel confidentiel : <a href=\"mailto:inspector@unhcr.org?subject=UNHCR%20complaint\">inspector@unhcr.org<\/a><\/li><li>par poste:<em> 94, rue de Montbrillant, Case postale 2500, 1211 Geneva, Switzerland<\/em><\/li><\/ul>\n\n\n\n<p><strong style=\"color:red\">ATTENCION!<\/strong> Veuillez indiquer sur <strong>le courrier et le courriel<\/strong> qu\u2019ils sont <strong>CONFIDENTIELS<\/strong>.<\/p>\n\n\n\n<p>Pour contacter la Repr\u00e9sentation du HCR pour toute autre demande, y compris le soutien individuel et l\u2019assistance, vous pouvez:<\/p>\n\n\n\n<ul class=\"wp-block-list\"><li>le num\u00e9ro de t\u00e9l\u00e9phone<br><strong>+375 (29) 333-59-49<\/strong> (<em>mobile; disponible pour les appels entrants, SMS et messagerie dans les messagers<\/em>),<br><strong>+375 (17) 328-69-61<\/strong> <em>(fixe)<\/em> ou<br><strong>+375 (17) 328-56-35<\/strong> <em>(fixe)<\/em> ou <\/li><li>envoyer un courriel sur e-mail <a href=\"mailto:blrmi@unhcr.org\">blrmi@unhcr.org<\/a><\/li><\/ul>\n\n\n\n<p><\/p>\n","protected":false},"excerpt":{"rendered":"<p>Le HCR de l&rsquo;ONU cherche \u00e0 cr\u00e9er un environnement confiant, respectueux et inclusif dans lequel vous pouvez vous sentir en s\u00e9curit\u00e9. Toute personne ayant des questions, des pr\u00e9occupations, des plaintes ou des suggestions peut contacter le HCR. Toute personne qui a des pr\u00e9occupations ou des soup\u00e7ons d\u2019inconduite possible de la part d\u2019un membre du personnel [&hellip;]<\/p>\n","protected":false},"author":1,"featured_media":0,"parent":0,"menu_order":0,"comment_status":"closed","ping_status":"closed","template":"","meta":{"_acf_changed":false,"footnotes":""},"class_list":["post-308","page","type-page","status-publish","hentry"],"acf":[],"_links":{"self":[{"href":"https:\/\/help.unhcr.org\/belarus\/fr\/wp-json\/wp\/v2\/pages\/308","targetHints":{"allow":["GET"]}}],"collection":[{"href":"https:\/\/help.unhcr.org\/belarus\/fr\/wp-json\/wp\/v2\/pages"}],"about":[{"href":"https:\/\/help.unhcr.org\/belarus\/fr\/wp-json\/wp\/v2\/types\/page"}],"author":[{"embeddable":true,"href":"https:\/\/help.unhcr.org\/belarus\/fr\/wp-json\/wp\/v2\/users\/1"}],"replies":[{"embeddable":true,"href":"https:\/\/help.unhcr.org\/belarus\/fr\/wp-json\/wp\/v2\/comments?post=308"}],"version-history":[{"count":1,"href":"https:\/\/help.unhcr.org\/belarus\/fr\/wp-json\/wp\/v2\/pages\/308\/revisions"}],"predecessor-version":[{"id":310,"href":"https:\/\/help.unhcr.org\/belarus\/fr\/wp-json\/wp\/v2\/pages\/308\/revisions\/310"}],"wp:attachment":[{"href":"https:\/\/help.unhcr.org\/belarus\/fr\/wp-json\/wp\/v2\/media?parent=308"}],"curies":[{"name":"wp","href":"https:\/\/api.w.org\/{rel}","templated":true}]}}