{"id":305,"date":"2022-03-01T20:07:36","date_gmt":"2022-03-01T20:07:36","guid":{"rendered":"https:\/\/help.unhcr.org\/belarus\/how-to-apply-for-voluntary-return\/"},"modified":"2024-04-25T07:49:40","modified_gmt":"2024-04-25T07:49:40","slug":"how-to-apply-for-voluntary-return","status":"publish","type":"page","link":"https:\/\/help.unhcr.org\/belarus\/fr\/how-to-apply-for-voluntary-return\/","title":{"rendered":"Comment demander une aide au retour volontaire"},"content":{"rendered":"\n<p>Si vous prenez la d\u00e9cision de retourner volontairement dans votre pays d&rsquo;origine ou votre pays de r\u00e9sidence permanente, vous devriez contacter <a href=\"https:\/\/belarus.iom.int\/contact-us\"><strong>l\u2019Organisation internationale pour les migrations (OIM) au B\u00e9larus<\/strong>.<\/a><\/p>\n\n\n\n<p>Vous pouvez \u00e9galement contacter <strong>le consulat de votre pays<\/strong>, notamment si vous rencontrez des probl\u00e8mes de documents et avez besoin, par exemple, d&rsquo;un document de voyage.<\/p>\n","protected":false},"excerpt":{"rendered":"<p>Si vous prenez la d\u00e9cision de retourner volontairement dans votre pays d&rsquo;origine ou votre pays de r\u00e9sidence permanente, vous devriez contacter l\u2019Organisation internationale pour les migrations (OIM) au B\u00e9larus. Vous pouvez \u00e9galement contacter le consulat de votre pays, notamment si vous rencontrez des probl\u00e8mes de documents et avez besoin, par exemple, d&rsquo;un document de voyage.<\/p>\n","protected":false},"author":1,"featured_media":0,"parent":0,"menu_order":0,"comment_status":"closed","ping_status":"closed","template":"","meta":{"_acf_changed":false,"footnotes":""},"class_list":["post-305","page","type-page","status-publish","hentry"],"acf":[],"_links":{"self":[{"href":"https:\/\/help.unhcr.org\/belarus\/fr\/wp-json\/wp\/v2\/pages\/305","targetHints":{"allow":["GET"]}}],"collection":[{"href":"https:\/\/help.unhcr.org\/belarus\/fr\/wp-json\/wp\/v2\/pages"}],"about":[{"href":"https:\/\/help.unhcr.org\/belarus\/fr\/wp-json\/wp\/v2\/types\/page"}],"author":[{"embeddable":true,"href":"https:\/\/help.unhcr.org\/belarus\/fr\/wp-json\/wp\/v2\/users\/1"}],"replies":[{"embeddable":true,"href":"https:\/\/help.unhcr.org\/belarus\/fr\/wp-json\/wp\/v2\/comments?post=305"}],"version-history":[{"count":2,"href":"https:\/\/help.unhcr.org\/belarus\/fr\/wp-json\/wp\/v2\/pages\/305\/revisions"}],"predecessor-version":[{"id":530,"href":"https:\/\/help.unhcr.org\/belarus\/fr\/wp-json\/wp\/v2\/pages\/305\/revisions\/530"}],"wp:attachment":[{"href":"https:\/\/help.unhcr.org\/belarus\/fr\/wp-json\/wp\/v2\/media?parent=305"}],"curies":[{"name":"wp","href":"https:\/\/api.w.org\/{rel}","templated":true}]}}