{"id":299,"date":"2022-03-01T20:27:17","date_gmt":"2022-03-01T20:27:17","guid":{"rendered":"https:\/\/help.unhcr.org\/belarus\/contacting-unhcr\/"},"modified":"2024-04-25T07:51:27","modified_gmt":"2024-04-25T07:51:27","slug":"contacting-unhcr","status":"publish","type":"page","link":"https:\/\/help.unhcr.org\/belarus\/fr\/contacting-unhcr\/","title":{"rendered":"Contactez la Repr\u00e9sentation du HCR de l&rsquo;ONU"},"content":{"rendered":"\n<h2 class=\"wp-block-heading\">Repr\u00e9sentation du HCR de l\u2019ONU au B\u00e9larus <\/h2>\n\n\n\n<p><strong>Contacts<\/strong><\/p>\n\n\n\n<ul class=\"wp-block-list\">\n<li>T\u00e9l\u00e9phone: +375 (29) 333-59-49 <em>(appels, SMS, messageries)<\/em><\/li>\n\n\n\n<li>T\u00e9l\u00e9phone: +375 (17) 328-69-61 <em>(fixe)<\/em><\/li>\n\n\n\n<li>T\u00e9l\u00e9phone: +375 (17) 328-56-35 <em>(fixe)<\/em><\/li>\n\n\n\n<li>Adresse e-mail: blrmiprotection@unhcr.org<\/li>\n\n\n\n<li>Site WEB: <a href=\"https:\/\/www.unhcr.org\/by\/\">https:\/\/www.unhcr.org\/by\/<\/a><\/li>\n<\/ul>\n\n\n\n<p><strong>Adresse<\/strong>:<\/p>\n\n\n\n<p>22 A rue Krasnoarmeyskaya, off. 79-80, 220030 Minsk<\/p>\n\n\n\n<p>G\u00e9olocalisation <a href=\"https:\/\/www.google.com\/maps\/place\/vulica+%C4%8Cyrvonaarmiejskaja+22%D0%B0,+Minsk,+Belarus\/@53.8958511,27.5699779,20z\/data=!4m5!3m4!1s0x46dbcfc6011244a1:0xcf7c78ce69ad1e19!8m2!3d53.89572!4d27.570306\">google maps<\/a> et <a href=\"https:\/\/yandex.by\/maps\/org\/predstavitelstvo_upravleniya_verkhovnogo_komissara_oon_po_delam_bezhentsev_v_rb\/1282046931\/?ll=27.570139%2C53.895818&amp;z=19\">yandex maps<\/a><\/p>\n\n\n\n<p><strong>Horaires<\/strong>:<\/p>\n\n\n\n<p>Lundi &#8211; Vendredi: <\/p>\n\n\n\n<ul class=\"wp-block-list\">\n<li>09:00 \u2013 13:00<\/li>\n\n\n\n<li>14:00 \u2013 18:00<\/li>\n<\/ul>\n\n\n\n<p><strong style=\"color:red\">ATTENTION!<\/strong> La Repr\u00e9sentation du HCR de l&rsquo;ONU re\u00e7oit un grand nombre de courriels et d\u2019appels t\u00e9l\u00e9phoniques et peut ne pas toujours \u00eatre en mesure de r\u00e9pondre ou recevoir une r\u00e9ponse avec un certain retard.<\/p>\n\n\n\n<p><\/p>\n","protected":false},"excerpt":{"rendered":"<p>Repr\u00e9sentation du HCR de l\u2019ONU au B\u00e9larus Contacts Adresse: 22 A rue Krasnoarmeyskaya, off. 79-80, 220030 Minsk G\u00e9olocalisation google maps et yandex maps Horaires: Lundi &#8211; Vendredi: ATTENTION! La Repr\u00e9sentation du HCR de l&rsquo;ONU re\u00e7oit un grand nombre de courriels et d\u2019appels t\u00e9l\u00e9phoniques et peut ne pas toujours \u00eatre en mesure de r\u00e9pondre ou recevoir [&hellip;]<\/p>\n","protected":false},"author":1,"featured_media":0,"parent":0,"menu_order":0,"comment_status":"closed","ping_status":"closed","template":"","meta":{"_acf_changed":false,"footnotes":""},"class_list":["post-299","page","type-page","status-publish","hentry"],"acf":[],"_links":{"self":[{"href":"https:\/\/help.unhcr.org\/belarus\/fr\/wp-json\/wp\/v2\/pages\/299","targetHints":{"allow":["GET"]}}],"collection":[{"href":"https:\/\/help.unhcr.org\/belarus\/fr\/wp-json\/wp\/v2\/pages"}],"about":[{"href":"https:\/\/help.unhcr.org\/belarus\/fr\/wp-json\/wp\/v2\/types\/page"}],"author":[{"embeddable":true,"href":"https:\/\/help.unhcr.org\/belarus\/fr\/wp-json\/wp\/v2\/users\/1"}],"replies":[{"embeddable":true,"href":"https:\/\/help.unhcr.org\/belarus\/fr\/wp-json\/wp\/v2\/comments?post=299"}],"version-history":[{"count":3,"href":"https:\/\/help.unhcr.org\/belarus\/fr\/wp-json\/wp\/v2\/pages\/299\/revisions"}],"predecessor-version":[{"id":601,"href":"https:\/\/help.unhcr.org\/belarus\/fr\/wp-json\/wp\/v2\/pages\/299\/revisions\/601"}],"wp:attachment":[{"href":"https:\/\/help.unhcr.org\/belarus\/fr\/wp-json\/wp\/v2\/media?parent=299"}],"curies":[{"name":"wp","href":"https:\/\/api.w.org\/{rel}","templated":true}]}}