{"id":264,"date":"2022-03-03T14:33:57","date_gmt":"2022-03-03T14:33:57","guid":{"rendered":"https:\/\/help.unhcr.org\/belarus\/where-to-seek-help\/"},"modified":"2025-12-29T14:14:56","modified_gmt":"2025-12-29T14:14:56","slug":"where-to-seek-help","status":"publish","type":"page","link":"https:\/\/help.unhcr.org\/belarus\/es\/where-to-seek-help\/","title":{"rendered":"D\u00f3nde buscar ayuda"},"content":{"rendered":"\n<p><strong>Si est\u00e1s en Belar\u00fas ilegalmente<\/strong> (incluso si tu visado de entrada ha caducado), se te aconseja que busques informaci\u00f3n sobre las opciones legales que te quedan, tales como <a href=\"https:\/\/help.unhcr.org\/belarus\/es\/how-to-apply-for-voluntary-return\/\" data-type=\"URL\" data-id=\"https:\/\/help.unhcr.org\/belarus\/es\/how-to-apply-for-voluntary-return\/\">regresar voluntariamente<\/a> a tu pa\u00eds o <a href=\"https:\/\/help.unhcr.org\/belarus\/es\/how-to-apply-for-asylum-in-belarus\/\" data-type=\"URL\" data-id=\"https:\/\/help.unhcr.org\/belarus\/es\/how-to-apply-for-asylum-in-belarus\/\">solicitar protecci\u00f3n\/asilo en Belar\u00fas<\/a> si tienes miedo de regresar a tu pa\u00eds de origen.<\/p>\n\n\n\n<p>Si tienes un pariente o familiar cercano (por ejemplo, el c\u00f3nyuge o los hijos menores de edad) en otro pa\u00eds, tambi\u00e9n puedes solicitar la <a href=\"https:\/\/help.unhcr.org\/belarus\/es\/how-to-seek-family-reunification-in-another-country\/\" data-type=\"URL\" data-id=\"https:\/\/help.unhcr.org\/belarus\/es\/how-to-seek-family-reunification-in-another-country\/\">reagrupaci\u00f3n familiar<\/a> en ese pa\u00eds.<\/p>\n\n\n\n<p>Hay organizaciones en Belar\u00fas que pueden ofrecerte <strong>asesoramiento jur\u00eddico gratuito<\/strong> sobre protecci\u00f3n\/asilo, asistencia con ayuda humanitaria (por ejemplo, alimentos o ropa) o con la <strong>b\u00fasqueda de familiares desaparecidos<\/strong>, e <strong>informaci\u00f3n sobre el retorno voluntario<\/strong>. Para m\u00e1s informaci\u00f3n, consulta los datos de contacto que figuran a continuaci\u00f3n. <\/p>\n","protected":false},"excerpt":{"rendered":"<p>Si est\u00e1s en Belar\u00fas ilegalmente (incluso si tu visado de entrada ha caducado), se te aconseja que busques informaci\u00f3n sobre las opciones legales que te quedan, tales como regresar voluntariamente a tu pa\u00eds o solicitar protecci\u00f3n\/asilo en Belar\u00fas si tienes miedo de regresar a tu pa\u00eds de origen. Si tienes un pariente o familiar cercano [&hellip;]<\/p>\n","protected":false},"author":20,"featured_media":0,"parent":0,"menu_order":0,"comment_status":"closed","ping_status":"closed","template":"page-templates\/sectioned.php","meta":{"_acf_changed":false,"footnotes":""},"class_list":["post-264","page","type-page","status-publish","hentry"],"acf":[],"_links":{"self":[{"href":"https:\/\/help.unhcr.org\/belarus\/es\/wp-json\/wp\/v2\/pages\/264","targetHints":{"allow":["GET"]}}],"collection":[{"href":"https:\/\/help.unhcr.org\/belarus\/es\/wp-json\/wp\/v2\/pages"}],"about":[{"href":"https:\/\/help.unhcr.org\/belarus\/es\/wp-json\/wp\/v2\/types\/page"}],"author":[{"embeddable":true,"href":"https:\/\/help.unhcr.org\/belarus\/es\/wp-json\/wp\/v2\/users\/20"}],"replies":[{"embeddable":true,"href":"https:\/\/help.unhcr.org\/belarus\/es\/wp-json\/wp\/v2\/comments?post=264"}],"version-history":[{"count":18,"href":"https:\/\/help.unhcr.org\/belarus\/es\/wp-json\/wp\/v2\/pages\/264\/revisions"}],"predecessor-version":[{"id":700,"href":"https:\/\/help.unhcr.org\/belarus\/es\/wp-json\/wp\/v2\/pages\/264\/revisions\/700"}],"wp:attachment":[{"href":"https:\/\/help.unhcr.org\/belarus\/es\/wp-json\/wp\/v2\/media?parent=264"}],"curies":[{"name":"wp","href":"https:\/\/api.w.org\/{rel}","templated":true}]}}