{"id":261,"date":"2022-03-01T19:16:22","date_gmt":"2022-03-01T19:16:22","guid":{"rendered":"https:\/\/help.unhcr.org\/belarus\/homepage\/"},"modified":"2024-02-27T15:02:54","modified_gmt":"2024-02-27T15:02:54","slug":"homepage","status":"publish","type":"page","link":"https:\/\/help.unhcr.org\/belarus\/es\/","title":{"rendered":"Bienvenido"},"content":{"rendered":"\n<p>Bienvenidos al sitio web \u00abAyuda\u00bb gestionado por el Alto Comisionado de las Naciones Unidas para los Refugiados (ACNUR). Aqu\u00ed&nbsp; las personas refugiadas, solicitantes de asilo y ap\u00e1tridas pueden encontrar informaci\u00f3n sobre sus derechos, obligaciones y servicios disponibles en Belar\u00fas.<\/p>\n\n\n\n<p>En este sitio web podr\u00e1s encontrar la siguiente <strong>informaci\u00f3n<\/strong>:<\/p>\n\n\n\n<ul class=\"wp-block-list\">\n<li><a href=\"https:\/\/help.unhcr.org\/belarus\/es\/where-to-seek-help\/\" data-type=\"URL\" data-id=\"https:\/\/help.unhcr.org\/belarus\/es\/where-to-seek-help\/\">D\u00f3nde buscar ayuda<\/a><\/li>\n\n\n\n<li><a href=\"https:\/\/help.unhcr.org\/belarus\/es\/how-to-apply-for-asylum-in-belarus\/\" data-type=\"URL\" data-id=\"https:\/\/help.unhcr.org\/belarus\/es\/how-to-apply-for-asylum-in-belarus\/\">C\u00f3mo solicitar protecci\u00f3n\/asilo en Belar\u00fas<\/a><\/li>\n\n\n\n<li><a href=\"https:\/\/help.unhcr.org\/belarus\/es\/how-to-apply-for-voluntary-return\/\" data-type=\"URL\" data-id=\"https:\/\/help.unhcr.org\/belarus\/es\/how-to-apply-for-voluntary-return\/\">C\u00f3mo regresar voluntariamente a su pa\u00eds de origen<\/a><\/li>\n\n\n\n<li><a href=\"https:\/\/help.unhcr.org\/belarus\/es\/how-to-seek-family-reunification-in-another-country\/\" data-type=\"URL\" data-id=\"https:\/\/help.unhcr.org\/belarus\/es\/how-to-seek-family-reunification-in-another-country\/\">C\u00f3mo solicitar reintegraci\u00f3n familiar en otro pa\u00eds<\/a><\/li>\n\n\n\n<li><a href=\"https:\/\/help.unhcr.org\/belarus\/es\/contacting-unhcr\/\" data-type=\"URL\" data-id=\"https:\/\/help.unhcr.org\/belarus\/es\/contacting-unhcr\/\">C\u00f3mo ponerse en contacto con la Oficina del ACNUR en Belar\u00fas<\/a><\/li>\n\n\n\n<li><a href=\"https:\/\/help.unhcr.org\/belarus\/es\/how-to-report-misconduct\/\" data-type=\"URL\" data-id=\"https:\/\/help.unhcr.org\/belarus\/es\/how-to-report-misconduct\/\">C\u00f3mo comunicar una conducta indebida<\/a><\/li>\n<\/ul>\n\n\n\n<p>Recomendamos que leas la informaci\u00f3n de esta p\u00e1gina y la compartas con tus familiares y amigos.<\/p>\n\n\n\n<p>La p\u00e1gina se actualizar\u00e1 continuamente<\/p>\n\n\n\n<p class=\"has-text-align-center has-background\" style=\"background-color:#fdf799\"><strong>\u00a1 NOTA IMPORTANTE !<\/strong><br><br>Se conocen casos de personas que intentan cruzar ilegalmente la frontera de Belar\u00fas con los pa\u00edses vecinos, como Polonia y Lituania. Tales cruces son peligrosos y pueden provocar problemas graves, enfermedades, lesiones o incluso la muerte. Adem\u00e1s, pueden causar \u2018una separaci\u00f3n prolongada de los miembros de la familia.<br><br>Hay que tener en cuenta que las bajas temperaturas son un peligro para la salud, ya que pueden provocar congelaci\u00f3n e hipotermia. Por desgracia, ya hay casos de muertes por el fr\u00edo en las zonas fronterizas.<br><br>Las condiciones son especialmente peligrosas para los ni\u00f1os y otros grupos vulnerables.<br><br>Ten en cuenta tambi\u00e9n que es posible que se pongan en contacto contigo personas que te den informaci\u00f3n incorrecta o enga\u00f1osa, incluso con el prop\u00f3sito de explotarte o aprovecharse de tu situaci\u00f3n. Busca informaci\u00f3n en las fuentes fiables y mantente alerta ante cualquier actividad fraudulenta que pueda perjudicarte a ti o a tu familia.<br><br>Para saber m\u00e1s sobre las oportunidades disponibles en Belar\u00fas, consulta las secciones: <a href=\"https:\/\/help.unhcr.org\/belarus\/es\/where-to-seek-help\/\" data-type=\"URL\" data-id=\"https:\/\/help.unhcr.org\/belarus\/es\/where-to-seek-help\/\">D\u00f3nde buscar ayuda<\/a>, <a href=\"https:\/\/help.unhcr.org\/belarus\/es\/how-to-apply-for-asylum-in-belarus\/\" data-type=\"URL\" data-id=\"https:\/\/help.unhcr.org\/belarus\/es\/how-to-apply-for-asylum-in-belarus\/\">C\u00f3mo solicitar protecci\u00f3n\/asilo en Belar\u00fas<\/a>, y <a href=\"https:\/\/help.unhcr.org\/belarus\/es\/how-to-apply-for-voluntary-return\/\" data-type=\"URL\" data-id=\"https:\/\/help.unhcr.org\/belarus\/es\/how-to-apply-for-voluntary-return\/\">C\u00f3mo regresar voluntariamente a su pa\u00eds de origen<\/a>.<\/p>\n","protected":false},"excerpt":{"rendered":"<p>Bienvenidos al sitio web \u00abAyuda\u00bb gestionado por el Alto Comisionado de las Naciones Unidas para los Refugiados (ACNUR). Aqu\u00ed&nbsp; las personas refugiadas, solicitantes de asilo y ap\u00e1tridas pueden encontrar informaci\u00f3n sobre sus derechos, obligaciones y servicios disponibles en Belar\u00fas. En este sitio web podr\u00e1s encontrar la siguiente informaci\u00f3n: Recomendamos que leas la informaci\u00f3n de esta [&hellip;]<\/p>\n","protected":false},"author":1,"featured_media":0,"parent":0,"menu_order":0,"comment_status":"closed","ping_status":"closed","template":"","meta":{"_acf_changed":false,"footnotes":""},"class_list":["post-261","page","type-page","status-publish","hentry"],"acf":[],"_links":{"self":[{"href":"https:\/\/help.unhcr.org\/belarus\/es\/wp-json\/wp\/v2\/pages\/261","targetHints":{"allow":["GET"]}}],"collection":[{"href":"https:\/\/help.unhcr.org\/belarus\/es\/wp-json\/wp\/v2\/pages"}],"about":[{"href":"https:\/\/help.unhcr.org\/belarus\/es\/wp-json\/wp\/v2\/types\/page"}],"author":[{"embeddable":true,"href":"https:\/\/help.unhcr.org\/belarus\/es\/wp-json\/wp\/v2\/users\/1"}],"replies":[{"embeddable":true,"href":"https:\/\/help.unhcr.org\/belarus\/es\/wp-json\/wp\/v2\/comments?post=261"}],"version-history":[{"count":4,"href":"https:\/\/help.unhcr.org\/belarus\/es\/wp-json\/wp\/v2\/pages\/261\/revisions"}],"predecessor-version":[{"id":565,"href":"https:\/\/help.unhcr.org\/belarus\/es\/wp-json\/wp\/v2\/pages\/261\/revisions\/565"}],"wp:attachment":[{"href":"https:\/\/help.unhcr.org\/belarus\/es\/wp-json\/wp\/v2\/media?parent=261"}],"curies":[{"name":"wp","href":"https:\/\/api.w.org\/{rel}","templated":true}]}}