{"id":258,"date":"2022-03-01T20:17:15","date_gmt":"2022-03-01T20:17:15","guid":{"rendered":"https:\/\/help.unhcr.org\/belarus\/unhcr-role-in-belarus\/"},"modified":"2022-04-21T12:25:04","modified_gmt":"2022-04-21T12:25:04","slug":"unhcr-role-in-belarus","status":"publish","type":"page","link":"https:\/\/help.unhcr.org\/belarus\/es\/unhcr-role-in-belarus\/","title":{"rendered":"El papel del ACNUR en Belar\u00fas"},"content":{"rendered":"\n<p>El ACNUR est\u00e1 presente en Belar\u00fas para colaborar con las autoridades p\u00fablicas a nivel central y territorial en todas las cuestiones relacionadas con la protecci\u00f3n y el asilo, incluido el asesoramiento a los solicitantes de asilo y a las personas a las que se les ha concedido protecci\u00f3n; el contacto con las autoridades en nombre de ciertas personas; y la estrecha colaboraci\u00f3n con los socios de las ONG locales y del gobierno para ayudar a los que hayan solicitado y obtenido protecci\u00f3n en Belar\u00fas.<\/p>\n","protected":false},"excerpt":{"rendered":"<p>El ACNUR est\u00e1 presente en Belar\u00fas para colaborar con las autoridades p\u00fablicas a nivel central y territorial en todas las cuestiones relacionadas con la protecci\u00f3n y el asilo, incluido el asesoramiento a los solicitantes de asilo y a las personas a las que se les ha concedido protecci\u00f3n; el contacto con las autoridades en nombre [&hellip;]<\/p>\n","protected":false},"author":1,"featured_media":0,"parent":0,"menu_order":0,"comment_status":"closed","ping_status":"closed","template":"","meta":{"_acf_changed":false,"footnotes":""},"class_list":["post-258","page","type-page","status-publish","hentry"],"acf":[],"_links":{"self":[{"href":"https:\/\/help.unhcr.org\/belarus\/es\/wp-json\/wp\/v2\/pages\/258","targetHints":{"allow":["GET"]}}],"collection":[{"href":"https:\/\/help.unhcr.org\/belarus\/es\/wp-json\/wp\/v2\/pages"}],"about":[{"href":"https:\/\/help.unhcr.org\/belarus\/es\/wp-json\/wp\/v2\/types\/page"}],"author":[{"embeddable":true,"href":"https:\/\/help.unhcr.org\/belarus\/es\/wp-json\/wp\/v2\/users\/1"}],"replies":[{"embeddable":true,"href":"https:\/\/help.unhcr.org\/belarus\/es\/wp-json\/wp\/v2\/comments?post=258"}],"version-history":[{"count":1,"href":"https:\/\/help.unhcr.org\/belarus\/es\/wp-json\/wp\/v2\/pages\/258\/revisions"}],"predecessor-version":[{"id":260,"href":"https:\/\/help.unhcr.org\/belarus\/es\/wp-json\/wp\/v2\/pages\/258\/revisions\/260"}],"wp:attachment":[{"href":"https:\/\/help.unhcr.org\/belarus\/es\/wp-json\/wp\/v2\/media?parent=258"}],"curies":[{"name":"wp","href":"https:\/\/api.w.org\/{rel}","templated":true}]}}