{"id":255,"date":"2022-03-01T20:14:54","date_gmt":"2022-03-01T20:14:54","guid":{"rendered":"https:\/\/help.unhcr.org\/belarus\/how-to-seek-family-reunification-in-another-country\/"},"modified":"2023-10-16T07:05:35","modified_gmt":"2023-10-16T07:05:35","slug":"how-to-seek-family-reunification-in-another-country","status":"publish","type":"page","link":"https:\/\/help.unhcr.org\/belarus\/es\/how-to-seek-family-reunification-in-another-country\/","title":{"rendered":"C\u00f3mo solicitar reintegraci\u00f3n familiar en otro pa\u00eds"},"content":{"rendered":"\n<p><strong>La reagrupaci\u00f3n familiar<\/strong> es posible si tienes familiares <strong>que cumplen los criterios para este tr\u00e1mite<\/strong> y viven en un tercer pa\u00eds.<\/p>\n\n\n\n<p>Los criterios y tr\u00e1mites var\u00edan de un pa\u00eds a otro, pero en general debes ser un familiar directo o un miembro de la familia nuclear, un c\u00f3nyuge o una persona a cargo. Por ello, te recomendamos que visites la p\u00e1gina web UNHCR HELP del pa\u00eds donde reside tu familiar para obtener m\u00e1s informaci\u00f3n. A la derecha hay una lista desplegable de pa\u00edses en la que puede seleccionar un pa\u00eds concreto.<\/p>\n\n\n\n<p>Deber\u00e1s indicar el parentesco, la ubicaci\u00f3n y los datos de contacto del familiar en cuesti\u00f3n. Si conoces el estatus legal del familiar que vive en un tercer pa\u00eds, tambi\u00e9n debes indicarlo.<\/p>\n\n\n\n<p><strong><strong style=\"color:red\"><strong>\u00a1ATENCI\u00d3N!<\/strong><\/strong><\/strong> La reagrupaci\u00f3n familiar a veces no es posible. Si est\u00e1s en contacto con tu(s) pariente(s), acons\u00e9jale(s) que consulte(n) con las ONG locales o los abogados si el derecho a la reagrupaci\u00f3n familiar se aplica a tu situaci\u00f3n.<\/p>\n\n\n\n<p><strong style=\"color:red\"><strong><strong style=\"color:red\"><strong>\u00a1ATENCI\u00d3N!<\/strong><\/strong><\/strong><\/strong> El derecho a la reagrupaci\u00f3n familiar es muy limitado y normalmente s\u00f3lo se aplica en los casos en los que se ha concedido el estatus de refugiado o la protecci\u00f3n subsidiaria.<\/p>\n\n\n\n<p>Existe la posibilidad de <strong>reagrupaci\u00f3n familiar en Belar\u00fas<\/strong>. La reagrupaci\u00f3n puede realizarse con <strong>personas que residen en Belar\u00fas: de nacionalidad belarusa, extranjeros o ap\u00e1tridas que tienen un permiso de residencia permanente en Belar\u00fas.<\/strong> Las siguientes categor\u00edas de personas tienen derecho a la reagrupaci\u00f3n familiar en Belar\u00fas:<\/p>\n\n\n\n<ul class=\"wp-block-list\">\n<li>c\u00f3nyuges<\/li>\n\n\n\n<li>Ni\u00f1os menores de 18 a\u00f1os (incluidos los adoptivos)<\/li>\n\n\n\n<li>Ni\u00f1os mayores de 18 a\u00f1os (incluidos los adoptivos) discapacitados, solteros y a cargo de un ciudadano belaruso o de un extranjero o ap\u00e1trida con residencia permanente en Belar\u00fas<\/li>\n\n\n\n<li>Los padres discapacitados y los padres adoptivos que est\u00e1n a cargo de un ciudadano belaruso, un extranjero o un ap\u00e1trida con residencia permanente en Belar\u00fas<\/li>\n<\/ul>\n\n\n\n<p>Madrastra, padrastro, hermanastro, hermanastra de un ciudadano belaruso o de un extranjero o ap\u00e1trida con permiso de residencia permanente en Belar\u00fas, si la persona que los invita para la reagrupaci\u00f3n familiar dispone de una vivienda suficiente para acogerlos y de una fuente de ingresos legal suficiente para mantenerlos<\/p>\n\n\n\n<p><strong style=\"color:red\"><strong><strong style=\"color:red\"><strong>\u00a1ATENCI\u00d3N!<\/strong><\/strong><\/strong><\/strong> Un familiar que cumpla los criterios de reagrupaci\u00f3n familiar en Belar\u00fas gozar\u00e1 de la misma forma de protecci\u00f3n que su pariente en Belar\u00fas (se requiere una solicitud formal de protecci\u00f3n\/asilo con una decisi\u00f3n deliberadamente positiva).<br><strong style=\"color:red\">PERO<\/strong> esta norma s\u00f3lo se aplica si la reagrupaci\u00f3n familiar tiene lugar en el plazo de un a\u00f1o a partir de la fecha en que se notific\u00f3 a la persona la decisi\u00f3n de concederle el estatus de refugiado, protecci\u00f3n subsidiaria o asilo en Belar\u00fas.<\/p>\n\n\n\n<p>Si necesitas ayuda para encontrar a tus <strong>familiares desaparecidos<\/strong>, puedes ponerte en contacto con la Cruz Roja de Belar\u00fas.<\/p>\n","protected":false},"excerpt":{"rendered":"<p>La reagrupaci\u00f3n familiar es posible si tienes familiares que cumplen los criterios para este tr\u00e1mite y viven en un tercer pa\u00eds. Los criterios y tr\u00e1mites var\u00edan de un pa\u00eds a otro, pero en general debes ser un familiar directo o un miembro de la familia nuclear, un c\u00f3nyuge o una persona a cargo. Por ello, [&hellip;]<\/p>\n","protected":false},"author":1,"featured_media":0,"parent":0,"menu_order":0,"comment_status":"closed","ping_status":"closed","template":"","meta":{"_acf_changed":false,"footnotes":""},"class_list":["post-255","page","type-page","status-publish","hentry"],"acf":[],"_links":{"self":[{"href":"https:\/\/help.unhcr.org\/belarus\/es\/wp-json\/wp\/v2\/pages\/255","targetHints":{"allow":["GET"]}}],"collection":[{"href":"https:\/\/help.unhcr.org\/belarus\/es\/wp-json\/wp\/v2\/pages"}],"about":[{"href":"https:\/\/help.unhcr.org\/belarus\/es\/wp-json\/wp\/v2\/types\/page"}],"author":[{"embeddable":true,"href":"https:\/\/help.unhcr.org\/belarus\/es\/wp-json\/wp\/v2\/users\/1"}],"replies":[{"embeddable":true,"href":"https:\/\/help.unhcr.org\/belarus\/es\/wp-json\/wp\/v2\/comments?post=255"}],"version-history":[{"count":2,"href":"https:\/\/help.unhcr.org\/belarus\/es\/wp-json\/wp\/v2\/pages\/255\/revisions"}],"predecessor-version":[{"id":541,"href":"https:\/\/help.unhcr.org\/belarus\/es\/wp-json\/wp\/v2\/pages\/255\/revisions\/541"}],"wp:attachment":[{"href":"https:\/\/help.unhcr.org\/belarus\/es\/wp-json\/wp\/v2\/media?parent=255"}],"curies":[{"name":"wp","href":"https:\/\/api.w.org\/{rel}","templated":true}]}}