{"id":252,"date":"2022-03-01T20:36:57","date_gmt":"2022-03-01T20:36:57","guid":{"rendered":"https:\/\/help.unhcr.org\/belarus\/how-to-report-misconduct\/"},"modified":"2025-04-28T12:32:36","modified_gmt":"2025-04-28T12:32:36","slug":"how-to-report-misconduct","status":"publish","type":"page","link":"https:\/\/help.unhcr.org\/belarus\/es\/how-to-report-misconduct\/","title":{"rendered":"C\u00f3mo comunicar una conducta indebida"},"content":{"rendered":"\n<p>El ACNUR se compromete a crear un entorno de confianza, respeto e inclusi\u00f3n en el que puedas sentirte seguro.<\/p>\n\n\n\n<p>Cualquier persona que tenga preguntas, preocupaciones, quejas o sugerencias puede ponerse en contacto con el ACNUR.<\/p>\n\n\n\n<p>Cualquier persona que tenga preocupaciones o sospechas sobre una posible conducta indebida por parte de un funcionario del ACNUR o de una ONG asociada al ACNUR, independientemente del cargo que \u00e9ste ocupe, debe denunciarlo inmediatamente.<\/p>\n\n\n\n<h2 class=\"wp-block-heading\">1) \u00bfQu\u00e9 es una conducta indebida?<\/h2>\n\n\n\n<p>Todo el personal de la ONU y las organizaciones asociadas al ACNUR est\u00e1n obligados a cumplir el C\u00f3digo de Conducta. Posible conducta indebida:<\/p>\n\n\n\n<ul class=\"wp-block-list\">\n<li>Explotaci\u00f3n sexual y violencia contra las personas de las que se ocupa el ACNUR<\/li>\n\n\n\n<li>Fraude (por ejemplo, falsificaci\u00f3n de un documento)<\/li>\n\n\n\n<li>Corrupci\u00f3n (por ejemplo, aceptar dinero de los refugiados o de otras personas)<\/li>\n\n\n\n<li>Robo y malversaci\u00f3n (por ejemplo, robo de equipos o dinero)<\/li>\n\n\n\n<li>Acoso, incluido el sexual<\/li>\n\n\n\n<li>Agresi\u00f3n, amenazas o venganza<\/li>\n<\/ul>\n\n\n\n<h2 class=\"wp-block-heading\">2) \u00bfC\u00f3mo puedes comunicar una conducta indebida?<\/h2>\n\n\n\n<p>En caso de mala conducta, puedes ponerte en contacto con la Oficina del Inspector General del ACNUR, con sede en Ginebra (Suiza), de los siguientes modos:<\/p>\n\n\n\n<ul class=\"wp-block-list\">\n<li>a trav\u00e9s del formulario de\u00a0 <a href=\"https:\/\/www.unhcr.org\/igo-complaints.html\">contacto en l\u00ednea<\/a><\/li>\n\n\n\n<li>enviando un correo electr\u00f3nico confidencial:\u00a0<a href=\"mailto:inspector@unhcr.org?subject=UNHCR%20complaint\">inspector@unhcr.org<\/a><\/li>\n\n\n\n<li>por correo a: <em>94, rue de Montbrillant, Case postale 2500, 1211 Geneva, Switzerland<\/em><\/li>\n<\/ul>\n\n\n\n<p><strong style=\"color:red\"><strong>\u00a1ATENCI\u00d3N<\/strong>!<\/strong> Por favor, indica en la <strong>correspondencia postal y electr\u00f3nica<\/strong> que es <strong>CONFIDENCIAL<\/strong>.<\/p>\n\n\n\n<p>Para ponerte en contacto con el ACNUR para cualquier otra solicitud, incluido el apoyo y la asistencia individual, puedes<\/p>\n\n\n\n<ul class=\"wp-block-list\">\n<li>llamarnos al<br><strong>+375 (29) 333-59-49<\/strong> (m\u00f3vil; disponible para llamadas entrantes, mensajes de texto y mensajeros)<br><strong>+375 (17) 328-69-61 <\/strong>(tel\u00e9fono fijo) o<br><strong>+375 (17) 328-56-35 <\/strong>(tel\u00e9fono fijo) o<\/li>\n\n\n\n<li>enviar un correo electr\u00f3nico a <a href=\"mailto:blrmi@unhcr.org\">blrmi@unhcr.org<\/a><\/li>\n<\/ul>\n\n\n\n<p><strong style=\"color:red\"><strong>\u00a1ATENCI\u00d3N<\/strong>!<\/strong> Tenga en cuenta que el servicio de migraci\u00f3n en Belar\u00fas se encuentra una alta carga de trabajo, por lo que su solicitud de protecci\u00f3n (asilo) podr\u00eda no ser aceptada el d\u00eda de su presentaci\u00f3n (en algunos casos, la espera puede ser de un mes o m\u00e1s).<\/p>\n\n\n\n<p><\/p>\n","protected":false},"excerpt":{"rendered":"<p>El ACNUR se compromete a crear un entorno de confianza, respeto e inclusi\u00f3n en el que puedas sentirte seguro. Cualquier persona que tenga preguntas, preocupaciones, quejas o sugerencias puede ponerse en contacto con el ACNUR. Cualquier persona que tenga preocupaciones o sospechas sobre una posible conducta indebida por parte de un funcionario del ACNUR o [&hellip;]<\/p>\n","protected":false},"author":1,"featured_media":0,"parent":0,"menu_order":0,"comment_status":"closed","ping_status":"closed","template":"","meta":{"_acf_changed":false,"footnotes":""},"class_list":["post-252","page","type-page","status-publish","hentry"],"acf":[],"_links":{"self":[{"href":"https:\/\/help.unhcr.org\/belarus\/es\/wp-json\/wp\/v2\/pages\/252","targetHints":{"allow":["GET"]}}],"collection":[{"href":"https:\/\/help.unhcr.org\/belarus\/es\/wp-json\/wp\/v2\/pages"}],"about":[{"href":"https:\/\/help.unhcr.org\/belarus\/es\/wp-json\/wp\/v2\/types\/page"}],"author":[{"embeddable":true,"href":"https:\/\/help.unhcr.org\/belarus\/es\/wp-json\/wp\/v2\/users\/1"}],"replies":[{"embeddable":true,"href":"https:\/\/help.unhcr.org\/belarus\/es\/wp-json\/wp\/v2\/comments?post=252"}],"version-history":[{"count":3,"href":"https:\/\/help.unhcr.org\/belarus\/es\/wp-json\/wp\/v2\/pages\/252\/revisions"}],"predecessor-version":[{"id":653,"href":"https:\/\/help.unhcr.org\/belarus\/es\/wp-json\/wp\/v2\/pages\/252\/revisions\/653"}],"wp:attachment":[{"href":"https:\/\/help.unhcr.org\/belarus\/es\/wp-json\/wp\/v2\/media?parent=252"}],"curies":[{"name":"wp","href":"https:\/\/api.w.org\/{rel}","templated":true}]}}