{"id":249,"date":"2022-03-01T20:07:36","date_gmt":"2022-03-01T20:07:36","guid":{"rendered":"https:\/\/help.unhcr.org\/belarus\/how-to-apply-for-voluntary-return\/"},"modified":"2023-08-01T14:36:41","modified_gmt":"2023-08-01T14:36:41","slug":"how-to-apply-for-voluntary-return","status":"publish","type":"page","link":"https:\/\/help.unhcr.org\/belarus\/es\/how-to-apply-for-voluntary-return\/","title":{"rendered":"C\u00f3mo solicitar ayuda para el retorno voluntario"},"content":{"rendered":"\n<p>Si quieres volver a tu pa\u00eds de origen o a tu pa\u00eds de residencia anterior, ponte en contacto con la <strong><a href=\"https:\/\/belarus.iom.int\/contact-us\">Organizaci\u00f3n Internacional para las Migraciones (OIM) en Belar\u00fas.<\/a><\/strong><\/p>\n\n\n\n<p>Tambi\u00e9n puedes <strong>ponerte en contacto con tu consulado<\/strong>, especialmente si tienes problemas con tus documentos y necesitas, por ejemplo, un documento de viaje.<\/p>\n","protected":false},"excerpt":{"rendered":"<p>Si quieres volver a tu pa\u00eds de origen o a tu pa\u00eds de residencia anterior, ponte en contacto con la Organizaci\u00f3n Internacional para las Migraciones (OIM) en Belar\u00fas. Tambi\u00e9n puedes ponerte en contacto con tu consulado, especialmente si tienes problemas con tus documentos y necesitas, por ejemplo, un documento de viaje.<\/p>\n","protected":false},"author":1,"featured_media":0,"parent":0,"menu_order":0,"comment_status":"closed","ping_status":"closed","template":"","meta":{"_acf_changed":false,"footnotes":""},"class_list":["post-249","page","type-page","status-publish","hentry"],"acf":[],"_links":{"self":[{"href":"https:\/\/help.unhcr.org\/belarus\/es\/wp-json\/wp\/v2\/pages\/249","targetHints":{"allow":["GET"]}}],"collection":[{"href":"https:\/\/help.unhcr.org\/belarus\/es\/wp-json\/wp\/v2\/pages"}],"about":[{"href":"https:\/\/help.unhcr.org\/belarus\/es\/wp-json\/wp\/v2\/types\/page"}],"author":[{"embeddable":true,"href":"https:\/\/help.unhcr.org\/belarus\/es\/wp-json\/wp\/v2\/users\/1"}],"replies":[{"embeddable":true,"href":"https:\/\/help.unhcr.org\/belarus\/es\/wp-json\/wp\/v2\/comments?post=249"}],"version-history":[{"count":2,"href":"https:\/\/help.unhcr.org\/belarus\/es\/wp-json\/wp\/v2\/pages\/249\/revisions"}],"predecessor-version":[{"id":528,"href":"https:\/\/help.unhcr.org\/belarus\/es\/wp-json\/wp\/v2\/pages\/249\/revisions\/528"}],"wp:attachment":[{"href":"https:\/\/help.unhcr.org\/belarus\/es\/wp-json\/wp\/v2\/media?parent=249"}],"curies":[{"name":"wp","href":"https:\/\/api.w.org\/{rel}","templated":true}]}}