{"id":246,"date":"2022-03-01T19:26:30","date_gmt":"2022-03-01T19:26:30","guid":{"rendered":"https:\/\/help.unhcr.org\/belarus\/how-to-apply-for-asylum-in-belarus\/"},"modified":"2025-05-05T13:35:07","modified_gmt":"2025-05-05T13:35:07","slug":"how-to-apply-for-asylum-in-belarus","status":"publish","type":"page","link":"https:\/\/help.unhcr.org\/belarus\/es\/how-to-apply-for-asylum-in-belarus\/","title":{"rendered":"C\u00f3mo solicitar protecci\u00f3n\/asilo en Belar\u00fas"},"content":{"rendered":"\n<p class=\"has-medium-font-size\" style=\"text-transform:uppercase\"><mark style=\"background-color:#fcb900\" class=\"has-inline-color\"><a href=\"https:\/\/help.unhcr.org\/belarus\/wp-content\/uploads\/sites\/94\/2022\/10\/SOLICITUD-DE-ASILO-EN-BELARUS.pdf\">Descargar<\/a> EL folleto SOLICITUD DE ASILO EN Belar\u00fas<\/mark><\/p>\n\n\n\n<h2 class=\"wp-block-heading\">1) \u00bfQui\u00e9n es un solicitante de asilo en Belar\u00fas?<\/h2>\n\n\n\n<p>Un solicitante de asilo en Belar\u00fas es un ciudadano (que no sea ciudadano de Belar\u00fas) o un ap\u00e1trida que haya comparecido ante el servicio estatal de migraci\u00f3n y haya presentado oficialmente una solicitud de protecci\u00f3n\/asilo, pero que a\u00fan no haya recibido respuesta.<\/p>\n\n\n\n<p><strong style=\"color:red\"><strong>\u00a1ATENCI\u00d3N<\/strong>!<\/strong> Un ciudadano de Belar\u00fas no puede solicitar protecci\u00f3n\/asilo en Belar\u00fas<\/p>\n\n\n\n<p> <strong style=\"color:red\"><strong>\u00a1ATENCI\u00d3N<\/strong>!<\/strong> El ACNUR no est\u00e1 autorizada a aceptar solicitudes de protecci\u00f3n\/asilo que han de presentarse a las autoridades estatales competentes.<\/p>\n\n\n\n<h2 class=\"wp-block-heading\">2) \u00bfQui\u00e9n puede solicitar protecci\u00f3n\/asilo en Belar\u00fas?<\/h2>\n\n\n\n<p>Los nacionales extranjeros (no belarusos) que se encuentran fuera de su pa\u00eds de origen y los ap\u00e1tridas que se encuentran fuera de su pa\u00eds de residencia habitual y que declaran tener miedo de volver a dicho pa\u00eds debido a un riesgo grave de malos tratos o que declaran tener miedo de ser perseguidos por su raza, religi\u00f3n, nacionalidad, opini\u00f3n pol\u00edtica o pertenencia a un cierto grupo social.<\/p>\n\n\n\n<h2 class=\"wp-block-heading\">3) \u00bfC\u00f3mo y d\u00f3nde solicitar protecci\u00f3n\/asilo en Belar\u00fas?<\/h2>\n\n\n\n<p>Por lo general, puedes solicitar protecci\u00f3n\/asilo en Belar\u00fas a pesar de tu situaci\u00f3n legal en Belar\u00fas.<\/p>\n\n\n\n<p>Tienes que solicitar la protecci\u00f3n\/asilo <strong>personalmente<\/strong>:<\/p>\n\n\n\n<ul class=\"wp-block-list\">\n<li>ante el Servicio Estatal de Migraci\u00f3n, es decir, el Departamento de Ciudadan\u00eda y Migraci\u00f3n de la ciudad de Minsk, la provincia de Minsk, la provincia de Brest, la provincia de Gomel, la provincia de Grodno, la provincia de Mogilev o la provincia de Vitebsk<\/li>\n\n\n\n<li>a un oficial de la guardia fronteriza al llegar a Belar\u00fas (tambi\u00e9n si te encuentras en un puesto fronterizo y no se te permite cruzar la frontera hacia Belar\u00fas)<\/li>\n\n\n\n<li>a un oficial de la guardia fronteriza si te han detenido por cruzar la frontera ilegalmente o por intentar hacerlo<\/li>\n\n\n\n<li>a un oficial de la guardia fronteriza o de las autoridades de asuntos internos (polic\u00eda) si te han detenido por permanecer o residir ilegalmente en Belar\u00fas<\/li>\n\n\n\n<li>a las autoridades de asuntos internos (polic\u00eda) si te han detenido con vistas a la deportaci\u00f3n o expulsi\u00f3n de Belar\u00fas<\/li>\n\n\n\n<li>a la administraci\u00f3n del centro de prisi\u00f3n preventiva o del \u00f3rgano de interrogaci\u00f3n si te han detenido con vistas a la extradici\u00f3n<\/li>\n<\/ul>\n\n\n\n<p>En cualquier caso, deber\u00e1s declarar expl\u00edcitamente que deseas solicitar protecci\u00f3n\/asilo en Belar\u00fas. En ese caso, las autoridades se ver\u00e1n obligadas a aceptar tu solicitud.<\/p>\n\n\n\n<p><strong style=\"color:red\"><strong>\u00a1ATENCI\u00d3N<\/strong>!<\/strong> Es muy recomendable que solicites protecci\u00f3n\/asilo lo antes posible, ya que esto demuestra tu sincera intenci\u00f3n de buscar protecci\u00f3n en Belar\u00fas.<\/p>\n\n\n\n<p> <strong style=\"color:red\"><strong>\u00a1ATENCI\u00d3N<\/strong>!<\/strong> El hecho de que hayas estado en Belar\u00fas durante alg\u00fan tiempo antes de solicitar protecci\u00f3n\/asilo no supone que no sea aceptada tu solicitud de protecci\u00f3n\/asilo.<\/p>\n\n\n\n<p> <strong style=\"color:red\"><strong>\u00a1ATENCI\u00d3N<\/strong>!<\/strong> Est\u00e1s obligado a cumplir las leyes y reglamentos de Belar\u00fas y a cooperar con las autoridades. Una vez que hayas presentado tu solicitud de protecci\u00f3n\/asilo, debes seguir el procedimiento establecido.<\/p>\n\n\n\n<p><strong style=\"color:red\"><strong>\u00a1ATENCI\u00d3N<\/strong>!<\/strong> Tenga en cuenta que el servicio de migraci\u00f3n en Belar\u00fas se encuentra una alta carga de trabajo, por lo que su solicitud de protecci\u00f3n (asilo) podr\u00eda no ser aceptada el d\u00eda de su presentaci\u00f3n (en algunos casos, la espera puede ser de un mes o m\u00e1s).<\/p>\n\n\n\n<h2 class=\"wp-block-heading\">4) Confidencialidad de la informaci\u00f3n<\/h2>\n\n\n\n<p>Toda la <strong>informaci\u00f3n que facilites cuando solicites protecci\u00f3n\/asilo <\/strong>(documentos, notas tomadas durante la entrevista contigo) <strong>ser\u00e1 de car\u00e1cter confidencial<\/strong>. Esto significa que no se divulgar\u00e1 sin tu consentimiento expl\u00edcito. En cualquier caso, la informaci\u00f3n no se comunicar\u00e1 al pa\u00eds de nacionalidad o de residencia habitual anterior.<\/p>\n\n\n\n<p> <strong style=\"color:red\"><strong>\u00a1ATENCI\u00d3N<\/strong>!<\/strong> Cuando solicites protecci\u00f3n\/asilo, puedes dar permiso para que tus datos sean compartidos con el ACNUR.<\/p>\n\n\n\n<h2 class=\"wp-block-heading\">5) Condiciones de alojamiento<\/h2>\n\n\n\n<p>Mientras se tramita su solicitud de protecci\u00f3n\/asilo y solo seg\u00fan disponibilidad de lugares, las autoridades estatales competentes en materia de protecci\u00f3n\/asilo pueden enviar a un solicitante de asilo a otra regi\u00f3n de Belar\u00fas para que se permanezca all\u00ed en un centro de acogida temporal gestionado por las autoridades p\u00fablicas de las regiones.  <\/p>\n\n\n\n<p> <strong style=\"color:red\"><strong style=\"color:red\"><strong>\u00a1ATENCI\u00d3N<\/strong>!<\/strong><\/strong> Conforme a las leyes belarusas, puede haber circunstancias en las que un solicitante de asilo puede ser detenido. Esto puede ocurrir en las siguientes circunstancias:<\/p>\n\n\n\n<ul class=\"wp-block-list\">\n<li>para identificar a un solicitante de asilo que no tenga documentos de identidad v\u00e1lidos en el momento de solicitar protecci\u00f3n\/asilo<\/li>\n\n\n\n<li>si la autoridad p\u00fablica responsable de la protecci\u00f3n\/asilo estima que la solicitud de protecci\u00f3n\/asilo de una persona tiene un car\u00e1cter abusivo o poco razonable<\/li>\n<\/ul>\n\n\n\n<h2 class=\"wp-block-heading\">6) Entrevista de protecci\u00f3n\/asilo<\/h2>\n\n\n\n<p>La entrevista de protecci\u00f3n \/ asilo es <strong>una parte muy importante del procedimiento de concesi\u00f3n de protecci\u00f3n \/ asilo<\/strong>. La lleva a cabo un funcionario del servicio estatal de migraci\u00f3n. La entrevista de protecci\u00f3n\/asilo es una oportunidad para que proporciones toda la informaci\u00f3n posible para apoyar tu solicitud. No olvides aportar todos los documentos y pruebas escritas que apoyen tu solicitud <em>(si los hay):<\/em><\/p>\n\n\n\n<ul class=\"wp-block-list\">\n<li>Documentos de identidad (por ejemplo, pasaporte, tarjeta de identidad, documentos de viaje).<\/li>\n\n\n\n<li>Documentos personales y documentos que acrediten tu situaci\u00f3n social (por ejemplo, certificados de nacimiento y\/o matrimonio y\/o divorcio, documentos relativos a la custodia).<\/li>\n\n\n\n<li>Documentos educativos (por ejemplo, certificados escolares \/ t\u00edtulos universitarios).<\/li>\n\n\n\n<li>Documentos relacionados con el trabajo (por ejemplo, certificado, cartilla de trabajo, tarjeta).<\/li>\n\n\n\n<li>Tarjetas\/certificados de afiliaci\u00f3n (por ejemplo, de partidos pol\u00edticos, organizaciones no gubernamentales, asociaciones).<\/li>\n\n\n\n<li>Cualquier otro documento oficial expedido por funcionarios de tu pa\u00eds de nacionalidad o residencia habitual anterior.<\/li>\n<\/ul>\n\n\n\n<p><strong style=\"color:red\"><strong style=\"color:red\"><strong style=\"color:red\"><strong>\u00a1ATENCI\u00d3N<\/strong>!<\/strong><\/strong><\/strong> El no tener los documentos o pruebas pertinentes no constituye un motivo para que se tome una decisi\u00f3n negativa respecto a tu solicitud. La entrevista es una oportunidad para establecer los hechos, evaluar las preocupaciones sobre el retorno y los motivos por los que se puede conceder protecci\u00f3n o asilo. Durante la entrevista de protecci\u00f3n\/asilo debes dar todas las explicaciones y detalles necesarios. El ACNUR tomar\u00e1 las medidas necesarias para ayudarte a fijar la hora de la cita y te proporcionar\u00e1 la informaci\u00f3n pertinente.<\/p>\n\n\n\n<p><strong style=\"color:red\"><strong style=\"color:red\"><strong style=\"color:red\"><strong style=\"color:red\"><strong>\u00a1ATENCI\u00d3N<\/strong>!<\/strong><\/strong><\/strong> <\/strong>Debes comparecer a la hora se\u00f1alada para la entrevista y seguir todos los dem\u00e1s tr\u00e1mites, pues de lo contrario es posible que se tome una decisi\u00f3n por la que se desista de tu solicitud. Por lo general, la traducci\u00f3n (&#8220;interpretaci\u00f3n&#8221;) para solicitar protecci\u00f3n o asilo es facilitada por el ACNUR o por una organizaci\u00f3n no gubernamental asociada al ACNUR.<\/p>\n\n\n\n<p><strong style=\"color:red\"><strong style=\"color:red\"><strong style=\"color:red\"><strong style=\"color:red\"><strong style=\"color:red\"><strong>\u00a1ATENCI\u00d3N<\/strong>!<\/strong><\/strong><\/strong><\/strong><\/strong> Tanto t\u00fa como tus familiares deb\u00e9is estar preparados para la(s) entrevista(s) de protecci\u00f3n\/asilo realizada(s) por el servicio estatal de migraci\u00f3n. El Departamento de Inmigraci\u00f3n os notificar\u00e1 a ti y a tu familia la fecha y la hora de la(s) entrevista(s) de protecci\u00f3n\/asilo.<\/p>\n\n\n\n<p><strong style=\"color:red\"><strong style=\"color:red\"><strong style=\"color:red\"><strong style=\"color:red\"><strong style=\"color:red\"><strong style=\"color:red\"><strong>\u00a1ATENCI\u00d3N<\/strong>!<\/strong><\/strong><\/strong><\/strong><\/strong> <\/strong>Por favor, aseg\u00farate de proporcionar informaci\u00f3n veraz durante todo el procedimiento de protecci\u00f3n\/asilo en Belar\u00fas.<\/p>\n\n\n\n<p> <strong style=\"color:red\"><strong style=\"color:red\"><strong style=\"color:red\"><strong style=\"color:red\"><strong style=\"color:red\"><strong style=\"color:red\"><strong>\u00a1ATENCI\u00d3N<\/strong>!<\/strong><\/strong><\/strong><\/strong><\/strong><\/strong> Las leyes belarusas no proh\u00edben la contrataci\u00f3n de un abogado para un solicitante de asilo. Pero ese abogado debe disponer de una licencia para poder actuar en representaci\u00f3n de una persona. Por desgracia, ni el personal del ACNUR ni el personal\/abogados del Servicio de Asesoramiento a los Refugiados, el socio jur\u00eddico del ACNUR, disponen de esta licencia. Por su parte, el ACNUR y la organizaci\u00f3n no gubernamental asociada al ACNUR ofrecen asesoramiento jur\u00eddico gratuito sobre diversas cuestiones relacionadas con la protecci\u00f3n y el asilo.<\/p>\n\n\n\n<h2 class=\"wp-block-heading\">7) Documentos que se emiten a los solicitantes de asilo<\/h2>\n\n\n\n<p>Al presentar tu solicitud de protecci\u00f3n\/asilo en el Servicio Estatal de Migraci\u00f3n, recibir\u00e1s un <strong>certificado de aceptaci\u00f3n de tu solicitud de protecci\u00f3n\/asilo en Belar\u00fas.<\/strong><\/p>\n\n\n\n<p>Una vez que hayas sido entrevistado para solicitar protecci\u00f3n\/asilo, el Servicio Estatal de Migraci\u00f3n registrar\u00e1 tu solicitud de protecci\u00f3n\/asilo y emitir\u00e1 un <strong>certificado de registro de tu solicitud de protecci\u00f3n\/asilo en Belar\u00fas.<\/strong> Este documento te acompa\u00f1ar\u00e1 hasta el fin del tr\u00e1mite de concesi\u00f3n de protecci\u00f3n estatal\/asilo.<\/p>\n\n\n\n<p><strong style=\"color:red\"><strong style=\"color:red\"><strong style=\"color:red\"><strong style=\"color:red\"><strong style=\"color:red\"><strong style=\"color:red\"><strong style=\"color:red\"><strong>\u00a1ATENCI\u00d3N<\/strong>!<\/strong><\/strong><\/strong><\/strong><\/strong><\/strong><\/strong> Tu pasaporte se conservar\u00e1 en la oficina del Servicio Estatal de Migraci\u00f3n mientras dure el tr\u00e1mite oficial de concesi\u00f3n de protecci\u00f3n\/asilo.<\/p>\n\n\n\n<h2 class=\"wp-block-heading\">8) Documentos que se emiten a los que se les ha concedido protecci\u00f3n en Belar\u00fas<\/h2>\n\n\n\n<p>Si se te concede <strong>el estatus de refugiado<\/strong> en Belar\u00fas, se te emitir\u00e1 el <strong>certificado de refugiado<\/strong> que confirma que se te ha concedido el estatus de refugiado y tambi\u00e9n identifica tu identidad.<\/p>\n\n\n\n<p>El estatus de refugiado tambi\u00e9n te permite obtener un <strong>permiso de residencia permanente en Belar\u00fas.<\/strong><\/p>\n\n\n\n<p><strong style=\"color:red\"><strong style=\"color:red\"><strong style=\"color:red\"><strong style=\"color:red\"><strong style=\"color:red\"><strong style=\"color:red\"><strong style=\"color:red\"><strong style=\"color:red\"><strong>\u00a1ATENCI\u00d3N<\/strong>!<\/strong><\/strong><\/strong><\/strong><\/strong><\/strong><\/strong><\/strong> El Servicio Estatal de Migraci\u00f3n se encargar\u00e1 de conservar tu pasaporte.<\/p>\n\n\n\n<p>Sin embargo, es posible que puedas recibir otros documentos adem\u00e1s de tu tarjeta de identidad de refugiado.<\/p>\n\n\n\n<ul class=\"wp-block-list\">\n<li><strong>permiso de residencia <\/strong>(acredita tu identidad, se expide una vez que se te ha concedido el permiso de residencia permanente en Belar\u00fas sobre la base del estatus de refugiado concedido, s\u00f3lo se puede utilizar en Belar\u00fas)<\/li>\n\n\n\n<li><strong>documento de viaje<\/strong> (expedido en base al estatus de refugiado concedido a tu petici\u00f3n\/solicitud, v\u00e1lido para viajar fuera de Belar\u00fas)<\/li>\n<\/ul>\n\n\n\n<p>Si se te ha concedido la <strong>protecci\u00f3n subsidiaria<\/strong> en Belar\u00fas, recibir\u00e1s un <strong>certificado de protecci\u00f3n subsidiaria<\/strong> (confirmando que se te ha concedido la protecci\u00f3n subsidiaria). La protecci\u00f3n subsidiaria te permite obtener un permiso de residencia temporal de hasta 1 a\u00f1o (renovable).<\/p>\n\n\n\n<p><strong style=\"color:red\"><strong style=\"color:red\"><strong style=\"color:red\"><strong style=\"color:red\"><strong style=\"color:red\"><strong style=\"color:red\"><strong style=\"color:red\"><strong style=\"color:red\"><strong style=\"color:red\"><strong>\u00a1ATENCI\u00d3N<\/strong>!<\/strong><\/strong><\/strong><\/strong><\/strong><\/strong><\/strong><\/strong><\/strong> El Servicio Estatal de Migraci\u00f3n te devolver\u00e1 el pasaporte una vez que se te haya concedido la protecci\u00f3n subsidiaria.<\/p>\n\n\n\n<h2 class=\"wp-block-heading\">9) Derechos y obligaciones (de los solicitantes de asilo)<\/h2>\n\n\n\n<p>Los solicitantes de asilo tienen las siguientes obligaciones:<\/p>\n\n\n\n<ul class=\"wp-block-list\">\n<li>Respetar las leyes y reglamentos de Belar\u00fas.<\/li>\n\n\n\n<li>Someterse a un examen m\u00e9dico obligatorio y a un registro obligatorio de huellas dactilares como parte del tr\u00e1mite de protecci\u00f3n\/asilo (gratuito).<\/li>\n<\/ul>\n\n\n\n<p>Los solicitantes de asilo tienen los siguientes derechos y facultades:<\/p>\n\n\n\n<ul class=\"wp-block-list\">\n<li>Atenci\u00f3n sanitaria:\n<ul class=\"wp-block-list\">\n<li>Hijos de solicitantes de asilo: todo tipo de asistencia sanitaria en igualdad de condiciones con los ciudadanos de Belar\u00fas<\/li>\n\n\n\n<li>solicitantes de asilo adultos: s\u00f3lo se les presta atenci\u00f3n m\u00e9dica de urgencia de forma gratuita<\/li>\n<\/ul>\n<\/li>\n<\/ul>\n\n\n\n<ul class=\"wp-block-list\">\n<li>Educaci\u00f3n preescolar y escolar (hasta la secundaria) para los hijos de los solicitantes de asilo en igualdad de condiciones con los nacionales.<\/li>\n\n\n\n<li>Empleo de los solicitantes de asilo adultos en igualdad de condiciones con los extranjeros que residen permanentemente en Belar\u00fas, es decir, sin necesidad de obtener un permiso especial.<\/li>\n\n\n\n<li>Protecci\u00f3n contra el retorno forzoso (expulsi\u00f3n) al pa\u00eds de origen o de residencia permanente anterior mientras las autoridades del Servicio Estatal de Migraci\u00f3n de Belar\u00fas examinan la solicitud de protecci\u00f3n\/asilo.<\/li>\n\n\n\n<li>Exenci\u00f3n de la sanci\u00f3n por entrar ilegalmente en Belar\u00fas y por residir ilegalmente en el pa\u00eds (si el solicitante de asilo ha entrado ilegalmente para pedir asilo y lo ha solicitado al servicio estatal de migraci\u00f3n lo antes posible).<\/li>\n\n\n\n<li>Obtenci\u00f3n de documentos mientras dure el tr\u00e1mite oficial de protecci\u00f3n\/asilo (que sustituye a un pasaporte o cualquier otro documento de identidad que sea retirado temporalmente por el servicio estatal de migraci\u00f3n).<\/li>\n\n\n\n<li>Recibir ayuda financiera del Gobierno de Belar\u00fas para comprar alimentos (suma fija), ropa (suma fija), para cubrir los gastos de de alojamiento temporales (la solicitud debe presentarse al servicio estatal de migraci\u00f3n).<\/li>\n\n\n\n<li>Alojamiento en un centro de acogida temporal para solicitantes de asilo (siempre que haya plazas disponibles)<\/li>\n<\/ul>\n\n\n\n<h2 class=\"wp-block-heading\">10) Derechos y obligaciones (personas a las que se concede protecci\u00f3n)<\/h2>\n\n\n\n<p>Los extranjeros y ap\u00e1tridas a los que se les concede el estatus de refugiado o la protecci\u00f3n subsidiaria en Belar\u00fas gozan de derechos socioecon\u00f3micos esenciales en igualdad de condiciones que los ciudadanos belarusos o los extranjeros que tienen permiso de residencia permanente en Belar\u00fas (por ejemplo, la posibilidad de trabajar sin necesidad de un permiso especial).<\/p>\n\n\n\n<p>Los hijos de los refugiados o de las personas con protecci\u00f3n subsidiaria tienen derecho a la educaci\u00f3n preescolar y secundaria y a la atenci\u00f3n sanitaria en igualdad de condiciones que los nacionales belarusos.<\/p>\n\n\n\n<h2 class=\"wp-block-heading\">11) Posibles resultados del tr\u00e1mite oficial de protecci\u00f3n\/asilo<\/h2>\n\n\n\n<p>Hay <strong>tres<\/strong> opciones posibles:<\/p>\n\n\n\n<ul class=\"wp-block-list\">\n<li>Se te ha concedido el estatus de refugiado<\/li>\n\n\n\n<li>Se te ha concedido una protecci\u00f3n subsidiaria<\/li>\n\n\n\n<li>Se te ha negado la protecci\u00f3n<\/li>\n<\/ul>\n\n\n\n<p><strong style=\"color:red\"><strong style=\"color:red\"><strong style=\"color:red\"><strong style=\"color:red\"><strong style=\"color:red\"><strong style=\"color:red\"><strong style=\"color:red\"><strong style=\"color:red\"><strong style=\"color:red\"><strong style=\"color:red\"><strong>\u00a1ATENCI\u00d3N<\/strong>!<\/strong><\/strong><\/strong><\/strong><\/strong><\/strong><\/strong><\/strong><\/strong><\/strong> Puedes obtener informaci\u00f3n sobre tu solicitud de protecci\u00f3n\/asilo y tus derechos y obligaciones de las autoridades estatales de migraci\u00f3n pertinentes y\/o del Centro de Asesoramiento a los Refugiados (ver &#8220;D\u00f3nde buscar ayuda&#8221;).<\/p>\n\n\n\n<h2 class=\"wp-block-heading\">12) Recurso de apelaci\u00f3n<\/h2>\n\n\n\n<p>Si tu solicitud de protecci\u00f3n\/asilo ha sido rechazada, puedes presentar un recurso de apelaci\u00f3n ante un tribunal. La fase de apelaci\u00f3n es la siguiente:<\/p>\n\n\n\n<ul class=\"wp-block-list\">\n<li>En los casos que se han tramitado por la v\u00eda normal, hay dos instancias de apelaci\u00f3n con un plazo de 15 d\u00edas para presentar un recurso (en cada instancia).<\/li>\n\n\n\n<li>En los casos que se han tramitado por el procedimiento acelerado (peticiones abusivas y peticiones infundadas), s\u00f3lo hay una instancia de apelaci\u00f3n con un plazo de 7 d\u00edas para presentar el recurso.<\/li>\n<\/ul>\n","protected":false},"excerpt":{"rendered":"<p>Descargar EL folleto SOLICITUD DE ASILO EN Belar\u00fas 1) \u00bfQui\u00e9n es un solicitante de asilo en Belar\u00fas? Un solicitante de asilo en Belar\u00fas es un ciudadano (que no sea ciudadano de Belar\u00fas) o un ap\u00e1trida que haya comparecido ante el servicio estatal de migraci\u00f3n y haya presentado oficialmente una solicitud de protecci\u00f3n\/asilo, pero que a\u00fan [&hellip;]<\/p>\n","protected":false},"author":1,"featured_media":0,"parent":0,"menu_order":0,"comment_status":"closed","ping_status":"closed","template":"page-templates\/sectioned.php","meta":{"_acf_changed":false,"footnotes":""},"class_list":["post-246","page","type-page","status-publish","hentry"],"acf":[],"_links":{"self":[{"href":"https:\/\/help.unhcr.org\/belarus\/es\/wp-json\/wp\/v2\/pages\/246","targetHints":{"allow":["GET"]}}],"collection":[{"href":"https:\/\/help.unhcr.org\/belarus\/es\/wp-json\/wp\/v2\/pages"}],"about":[{"href":"https:\/\/help.unhcr.org\/belarus\/es\/wp-json\/wp\/v2\/types\/page"}],"author":[{"embeddable":true,"href":"https:\/\/help.unhcr.org\/belarus\/es\/wp-json\/wp\/v2\/users\/1"}],"replies":[{"embeddable":true,"href":"https:\/\/help.unhcr.org\/belarus\/es\/wp-json\/wp\/v2\/comments?post=246"}],"version-history":[{"count":12,"href":"https:\/\/help.unhcr.org\/belarus\/es\/wp-json\/wp\/v2\/pages\/246\/revisions"}],"predecessor-version":[{"id":660,"href":"https:\/\/help.unhcr.org\/belarus\/es\/wp-json\/wp\/v2\/pages\/246\/revisions\/660"}],"wp:attachment":[{"href":"https:\/\/help.unhcr.org\/belarus\/es\/wp-json\/wp\/v2\/media?parent=246"}],"curies":[{"name":"wp","href":"https:\/\/api.w.org\/{rel}","templated":true}]}}