{"id":240,"date":"2022-03-01T20:27:17","date_gmt":"2022-03-01T20:27:17","guid":{"rendered":"https:\/\/help.unhcr.org\/belarus\/contacting-unhcr\/"},"modified":"2024-04-25T07:55:43","modified_gmt":"2024-04-25T07:55:43","slug":"contacting-unhcr","status":"publish","type":"page","link":"https:\/\/help.unhcr.org\/belarus\/es\/contacting-unhcr\/","title":{"rendered":"Ponte en contacto con el ACNUR"},"content":{"rendered":"\n<h2 class=\"wp-block-heading\">Oficina del ACNUR en Belar\u00fas <\/h2>\n\n\n\n<p><strong>Datos de contacto<\/strong><\/p>\n\n\n\n<ul class=\"wp-block-list\">\n<li>Tel\u00e9fono m\u00f3vil (llamadas, SMS, mensajer\u00eda) +375 (29) 333-59-49<\/li>\n\n\n\n<li>Tel\u00e9fono (fijo): +375 (17) 328-69-61<\/li>\n\n\n\n<li>Tel\u00e9fono (fijo): +375 (17) 328-56-35<\/li>\n\n\n\n<li>Correo electr\u00f3nico: <a href=\"mailto:blrmi@unhcr.org\">blrmiprotection@unhcr.org<\/a><\/li>\n\n\n\n<li>Sitio web: <a href=\"https:\/\/www.unhcr.org\/by\/\">https:\/\/www.unhcr.org\/by\/<\/a><\/li>\n<\/ul>\n\n\n\n<p><strong>Direcci\u00f3n:<\/strong><\/p>\n\n\n\n<p>\u0421alle Krasnoarmeyskaya, 22A, oficina 79-80, 220030, Minsk<\/p>\n\n\n\n<p>Geolocalizaci\u00f3n en <a href=\"https:\/\/www.google.com\/maps\/place\/vulica+%C4%8Cyrvonaarmiejskaja+22%D0%B0,+Minsk,+Belarus\/@53.8958511,27.5699779,20z\/data=!4m5!3m4!1s0x46dbcfc6011244a1:0xcf7c78ce69ad1e19!8m2!3d53.89572!4d27.570306\">google maps<\/a> y <a href=\"https:\/\/yandex.by\/maps\/org\/predstavitelstvo_upravleniya_verkhovnogo_komissara_oon_po_delam_bezhentsev_v_rb\/1282046931\/?ll=27.570139%2C53.895818&amp;z=19\">yandex maps<\/a><\/p>\n\n\n\n<p><strong>Horario de trabajo<\/strong>:<\/p>\n\n\n\n<p>Lu. \u2013 Vi.:<\/p>\n\n\n\n<ul class=\"wp-block-list\">\n<li>09:00 \u2013 13:00<\/li>\n\n\n\n<li>14:00 \u2013 18:00<\/li>\n<\/ul>\n\n\n\n<p><strong style=\"color:red\"><strong>\u00a1ATENCI\u00d3N<\/strong>!<\/strong> El ACNUR recibe much\u00edsimos correos electr\u00f3nicos y llamadas telef\u00f3nicas y no siempre puede responder, o puede tardar un poco en hacerlo.<\/p>\n\n\n\n<p><\/p>\n","protected":false},"excerpt":{"rendered":"<p>Oficina del ACNUR en Belar\u00fas Datos de contacto Direcci\u00f3n: \u0421alle Krasnoarmeyskaya, 22A, oficina 79-80, 220030, Minsk Geolocalizaci\u00f3n en google maps y yandex maps Horario de trabajo: Lu. \u2013 Vi.: \u00a1ATENCI\u00d3N! El ACNUR recibe much\u00edsimos correos electr\u00f3nicos y llamadas telef\u00f3nicas y no siempre puede responder, o puede tardar un poco en hacerlo.<\/p>\n","protected":false},"author":1,"featured_media":0,"parent":0,"menu_order":0,"comment_status":"closed","ping_status":"closed","template":"","meta":{"_acf_changed":false,"footnotes":""},"class_list":["post-240","page","type-page","status-publish","hentry"],"acf":[],"_links":{"self":[{"href":"https:\/\/help.unhcr.org\/belarus\/es\/wp-json\/wp\/v2\/pages\/240","targetHints":{"allow":["GET"]}}],"collection":[{"href":"https:\/\/help.unhcr.org\/belarus\/es\/wp-json\/wp\/v2\/pages"}],"about":[{"href":"https:\/\/help.unhcr.org\/belarus\/es\/wp-json\/wp\/v2\/types\/page"}],"author":[{"embeddable":true,"href":"https:\/\/help.unhcr.org\/belarus\/es\/wp-json\/wp\/v2\/users\/1"}],"replies":[{"embeddable":true,"href":"https:\/\/help.unhcr.org\/belarus\/es\/wp-json\/wp\/v2\/comments?post=240"}],"version-history":[{"count":3,"href":"https:\/\/help.unhcr.org\/belarus\/es\/wp-json\/wp\/v2\/pages\/240\/revisions"}],"predecessor-version":[{"id":606,"href":"https:\/\/help.unhcr.org\/belarus\/es\/wp-json\/wp\/v2\/pages\/240\/revisions\/606"}],"wp:attachment":[{"href":"https:\/\/help.unhcr.org\/belarus\/es\/wp-json\/wp\/v2\/media?parent=240"}],"curies":[{"name":"wp","href":"https:\/\/api.w.org\/{rel}","templated":true}]}}