{"id":823,"date":"2020-04-23T09:24:08","date_gmt":"2020-04-23T09:24:08","guid":{"rendered":"http:\/\/help.unhcr.org\/austria\/covid-19-coronavirus-information-2\/information-for-doctors-and-persons-with-health-and-nursing-professions-and-mtd-training\/"},"modified":"2020-04-27T14:50:11","modified_gmt":"2020-04-27T14:50:11","slug":"information-for-doctors-and-persons-with-health-and-nursing-professions-and-mtd-training","status":"publish","type":"page","link":"https:\/\/help.unhcr.org\/austria\/de\/covid-19-information-2\/information-for-doctors-and-persons-with-health-and-nursing-professions-and-mtd-training\/","title":{"rendered":"Infos f\u00fcr medizinische Berufe"},"content":{"rendered":"\n<p><strong><a href=\"https:\/\/www.anlaufstelle-anerkennung.at\/articles\/view\/546\" target=\"_blank\" rel=\"noreferrer noopener\">Informationen f\u00fcr Personen mit einem Humanmedizinabschluss<\/a><\/strong>, der im Ausland erworben wurde \u2013 Besch\u00e4ftigungsm\u00f6glichkeiten im Rahmen der COVID-19-Pandemie<\/p>\n\n\n\n<p><a rel=\"noreferrer noopener\" href=\"https:\/\/www.anlaufstelle-anerkennung.at\/articles\/view\/545\" target=\"_blank\"><strong>Informationen f\u00fcr Personen mit Gesundheits- und Krankenpflegeberufen und MTD-Ausbildungen<\/strong><\/a>, die im Ausland erworben wurden \u2013 Besch\u00e4ftigungsm\u00f6glichkeiten im Rahmen der COVID-19-Pandemie<\/p>\n","protected":false},"excerpt":{"rendered":"<p>Informationen f\u00fcr Personen mit einem Humanmedizinabschluss, der im Ausland erworben wurde \u2013 Besch\u00e4ftigungsm\u00f6glichkeiten im Rahmen der COVID-19-Pandemie Informationen f\u00fcr Personen mit Gesundheits- und Krankenpflegeberufen und MTD-Ausbildungen, die im Ausland erworben wurden \u2013 Besch\u00e4ftigungsm\u00f6glichkeiten im Rahmen der COVID-19-Pandemie<\/p>\n","protected":false},"author":93,"featured_media":0,"parent":801,"menu_order":9,"comment_status":"closed","ping_status":"closed","template":"","meta":{"_acf_changed":false,"footnotes":""},"class_list":["post-823","page","type-page","status-publish","hentry"],"acf":[],"_links":{"self":[{"href":"https:\/\/help.unhcr.org\/austria\/de\/wp-json\/wp\/v2\/pages\/823","targetHints":{"allow":["GET"]}}],"collection":[{"href":"https:\/\/help.unhcr.org\/austria\/de\/wp-json\/wp\/v2\/pages"}],"about":[{"href":"https:\/\/help.unhcr.org\/austria\/de\/wp-json\/wp\/v2\/types\/page"}],"author":[{"embeddable":true,"href":"https:\/\/help.unhcr.org\/austria\/de\/wp-json\/wp\/v2\/users\/93"}],"replies":[{"embeddable":true,"href":"https:\/\/help.unhcr.org\/austria\/de\/wp-json\/wp\/v2\/comments?post=823"}],"version-history":[{"count":2,"href":"https:\/\/help.unhcr.org\/austria\/de\/wp-json\/wp\/v2\/pages\/823\/revisions"}],"predecessor-version":[{"id":890,"href":"https:\/\/help.unhcr.org\/austria\/de\/wp-json\/wp\/v2\/pages\/823\/revisions\/890"}],"up":[{"embeddable":true,"href":"https:\/\/help.unhcr.org\/austria\/de\/wp-json\/wp\/v2\/pages\/801"}],"wp:attachment":[{"href":"https:\/\/help.unhcr.org\/austria\/de\/wp-json\/wp\/v2\/media?parent=823"}],"curies":[{"name":"wp","href":"https:\/\/api.w.org\/{rel}","templated":true}]}}