{"id":815,"date":"2020-04-23T09:21:41","date_gmt":"2020-04-23T09:21:41","guid":{"rendered":"http:\/\/help.unhcr.org\/austria\/covid-19-coronavirus-information-2\/social-and-medical-support\/"},"modified":"2021-11-16T10:21:07","modified_gmt":"2021-11-16T10:21:07","slug":"social-and-medical-support","status":"publish","type":"page","link":"https:\/\/help.unhcr.org\/austria\/de\/covid-19-information-2\/social-and-medical-support\/","title":{"rendered":"Soziale &amp; medizinische Unterst\u00fctzung"},"content":{"rendered":"\n<p><strong>Soziale Unterst\u00fctzung<\/strong><br><br><strong><a rel=\"noreferrer noopener\" href=\"https:\/\/www.facebook.com\/caritas.wirhelfen\/photos\/a.558541210971246\/1818789641613057\/?type=3&amp;theater\" target=\"_blank\">Corona Nothilfe Hotline der Caritas<\/a><\/strong><br><strong>05 17 76 300<\/strong><br>Telefonische Beratung bei akuter Not, Geldsorgen und weiteren Problemen<\/p>\n\n\n\n<p><a rel=\"noreferrer noopener\" href=\"https:\/\/undok.at\/blog\/2020\/03\/30\/aktuelle-beratungsinfos-deutsch-arabisch-bks-dari-farsi-englisch-kurdisch-paschtu-russisch-tuerkisch\/\" target=\"_blank\"><strong>Anlaufstelle zur gewerkschaftlichen Unterst\u00fctzung undokumentiert Arbeitender (UNDOK)<\/strong><\/a><br><strong>01 534 44-39040<\/strong><br>Telefonische Beratung auf Deutsch, Englisch, Arabisch, Dari\/Farsi, Paschto, Russisch, Kurdisch, T\u00fcrkisch, BKS<br>Bei Fragen zu K\u00fcndigungen, nicht ausgezahltem Lohn, fehlender Krankenversicherung usw.<\/p>\n\n\n\n<hr class=\"wp-block-separator\" \/>\n\n\n\n<p><strong>Medizinische Unterst\u00fctzung<\/strong><br><br><strong><a rel=\"noreferrer noopener\" href=\"https:\/\/www.neunerhaus.at\/kontakt\/neunerhaus-gesundheitszentrum\/\" target=\"_blank\">neunerhaus Gesundheitszentrum:<\/a><\/strong>&nbsp;kostenlose Untersuchungen, auch f\u00fcr Menschen ohne Versicherung<\/p>\n\n\n\n<p><strong><a rel=\"noreferrer noopener\" href=\"https:\/\/www.fruehehilfen.at\/de\/Service\/Meldungen\/CORONA-COVID-19-Die-Fruehen-Hilfen-bleiben-telefonisch-erreichbar.htm\" target=\"_blank\">Fr\u00fche Hilfen in \u00d6sterreich:<\/a><\/strong>&nbsp;telefonische Unterst\u00fctzung von schwangeren Frauen und Familien mit Kindern bis zu 3 Jahren<\/p>\n","protected":false},"excerpt":{"rendered":"<p>Soziale Unterst\u00fctzung Corona Nothilfe Hotline der Caritas05 17 76 300Telefonische Beratung bei akuter Not, Geldsorgen und weiteren Problemen Anlaufstelle zur gewerkschaftlichen Unterst\u00fctzung undokumentiert Arbeitender (UNDOK)01 534 44-39040Telefonische Beratung auf Deutsch, Englisch, Arabisch, Dari\/Farsi, Paschto, Russisch, Kurdisch, T\u00fcrkisch, BKSBei Fragen zu K\u00fcndigungen, nicht ausgezahltem Lohn, fehlender Krankenversicherung usw. Medizinische Unterst\u00fctzung neunerhaus Gesundheitszentrum:&nbsp;kostenlose Untersuchungen, auch f\u00fcr Menschen [&hellip;]<\/p>\n","protected":false},"author":93,"featured_media":0,"parent":801,"menu_order":6,"comment_status":"closed","ping_status":"closed","template":"","meta":{"_acf_changed":false,"footnotes":""},"class_list":["post-815","page","type-page","status-publish","hentry"],"acf":[],"_links":{"self":[{"href":"https:\/\/help.unhcr.org\/austria\/de\/wp-json\/wp\/v2\/pages\/815","targetHints":{"allow":["GET"]}}],"collection":[{"href":"https:\/\/help.unhcr.org\/austria\/de\/wp-json\/wp\/v2\/pages"}],"about":[{"href":"https:\/\/help.unhcr.org\/austria\/de\/wp-json\/wp\/v2\/types\/page"}],"author":[{"embeddable":true,"href":"https:\/\/help.unhcr.org\/austria\/de\/wp-json\/wp\/v2\/users\/93"}],"replies":[{"embeddable":true,"href":"https:\/\/help.unhcr.org\/austria\/de\/wp-json\/wp\/v2\/comments?post=815"}],"version-history":[{"count":6,"href":"https:\/\/help.unhcr.org\/austria\/de\/wp-json\/wp\/v2\/pages\/815\/revisions"}],"predecessor-version":[{"id":1430,"href":"https:\/\/help.unhcr.org\/austria\/de\/wp-json\/wp\/v2\/pages\/815\/revisions\/1430"}],"up":[{"embeddable":true,"href":"https:\/\/help.unhcr.org\/austria\/de\/wp-json\/wp\/v2\/pages\/801"}],"wp:attachment":[{"href":"https:\/\/help.unhcr.org\/austria\/de\/wp-json\/wp\/v2\/media?parent=815"}],"curies":[{"name":"wp","href":"https:\/\/api.w.org\/{rel}","templated":true}]}}