{"id":805,"date":"2020-04-22T15:43:00","date_gmt":"2020-04-22T15:43:00","guid":{"rendered":"http:\/\/help.unhcr.org\/austria\/covid-19-coronavirus-information-2\/protective-measures-and-general-information\/"},"modified":"2022-02-28T10:39:12","modified_gmt":"2022-02-28T10:39:12","slug":"protective-measures-and-general-information","status":"publish","type":"page","link":"https:\/\/help.unhcr.org\/austria\/de\/covid-19-information-2\/protective-measures-and-general-information\/","title":{"rendered":"Allgemeine Informationen und Schutzma\u00dfnahmen"},"content":{"rendered":"\n<p>+ + + <strong>ACHTUNG: Seit 1. Februar ist in \u00d6sterreich die Impfung gegen COVID-19 ab 18 Jahren verpflichtend. F\u00fcr gewisse Personen (z.B. Schwangere oder Personen, die sich aus medizinischen Gr\u00fcnden nicht impfen lassen k\u00f6nnen) gibt es Ausnahmen.<\/strong> +++<\/p>\n\n\n\n<p><strong>Impfungen sind in ganz \u00d6sterreich gratis f\u00fcr alle Personen \u00fcber 12 Jahren m\u00f6glich, es gibt auch bereits Impfangebote f\u00fcr Kinder zwischen 5 und 12 Jahren. <\/strong><\/p>\n\n\n\n<p><strong>Impfen sch\u00fctzt vor schweren Krankheitsverl\u00e4ufen.  Mehr Infos zu den Impfungen finden Sie am Ende dieser Seite.<\/strong><\/p>\n\n\n\n<p><strong>Der Lockdown f\u00fcr ungeimpfte\/nicht-genesene Personen wurde am 31. J\u00e4nner 2022 aufgehoben. <\/strong><\/p>\n\n\n\n<p><strong>Es gelten in vielen Bereichen aber nach wie vor 2G-Regelungen<\/strong> (Zutritt oder Teilnahme nur f\u00fcr geimpfte\/genesene Personen). Bitte informieren Sie sich genau. <\/p>\n\n\n\n<p><strong>Maskenpflicht<\/strong><\/p>\n\n\n\n<p>In allen \u00f6ffentlichen Bereichen gilt eine FFP-2-Maskenpflicht (z.B. in \u00f6ffentlichen Verkehrsmitteln, Lebensmittelgesch\u00e4ften, Post etc. ), auch bei Terminen beim BFA und bei Gericht (BVwG) brauchen Sie eine FFP-2-Maske. Bitte informieren Sie sich genau. <\/p>\n\n\n\n<p><strong>Schulen und Kinderg\u00e4rten<\/strong>&nbsp;<\/p>\n\n\n\n<p>Kinderg\u00e4rten&nbsp;und&nbsp;Schulen&nbsp;sind f\u00fcr alle ge\u00f6ffnet.  Voraussetzung&nbsp;f\u00fcr&nbsp;die&nbsp;Teilnahme&nbsp;am&nbsp;Schulbesuch ist die regelm\u00e4\u00dfige Teilnahme an PCR-Tests.  Seit Mitte November gibt es wieder eine umfassende Maskenpflicht in Schulen. <\/p>\n\n\n\n<p><strong>Einreise nach \u00d6sterreich&nbsp;f\u00fcr alle Personen<\/strong><\/p>\n\n\n\n<p>F\u00fcr\u00a0Personen, die aus dem Ausland nach \u00d6sterreich einreisen,\u00a0gilt seit 20. Dezember die 3G-Regel: Personen m\u00fcssen\u00a0bei Ankunft\u00a0geimpft, genesen oder getestet sein. <\/p>\n\n\n\n<p>Informationen dazu finden Sie <a href=\"https:\/\/www.bmeia.gv.at\/reise-aufenthalt\/coronavirus-covid-19-und-reisen\/\">hier<\/a>.<\/p>\n\n\n\n<p><strong>Informationen f\u00fcr Erkrankte und Kontaktpersonen<\/strong><\/p>\n\n\n\n<p>Wenn Sie Kontakt mit einer infizierten Person hatten oder mit dem Corona-Virus infiziert sind, erhalten Sie einen sogenannten \u201eAbsonderungsbescheid\u201c, <a href=\"https:\/\/www.kija-sbg.at\/home\/infomaterial\/dokumente.html\">hier<\/a> finden Sie Informationen dazu in mehreren Sprachen.<\/p>\n\n\n\n<p><strong>Information zur Impfung gegen COVID-19<\/strong><\/p>\n\n\n\n<ul class=\"wp-block-list\"><li>Information des \u00d6IF in 17 Sprachen: &nbsp;<a href=\"https:\/\/eur02.safelinks.protection.outlook.com\/?url=https%3A%2F%2Fwww.integrationsfonds.at%2Fcoronainfo%2Fen%2F&amp;data=04|01|schoeffl%40unhcr.org|bd2bc85e62e944265ff308d8c90de304|e5c37981666441348a0c6543d2af80be|0|0|637480408763520249|Unknown|TWFpbGZsb3d8eyJWIjoiMC4wLjAwMDAiLCJQIjoiV2luMzIiLCJBTiI6Ik1haWwiLCJXVCI6Mn0%3D|1000&amp;sdata=pEmxrf0yNz6m41ncXJy%2BnYNH1JoHouIfPjzOAjnIaQw%3D&amp;reserved=0\">https:\/\/www.integrationsfonds.at\/coronainfo\/en\/<\/a>&nbsp;(<a href=\"https:\/\/eur02.safelinks.protection.outlook.com\/?url=https%3A%2F%2Fwww.integrationsfonds.at%2Fcoronainfo%2Fen%2F&amp;data=04|01|schoeffl%40unhcr.org|bd2bc85e62e944265ff308d8c90de304|e5c37981666441348a0c6543d2af80be|0|0|637480408763520249|Unknown|TWFpbGZsb3d8eyJWIjoiMC4wLjAwMDAiLCJQIjoiV2luMzIiLCJBTiI6Ik1haWwiLCJXVCI6Mn0%3D|1000&amp;sdata=pEmxrf0yNz6m41ncXJy%2BnYNH1JoHouIfPjzOAjnIaQw%3D&amp;reserved=0\">English<\/a>,&nbsp;<a href=\"https:\/\/eur02.safelinks.protection.outlook.com\/?url=https%3A%2F%2Fwww.integrationsfonds.at%2Fcoronainfo%2Ffa%2F&amp;data=04|01|schoeffl%40unhcr.org|bd2bc85e62e944265ff308d8c90de304|e5c37981666441348a0c6543d2af80be|0|0|637480408763530242|Unknown|TWFpbGZsb3d8eyJWIjoiMC4wLjAwMDAiLCJQIjoiV2luMzIiLCJBTiI6Ik1haWwiLCJXVCI6Mn0%3D|1000&amp;sdata=gbmw63XbC1vETROjS%2B3UVKMIVG0rYrZJJiGHSHnu7pQ%3D&amp;reserved=0\">Dari\/Farsi<\/a>,&nbsp;<a href=\"https:\/\/eur02.safelinks.protection.outlook.com\/?url=https%3A%2F%2Fwww.integrationsfonds.at%2Fcoronainfo%2Far%2F&amp;data=04|01|schoeffl%40unhcr.org|bd2bc85e62e944265ff308d8c90de304|e5c37981666441348a0c6543d2af80be|0|0|637480408763540236|Unknown|TWFpbGZsb3d8eyJWIjoiMC4wLjAwMDAiLCJQIjoiV2luMzIiLCJBTiI6Ik1haWwiLCJXVCI6Mn0%3D|1000&amp;sdata=4Txdb%2FFBLegm1o%2FQgVFKlGMWjYUtAhPHZ7gAXKW8X8o%3D&amp;reserved=0\">Arabic<\/a>,&nbsp;<a href=\"https:\/\/eur02.safelinks.protection.outlook.com\/?url=https%3A%2F%2Fwww.integrationsfonds.at%2Fcoronainfo%2Fps%2F&amp;data=04|01|schoeffl%40unhcr.org|bd2bc85e62e944265ff308d8c90de304|e5c37981666441348a0c6543d2af80be|0|0|637480408763540236|Unknown|TWFpbGZsb3d8eyJWIjoiMC4wLjAwMDAiLCJQIjoiV2luMzIiLCJBTiI6Ik1haWwiLCJXVCI6Mn0%3D|1000&amp;sdata=pxEoPe2RFivy81HIoosnhim3ZwrYLwa1zCezf%2FpuSs0%3D&amp;reserved=0\">Pashtu<\/a>,&nbsp;<a href=\"https:\/\/eur02.safelinks.protection.outlook.com\/?url=https%3A%2F%2Fwww.integrationsfonds.at%2Fcoronainfo%2Fru%2F&amp;data=04|01|schoeffl%40unhcr.org|bd2bc85e62e944265ff308d8c90de304|e5c37981666441348a0c6543d2af80be|0|0|637480408763550226|Unknown|TWFpbGZsb3d8eyJWIjoiMC4wLjAwMDAiLCJQIjoiV2luMzIiLCJBTiI6Ik1haWwiLCJXVCI6Mn0%3D|1000&amp;sdata=ih91FZhmw445RuQbeXySlzgeosaZUJVgVfBzJ79g9cA%3D&amp;reserved=0\">Russian<\/a>)<\/li><li>Informationen des Sozialministeriums in mehreren Sprachen: &nbsp;<a href=\"https:\/\/eur02.safelinks.protection.outlook.com\/?url=https%3A%2F%2Fwww.sozialministerium.at%2FInformationen-zum-Coronavirus%2FCoronavirus---Aktuelle-Informationen-in-Fremdsprachen-.html&amp;data=04|01|schoeffl%40unhcr.org|bd2bc85e62e944265ff308d8c90de304|e5c37981666441348a0c6543d2af80be|0|0|637480408763550226|Unknown|TWFpbGZsb3d8eyJWIjoiMC4wLjAwMDAiLCJQIjoiV2luMzIiLCJBTiI6Ik1haWwiLCJXVCI6Mn0%3D|1000&amp;sdata=%2BbMvrZ%2B46c4sibM1wyRn9I%2FiZg77gYpxo2cYCIW4ZhI%3D&amp;reserved=0\">https:\/\/www.sozialministerium.at\/Informationen-zum-Coronavirus\/Coronavirus\u2014Aktuelle-Informationen-in-Fremdsprachen-.html<\/a><\/li><li>Informationen der Stadt Wien auf: &nbsp;<a href=\"https:\/\/eur02.safelinks.protection.outlook.com\/?url=https%3A%2F%2Fcoronavirus.wien.gv.at%2Fsite%2Fimpfung%2F&amp;data=04|01|schoeffl%40unhcr.org|bd2bc85e62e944265ff308d8c90de304|e5c37981666441348a0c6543d2af80be|0|0|637480408763560228|Unknown|TWFpbGZsb3d8eyJWIjoiMC4wLjAwMDAiLCJQIjoiV2luMzIiLCJBTiI6Ik1haWwiLCJXVCI6Mn0%3D|1000&amp;sdata=qB8beHM9HA9tLf1leM5Gy%2B4yejMFYAV0vyedOSamX4g%3D&amp;reserved=0\">Deutsch<\/a>,&nbsp;<a href=\"https:\/\/eur02.safelinks.protection.outlook.com\/?url=https%3A%2F%2Fwww.wienweltoffen.at%2Fwp-content%2Fuploads%2F2021%2F01%2FCorona-Schutzimpfung_Englisch.pdf&amp;data=04|01|schoeffl%40unhcr.org|bd2bc85e62e944265ff308d8c90de304|e5c37981666441348a0c6543d2af80be|0|0|637480408763560228|Unknown|TWFpbGZsb3d8eyJWIjoiMC4wLjAwMDAiLCJQIjoiV2luMzIiLCJBTiI6Ik1haWwiLCJXVCI6Mn0%3D|1000&amp;sdata=hOIdhyghGqNM0aON1Ds5Di91pepu7Z4oCgYJuxSpXik%3D&amp;reserved=0\">Englisch<\/a>,&nbsp;<a href=\"https:\/\/eur02.safelinks.protection.outlook.com\/?url=https%3A%2F%2Fwww.wienweltoffen.at%2Fwp-content%2Fuploads%2F2021%2F01%2FCorona-Schutzimpfung_Farsi.pdf&amp;data=04|01|schoeffl%40unhcr.org|bd2bc85e62e944265ff308d8c90de304|e5c37981666441348a0c6543d2af80be|0|0|637480408763570223|Unknown|TWFpbGZsb3d8eyJWIjoiMC4wLjAwMDAiLCJQIjoiV2luMzIiLCJBTiI6Ik1haWwiLCJXVCI6Mn0%3D|1000&amp;sdata=eYLWtTELaQw5tFSYCVcYgYygzVh0%2BBycUxPbQfa5pgw%3D&amp;reserved=0\">Dari\/Farsi<\/a>,&nbsp;<a href=\"https:\/\/eur02.safelinks.protection.outlook.com\/?url=https%3A%2F%2Fwww.wienweltoffen.at%2Fwp-content%2Fuploads%2F2021%2F01%2FCorona-Schutzimpfung_Arabisch.pdf&amp;data=04|01|schoeffl%40unhcr.org|bd2bc85e62e944265ff308d8c90de304|e5c37981666441348a0c6543d2af80be|0|0|637480408763570223|Unknown|TWFpbGZsb3d8eyJWIjoiMC4wLjAwMDAiLCJQIjoiV2luMzIiLCJBTiI6Ik1haWwiLCJXVCI6Mn0%3D|1000&amp;sdata=1Ll7v60dMaTbNmSSqEgedR5I1kj4AJ0gwgA8sBK9Edo%3D&amp;reserved=0\">Arabisch<\/a>,&nbsp;<a href=\"https:\/\/eur02.safelinks.protection.outlook.com\/?url=https%3A%2F%2Fwww.wienweltoffen.at%2Fwp-content%2Fuploads%2F2021%2F01%2FCorona-Schutzimpfung_Russisch.pdf&amp;data=04|01|schoeffl%40unhcr.org|bd2bc85e62e944265ff308d8c90de304|e5c37981666441348a0c6543d2af80be|0|0|637480408763580213|Unknown|TWFpbGZsb3d8eyJWIjoiMC4wLjAwMDAiLCJQIjoiV2luMzIiLCJBTiI6Ik1haWwiLCJXVCI6Mn0%3D|1000&amp;sdata=s0Z480ZykuQCndidHNMoqOggO0nL8cC3EVf7EAr0pNY%3D&amp;reserved=0\">Russisch<\/a><\/li><\/ul>\n\n\n\n<p><strong>Mehrsprachige Infos<\/strong> des Bundesministeriums f\u00fcr Soziales, Gesundheit, Pflege und Konsumentenschutz: <a href=\"https:\/\/eur02.safelinks.protection.outlook.com\/?url=https%3A%2F%2Fwww.sozialministerium.at%2FInformationen-zum-Coronavirus%2FCoronavirus---Aktuelle-Informationen-in-Fremdsprachen-.html&amp;data=04|01|schoeffl%40unhcr.org|0a95645a3ce24715329e08d8909fd216|e5c37981666441348a0c6543d2af80be|0|0|637418363389815316|Unknown|TWFpbGZsb3d8eyJWIjoiMC4wLjAwMDAiLCJQIjoiV2luMzIiLCJBTiI6Ik1haWwiLCJXVCI6Mn0%3D|1000&amp;sdata=hQ2w1PRKd3b1ixeeKLDa5XEz6ja62SoEgFUleE3bMVk%3D&amp;reserved=0\">https:\/\/www.sozialministerium.at\/Informationen-zum-Coronavirus\/Coronavirus\u2014Aktuelle-Informationen-in-Fremdsprachen-.html<\/a><\/p>\n\n\n\n<p><strong>Mehrsprachige Informationen der NGO Zebra:<\/strong> <a href=\"https:\/\/eur02.safelinks.protection.outlook.com\/?url=https%3A%2F%2Fzebra.or.at%2Faktuelles%3FdetailId%3D79&amp;data=04|01|schoeffl%40unhcr.org|2f171241b4d24ec42f2808d88c8c471e|e5c37981666441348a0c6543d2af80be|0|0|637413881398071852|Unknown|TWFpbGZsb3d8eyJWIjoiMC4wLjAwMDAiLCJQIjoiV2luMzIiLCJBTiI6Ik1haWwiLCJXVCI6Mn0%3D|1000&amp;sdata=DkATrxxXDLZH%2FlcMLcy3ZE1hTSyUR8o60TCFyHbnmMQ%3D&amp;reserved=0\">https:\/\/zebra.or.at\/aktuelles?detailId=79<\/a><\/p>\n\n\n\n<p><strong>Informationen des \u00d6IF <\/strong>in mehreren Sprachen: <a href=\"https:\/\/eur02.safelinks.protection.outlook.com\/?url=https%3A%2F%2Fwww.integrationsfonds.at%2Fcoronainfo%2F&amp;data=02|01|mirzaeis%40unhcr.org|370f1f6b669b4ff3280f08d7ece55003|e5c37981666441348a0c6543d2af80be|0|0|637238341936438349&amp;sdata=xNC0nRz7495w8cAbwVIFry%2FeUIyRrDIHo5iv9wlwH50%3D&amp;reserved=0\">https:\/\/www.integrationsfonds.at\/coronainfo\/<\/a><\/p>\n\n\n\n<hr class=\"wp-block-separator\" \/>\n\n\n\n<p class=\"has-medium-font-size\"><strong>Weitere Informationen und Schutzma\u00dfnahmen<\/strong><\/p>\n\n\n\n<figure class=\"wp-block-gallery columns-4 is-cropped wp-block-gallery-1 is-layout-flex wp-block-gallery-is-layout-flex\"><ul class=\"blocks-gallery-grid\"><li class=\"blocks-gallery-item\"><figure><img loading=\"lazy\" decoding=\"async\" width=\"724\" height=\"1024\" src=\"https:\/\/help.unhcr.org\/austria\/wp-content\/uploads\/sites\/35\/2020\/03\/Arabisch4-724x1024.jpg\" alt=\"\" data-id=\"496\" data-full-url=\"https:\/\/help.unhcr.org\/austria\/wp-content\/uploads\/sites\/35\/2020\/03\/Arabisch4.jpg\" data-link=\"https:\/\/help.unhcr.org\/austria\/covid-19-information\/arabisch4\/\" class=\"wp-image-496\" srcset=\"https:\/\/help.unhcr.org\/austria\/wp-content\/uploads\/sites\/35\/2020\/03\/Arabisch4-724x1024.jpg 724w, https:\/\/help.unhcr.org\/austria\/wp-content\/uploads\/sites\/35\/2020\/03\/Arabisch4-212x300.jpg 212w, https:\/\/help.unhcr.org\/austria\/wp-content\/uploads\/sites\/35\/2020\/03\/Arabisch4-768x1087.jpg 768w, https:\/\/help.unhcr.org\/austria\/wp-content\/uploads\/sites\/35\/2020\/03\/Arabisch4.jpg 940w\" sizes=\"auto, (max-width: 724px) 100vw, 724px\" \/><figcaption class=\"blocks-gallery-item__caption\"><a href=\"https:\/\/www.roteskreuz.at\/fileadmin\/user_upload\/Images\/News\/2020\/Coronavirus_Plakat_arabisch_A4.pdf\" target=\"_blank\" rel=\"noreferrer noopener\" aria-label=\" (opens in a new tab)\">https:\/\/www.roteskreuz.at\/fileadmin\/user_upload\/Images\/News\/2020\/Coronavirus_Plakat_arabisch_A4.pdf<\/a><\/figcaption><\/figure><\/li><li class=\"blocks-gallery-item\"><figure><img loading=\"lazy\" decoding=\"async\" width=\"724\" height=\"1024\" src=\"https:\/\/help.unhcr.org\/austria\/wp-content\/uploads\/sites\/35\/2020\/03\/Dari_Farsi4-724x1024.jpg\" alt=\"\" data-id=\"497\" data-full-url=\"https:\/\/help.unhcr.org\/austria\/wp-content\/uploads\/sites\/35\/2020\/03\/Dari_Farsi4.jpg\" data-link=\"https:\/\/help.unhcr.org\/austria\/covid-19-information\/dari_farsi4\/\" class=\"wp-image-497\" srcset=\"https:\/\/help.unhcr.org\/austria\/wp-content\/uploads\/sites\/35\/2020\/03\/Dari_Farsi4-724x1024.jpg 724w, https:\/\/help.unhcr.org\/austria\/wp-content\/uploads\/sites\/35\/2020\/03\/Dari_Farsi4-212x300.jpg 212w, https:\/\/help.unhcr.org\/austria\/wp-content\/uploads\/sites\/35\/2020\/03\/Dari_Farsi4-768x1087.jpg 768w, https:\/\/help.unhcr.org\/austria\/wp-content\/uploads\/sites\/35\/2020\/03\/Dari_Farsi4.jpg 940w\" sizes=\"auto, (max-width: 724px) 100vw, 724px\" \/><figcaption class=\"blocks-gallery-item__caption\"><a rel=\"noreferrer noopener\" aria-label=\" (opens in a new tab)\" href=\"https:\/\/www.roteskreuz.at\/fileadmin\/user_upload\/Images\/News\/2020\/Coronavirus_Plakat_Farsi_Dari.pdf\" target=\"_blank\">https:\/\/www.roteskreuz.at\/fileadmin\/user_upload\/Images\/News\/2020\/Coronavirus_<\/a><br><a rel=\"noreferrer noopener\" aria-label=\" (opens in a new tab)\" href=\"https:\/\/www.roteskreuz.at\/fileadmin\/user_upload\/Images\/News\/2020\/Coronavirus_Plakat_Farsi_Dari.pdf\" target=\"_blank\">Plakat_Farsi_Dari.pdf<\/a><\/figcaption><\/figure><\/li><li class=\"blocks-gallery-item\"><figure><img loading=\"lazy\" decoding=\"async\" width=\"724\" height=\"1024\" src=\"https:\/\/help.unhcr.org\/austria\/wp-content\/uploads\/sites\/35\/2020\/03\/Somali4-724x1024.jpg\" alt=\"\" data-id=\"499\" data-full-url=\"https:\/\/help.unhcr.org\/austria\/wp-content\/uploads\/sites\/35\/2020\/03\/Somali4.jpg\" data-link=\"https:\/\/help.unhcr.org\/austria\/covid-19-information\/somali4\/\" class=\"wp-image-499\" srcset=\"https:\/\/help.unhcr.org\/austria\/wp-content\/uploads\/sites\/35\/2020\/03\/Somali4-724x1024.jpg 724w, https:\/\/help.unhcr.org\/austria\/wp-content\/uploads\/sites\/35\/2020\/03\/Somali4-212x300.jpg 212w, https:\/\/help.unhcr.org\/austria\/wp-content\/uploads\/sites\/35\/2020\/03\/Somali4-768x1087.jpg 768w, https:\/\/help.unhcr.org\/austria\/wp-content\/uploads\/sites\/35\/2020\/03\/Somali4.jpg 940w\" sizes=\"auto, (max-width: 724px) 100vw, 724px\" \/><figcaption class=\"blocks-gallery-item__caption\"><a href=\"https:\/\/www.roteskreuz.at\/fileadmin\/user_upload\/Images\/News\/2020\/Coronavirus_Plakat_somali.pdf\" target=\"_blank\" rel=\"noreferrer noopener\" aria-label=\" (opens in a new tab)\">https:\/\/www.roteskreuz.at\/fileadmin\/user_upload\/Images\/News\/2020\/Coronavirus_Plakat_somali.pdf<\/a><\/figcaption><\/figure><\/li><li class=\"blocks-gallery-item\"><figure><img loading=\"lazy\" decoding=\"async\" width=\"724\" height=\"1024\" src=\"https:\/\/help.unhcr.org\/austria\/wp-content\/uploads\/sites\/35\/2020\/03\/Englisch4-724x1024.jpg\" alt=\"\" data-id=\"498\" data-full-url=\"https:\/\/help.unhcr.org\/austria\/wp-content\/uploads\/sites\/35\/2020\/03\/Englisch4.jpg\" data-link=\"https:\/\/help.unhcr.org\/austria\/covid-19-information\/englisch4\/\" class=\"wp-image-498\" srcset=\"https:\/\/help.unhcr.org\/austria\/wp-content\/uploads\/sites\/35\/2020\/03\/Englisch4-724x1024.jpg 724w, https:\/\/help.unhcr.org\/austria\/wp-content\/uploads\/sites\/35\/2020\/03\/Englisch4-212x300.jpg 212w, https:\/\/help.unhcr.org\/austria\/wp-content\/uploads\/sites\/35\/2020\/03\/Englisch4-768x1087.jpg 768w, https:\/\/help.unhcr.org\/austria\/wp-content\/uploads\/sites\/35\/2020\/03\/Englisch4.jpg 940w\" sizes=\"auto, (max-width: 724px) 100vw, 724px\" \/><figcaption class=\"blocks-gallery-item__caption\"><a href=\"https:\/\/www.roteskreuz.at\/fileadmin\/user_upload\/Images\/News\/2020\/Coronavirus_Plakat_englisch_A4.pdf\" target=\"_blank\" rel=\"noreferrer noopener\" aria-label=\" (opens in a new tab)\">https:\/\/www.roteskreuz.at\/fileadmin\/user_upload\/Images\/News\/2020\/Coronavirus_Plakat_englisch_A4.pdf<\/a><\/figcaption><\/figure><\/li><\/ul><\/figure>\n\n\n\n<p><br><strong>Informationen<\/strong>&nbsp;\u00fcber&nbsp;<strong>Schutzma\u00dfnahmen<\/strong>&nbsp;gegen das Coronavirus:<br><a rel=\"noreferrer noopener\" href=\"https:\/\/www.sozialministerium.at\/dam\/jcr:8a146838-504f-4417-a3d4-bd813c5b4b98\/Schutzma%C3%9Fnahmen%20gegen%20das%20Coronavirus_pdfUA.pdf\" target=\"_blank\">Deutsch<\/a>&nbsp;|&nbsp;<a rel=\"noreferrer noopener\" href=\"https:\/\/help.unhcr.org\/austria\/wp-content\/uploads\/sites\/35\/2020\/03\/Protective-Measures-against-the-coronavirus.pdf\" target=\"_blank\">Englisch<\/a>&nbsp;|&nbsp;<a rel=\"noreferrer noopener\" href=\"https:\/\/www.integrationsfonds.at\/fileadmin\/content\/AT\/Downloads\/Corona_Infoblaetter\/Infoblatt_BMI_BMGSPK_Arabisch.pdf\" target=\"_blank\">Arabisch<\/a>&nbsp;|&nbsp;<a rel=\"noreferrer noopener\" href=\"https:\/\/www.integrationsfonds.at\/fileadmin\/content\/AT\/Downloads\/Corona_Infoblaetter\/Infoblatt_BMI_BMGSPK_Dari_Farsi.pdf\" target=\"_blank\">Dari\/Farsi<\/a>&nbsp;|&nbsp;<a rel=\"noreferrer noopener\" href=\"https:\/\/www.integrationsfonds.at\/fileadmin\/content\/AT\/Downloads\/Corona_Infoblaetter\/Infoblatt_BMI_BMGSPK_Paschtu.pdf\" target=\"_blank\">Paschto<\/a>&nbsp;|&nbsp;<a rel=\"noreferrer noopener\" href=\"https:\/\/www.integrationsfonds.at\/fileadmin\/content\/AT\/Downloads\/Corona_Infoblaetter\/Infoblatt_BMI_BMGSPK_Somali.pdf\" target=\"_blank\">Somali<\/a>&nbsp;|&nbsp;<a rel=\"noreferrer noopener\" href=\"https:\/\/www.integrationsfonds.at\/fileadmin\/content\/AT\/Downloads\/Corona_Infoblaetter\/Infoblatt_BMI_BMGSPK_Russisch.pdf\" target=\"_blank\">Russisch<\/a>&nbsp;|&nbsp;<a rel=\"noreferrer noopener\" href=\"https:\/\/help.unhcr.org\/austria\/wp-content\/uploads\/sites\/35\/2020\/03\/Infoblatt_OEAK_Amharisch.pdf\" target=\"_blank\">Amharisch<\/a>&nbsp;|&nbsp;<a rel=\"noreferrer noopener\" href=\"https:\/\/www.monitoringausschuss.at\/download\/broschueren\/MA_CoronaVirus_Infomaterial_LL.pdf\" target=\"_blank\">Leichte Sprache<\/a><\/p>\n\n\n\n<p><a href=\"https:\/\/www.sozialministerium.at\/Informationen-zum-Coronavirus\/Neuartiges-Coronavirus-(2019-nCov).html\" target=\"_blank\" rel=\"noreferrer noopener\"><strong>Weitere Infos und Updates<\/strong><\/a>&nbsp;auf der offiziellen Website des Bundesministeriums f\u00fcr Soziales, Gesundheit, Pflege und Konsumentenschutz<\/p>\n\n\n\n<p><a rel=\"noreferrer noopener\" href=\"https:\/\/www.integrationsfonds.at\/coronainfo\/en\/\" target=\"_blank\"><strong>Neue Entwicklungen in \u00d6sterreich, FAQs and Videos<\/strong><\/a>&nbsp;in vielen verschiedenen Sprachen auf der Website des \u00d6sterreichischen Integrationsfonds<\/p>\n\n\n\n<p><a rel=\"noreferrer noopener\" href=\"https:\/\/o94.at\/de\/schwerpunkt-corona?fbclid=IwAR33806VSRqtU1IZXYR-hdzIXbxEj5OAfk8gZkQisqgPV3gs67EBPwGn9Xg\" target=\"_blank\"><strong>Mehrsprachige Sendereihe<\/strong>&nbsp;von Radio Orange 94.0<\/a>&nbsp;zu COVID-19 auf Deutsch, Englisch, Arabisch, Farsi und Somali<\/p>\n\n\n\n<p><a rel=\"noreferrer noopener\" href=\"https:\/\/admin4all.eu\/news\/covid-19-information-leaflet-for-migrant-population\/\" target=\"_blank\"><strong>Informationsmaterial<\/strong>&nbsp;von IOM (derzeit in 32 Sprachen)<\/a><br><a rel=\"noreferrer noopener\" href=\"https:\/\/admin4all.eu\/news\/covid-19-informative-audio\/\" target=\"_blank\"><strong>Audiodateien<\/strong>&nbsp;von IOM (derzeit&nbsp;in 12 Sprachen)<\/a><\/p>\n\n\n\n<p><a rel=\"noreferrer noopener\" href=\"https:\/\/app.uugot.it\/catalog\/t\/COVID-19\" target=\"_blank\"><strong>Gratis App von uugot.it<\/strong>&nbsp;<\/a>mit weitere Informationen in verschiedenen Sprachen und Untertiteln f\u00fcr ORF Sendungen \u00fcber COVID-19<\/p>\n\n\n\n<hr class=\"wp-block-separator\" \/>\n\n\n\n<p><strong>Informationen f\u00fcr das Bundesland Wien<\/strong><\/p>\n\n\n\n<p>Mehrsprachiger<a href=\"https:\/\/www.wien.gv.at\/menschen\/integration\/corona-mehrsprachiger-info-service.html\" target=\"_blank\" rel=\"noreferrer noopener\">&nbsp;<strong>Info-Service<\/strong><\/a><br><\/p>\n\n\n\n<p><a rel=\"noreferrer noopener\" aria-label=\"Videos f\u00fcr Kinder (Stadt Wien) (opens in a new tab)\" href=\"https:\/\/covidnews.eurocities.eu\/2020\/03\/25\/vienna-corona-video-for-kids\/\" target=\"_blank\"><strong>Videos f\u00fcr Kinder (Stadt Wien)<\/strong><\/a>: Informationen zum Corona-Virus mit Untertiteln in mehreren Sprachen <\/p>\n","protected":false},"excerpt":{"rendered":"<p>+ + + ACHTUNG: Seit 1. Februar ist in \u00d6sterreich die Impfung gegen COVID-19 ab 18 Jahren verpflichtend. F\u00fcr gewisse Personen (z.B. Schwangere oder Personen, die sich aus medizinischen Gr\u00fcnden nicht impfen lassen k\u00f6nnen) gibt es Ausnahmen. +++ Impfungen sind in ganz \u00d6sterreich gratis f\u00fcr alle Personen \u00fcber 12 Jahren m\u00f6glich, es gibt auch bereits [&hellip;]<\/p>\n","protected":false},"author":93,"featured_media":0,"parent":801,"menu_order":1,"comment_status":"closed","ping_status":"closed","template":"","meta":{"_acf_changed":false,"footnotes":""},"class_list":["post-805","page","type-page","status-publish","hentry"],"acf":[],"_links":{"self":[{"href":"https:\/\/help.unhcr.org\/austria\/de\/wp-json\/wp\/v2\/pages\/805","targetHints":{"allow":["GET"]}}],"collection":[{"href":"https:\/\/help.unhcr.org\/austria\/de\/wp-json\/wp\/v2\/pages"}],"about":[{"href":"https:\/\/help.unhcr.org\/austria\/de\/wp-json\/wp\/v2\/types\/page"}],"author":[{"embeddable":true,"href":"https:\/\/help.unhcr.org\/austria\/de\/wp-json\/wp\/v2\/users\/93"}],"replies":[{"embeddable":true,"href":"https:\/\/help.unhcr.org\/austria\/de\/wp-json\/wp\/v2\/comments?post=805"}],"version-history":[{"count":106,"href":"https:\/\/help.unhcr.org\/austria\/de\/wp-json\/wp\/v2\/pages\/805\/revisions"}],"predecessor-version":[{"id":1585,"href":"https:\/\/help.unhcr.org\/austria\/de\/wp-json\/wp\/v2\/pages\/805\/revisions\/1585"}],"up":[{"embeddable":true,"href":"https:\/\/help.unhcr.org\/austria\/de\/wp-json\/wp\/v2\/pages\/801"}],"wp:attachment":[{"href":"https:\/\/help.unhcr.org\/austria\/de\/wp-json\/wp\/v2\/media?parent=805"}],"curies":[{"name":"wp","href":"https:\/\/api.w.org\/{rel}","templated":true}]}}