{"id":227,"date":"2018-06-12T10:41:48","date_gmt":"2018-06-12T10:41:48","guid":{"rendered":"http:\/\/help.unhcr.org\/austria\/?page_id=227"},"modified":"2024-02-29T08:49:38","modified_gmt":"2024-02-29T08:49:38","slug":"wenn-sie-subsidar-schutzberechtigt-sind","status":"publish","type":"page","link":"https:\/\/help.unhcr.org\/austria\/de\/family-reunification-2\/wenn-sie-subsidar-schutzberechtigt-sind\/","title":{"rendered":"Wenn Sie subsid\u00e4r schutzberechtigt sind"},"content":{"rendered":"<p>Familienangeh\u00f6rige von subsidi\u00e4r Schutzberechtigten k\u00f6nnen erst nach einer Wartefrist einen Antrag auf Familienzusammenf\u00fchrung stellen und es m\u00fcssen weitere Voraussetzungen erf\u00fcllt werden.<\/p>\n<p>Wenn Sie unter 18 Jahre alt sind, oder Ihre Kinder im Ausland bald 18 Jahre alt werden oder gro\u00dfe gesundheitliche Probleme haben, wenden Sie sich bitte an das <a href=\"https:\/\/meinefamilie.roteskreuz.at\/\" target=\"_blank\" rel=\"noopener noreferrer\">\u00d6sterreichische Rote Kreuz<\/a> f\u00fcr eine Beratung.<\/p>\n<p>Das Rote Kreuz hat die folgenden hilfreichen Videos erstellt (auf Arabisch):<\/p>\n<ul>\n<li>Wie schreibe ich ein Mail an das Rote Kreuz:\u00a0<a href=\"https:\/\/www.youtube.com\/watch?v=tf9tK47ydBI\" target=\"_blank\" rel=\"noopener\">hier<\/a><\/li>\n<li>Wie ist das Formular f\u00fcr meine Frau und meine Kinder auszuf\u00fcllen:\u00a0<a href=\"https:\/\/www.youtube.com\/watch?v=EU95v58ywxI\" target=\"_blank\" rel=\"noopener\">hier<\/a><\/li>\n<li>Wie ist das Formular f\u00fcr mein Kind auszuf\u00fcllen:\u00a0<a href=\"https:\/\/www.youtube.com\/watch?v=nUkcC-1b6UY\" target=\"_blank\" rel=\"noopener\">hier<\/a><\/li>\n<\/ul>\n\n\n<p><\/p>\n","protected":false},"excerpt":{"rendered":"<p>Familienangeh\u00f6rige von subsidi\u00e4r Schutzberechtigten k\u00f6nnen erst nach einer Wartefrist einen Antrag auf Familienzusammenf\u00fchrung stellen und es m\u00fcssen weitere Voraussetzungen erf\u00fcllt werden. Wenn Sie unter 18 Jahre alt sind, oder Ihre Kinder im Ausland bald 18 Jahre alt werden oder gro\u00dfe gesundheitliche Probleme haben, wenden Sie sich bitte an das \u00d6sterreichische Rote Kreuz f\u00fcr eine Beratung. [&hellip;]<\/p>\n","protected":false},"author":1,"featured_media":0,"parent":186,"menu_order":1,"comment_status":"closed","ping_status":"closed","template":"","meta":{"_acf_changed":false,"footnotes":""},"class_list":["post-227","page","type-page","status-publish","hentry"],"acf":[],"_links":{"self":[{"href":"https:\/\/help.unhcr.org\/austria\/de\/wp-json\/wp\/v2\/pages\/227","targetHints":{"allow":["GET"]}}],"collection":[{"href":"https:\/\/help.unhcr.org\/austria\/de\/wp-json\/wp\/v2\/pages"}],"about":[{"href":"https:\/\/help.unhcr.org\/austria\/de\/wp-json\/wp\/v2\/types\/page"}],"author":[{"embeddable":true,"href":"https:\/\/help.unhcr.org\/austria\/de\/wp-json\/wp\/v2\/users\/1"}],"replies":[{"embeddable":true,"href":"https:\/\/help.unhcr.org\/austria\/de\/wp-json\/wp\/v2\/comments?post=227"}],"version-history":[{"count":8,"href":"https:\/\/help.unhcr.org\/austria\/de\/wp-json\/wp\/v2\/pages\/227\/revisions"}],"predecessor-version":[{"id":2247,"href":"https:\/\/help.unhcr.org\/austria\/de\/wp-json\/wp\/v2\/pages\/227\/revisions\/2247"}],"up":[{"embeddable":true,"href":"https:\/\/help.unhcr.org\/austria\/de\/wp-json\/wp\/v2\/pages\/186"}],"wp:attachment":[{"href":"https:\/\/help.unhcr.org\/austria\/de\/wp-json\/wp\/v2\/media?parent=227"}],"curies":[{"name":"wp","href":"https:\/\/api.w.org\/{rel}","templated":true}]}}