{"id":224,"date":"2018-06-12T10:41:30","date_gmt":"2018-06-12T10:41:30","guid":{"rendered":"http:\/\/help.unhcr.org\/austria\/?page_id=224"},"modified":"2024-02-29T08:49:14","modified_gmt":"2024-02-29T08:49:14","slug":"wenn-sie-anerkannter-fluchtling-sind","status":"publish","type":"page","link":"https:\/\/help.unhcr.org\/austria\/de\/family-reunification-2\/wenn-sie-anerkannter-fluchtling-sind\/","title":{"rendered":"Wenn Sie anerkannter Fl\u00fcchtling sind"},"content":{"rendered":"<p>Ihr Ehepartner bzw. Ihre Ehepartnerin sowie Ihre Kinder k\u00f6nnen nach \u00d6sterreich kommen. Ihre Kinder m\u00fcssen zum Zeitpunkt Ihres Asylantrags in \u00d6sterreich unter 18 Jahre alt sein. Ihre Kinder m\u00fcssen auch unverheiratet sein.<\/p>\n<p>Fl\u00fcchtlinge unter 18 Jahren k\u00f6nnen ihre Eltern und Geschwister unter 18 Jahren nach \u00d6sterreich nachholen. Sie waren zum Zeitpunkt Ihres Asylantrags in \u00d6sterreich unter 18 Jahren und sind dann vollj\u00e4hrig geworden? Auch in diesem Fall ist eine Familienzusammenf\u00fchrung m\u00f6glich. Bitte informieren Sie sich genau.<\/p>\n<p>Es gibt ein eigenes Verfahren f\u00fcr die Familienzusammenf\u00fchrung. Ihre Familie muss einen Antrag bei der \u00f6sterreichischen Botschaft im Ausland stellen.\u00a0<strong>Es ist wichtig, dass dieser Antrag binnen drei Monaten, nachdem Sie Ihren Fl\u00fcchtlingsstatus erhalten haben, gestellt wird.<\/strong>\u00a0Das Antragsformular finden Sie\u00a0<a href=\"https:\/\/eur02.safelinks.protection.outlook.com\/?url=https%3A%2F%2Fwww.bfa.gv.at%2F401%2Fstart.aspx&amp;data=05%7C01%7Cschoeffl%40unhcr.org%7C4283b0147f8b44aed7f108db09bf1667%7Ce5c37981666441348a0c6543d2af80be%7C0%7C0%7C638114488532639389%7CUnknown%7CTWFpbGZsb3d8eyJWIjoiMC4wLjAwMDAiLCJQIjoiV2luMzIiLCJBTiI6Ik1haWwiLCJXVCI6Mn0%3D%7C3000%7C%7C%7C&amp;sdata=5ZKMRTsWjP2ciUrbBElWKTbhSLk9G7Swb6PAX84aisE%3D&amp;reserved=0\">hier<\/a>.<\/p>\n<p>F\u00fcr kostenlose Unterst\u00fctzung bei der Antragstellung kontaktieren Sie bitte das\u00a0<a href=\"https:\/\/meinefamilie.roteskreuz.at\/\" target=\"_blank\" rel=\"noopener\">\u00d6sterreichische Rote Kreuz<\/a>.<\/p>\n<p>Das Rote Kreuz hat die folgenden hilfreichen Videos erstellt (auf Arabisch):<\/p>\n<ul>\n<li>Wie schreibe ich ein Mail an das Rote Kreuz: <a href=\"https:\/\/www.youtube.com\/watch?v=tf9tK47ydBI\" target=\"_blank\" rel=\"noopener\">hier<\/a><\/li>\n<li>Wie ist das Formular f\u00fcr meine Frau und meine Kinder auszuf\u00fcllen: <a href=\"https:\/\/www.youtube.com\/watch?v=EU95v58ywxI\" target=\"_blank\" rel=\"noopener\">hier<\/a><\/li>\n<li>Wie ist das Formular f\u00fcr mein Kind auszuf\u00fcllen: <a href=\"https:\/\/www.youtube.com\/watch?v=nUkcC-1b6UY\" target=\"_blank\" rel=\"noopener\">hier<\/a><\/li>\n<\/ul>\n<h1 class=\"style-scope ytd-watch-metadata\"><\/h1>\n","protected":false},"excerpt":{"rendered":"<p>Ihr Ehepartner bzw. Ihre Ehepartnerin sowie Ihre Kinder k\u00f6nnen nach \u00d6sterreich kommen. Ihre Kinder m\u00fcssen zum Zeitpunkt Ihres Asylantrags in \u00d6sterreich unter 18 Jahre alt sein. Ihre Kinder m\u00fcssen auch unverheiratet sein. Fl\u00fcchtlinge unter 18 Jahren k\u00f6nnen ihre Eltern und Geschwister unter 18 Jahren nach \u00d6sterreich nachholen. Sie waren zum Zeitpunkt Ihres Asylantrags in \u00d6sterreich [&hellip;]<\/p>\n","protected":false},"author":1,"featured_media":0,"parent":186,"menu_order":0,"comment_status":"closed","ping_status":"closed","template":"","meta":{"_acf_changed":false,"footnotes":""},"class_list":["post-224","page","type-page","status-publish","hentry"],"acf":[],"_links":{"self":[{"href":"https:\/\/help.unhcr.org\/austria\/de\/wp-json\/wp\/v2\/pages\/224","targetHints":{"allow":["GET"]}}],"collection":[{"href":"https:\/\/help.unhcr.org\/austria\/de\/wp-json\/wp\/v2\/pages"}],"about":[{"href":"https:\/\/help.unhcr.org\/austria\/de\/wp-json\/wp\/v2\/types\/page"}],"author":[{"embeddable":true,"href":"https:\/\/help.unhcr.org\/austria\/de\/wp-json\/wp\/v2\/users\/1"}],"replies":[{"embeddable":true,"href":"https:\/\/help.unhcr.org\/austria\/de\/wp-json\/wp\/v2\/comments?post=224"}],"version-history":[{"count":8,"href":"https:\/\/help.unhcr.org\/austria\/de\/wp-json\/wp\/v2\/pages\/224\/revisions"}],"predecessor-version":[{"id":2246,"href":"https:\/\/help.unhcr.org\/austria\/de\/wp-json\/wp\/v2\/pages\/224\/revisions\/2246"}],"up":[{"embeddable":true,"href":"https:\/\/help.unhcr.org\/austria\/de\/wp-json\/wp\/v2\/pages\/186"}],"wp:attachment":[{"href":"https:\/\/help.unhcr.org\/austria\/de\/wp-json\/wp\/v2\/media?parent=224"}],"curies":[{"name":"wp","href":"https:\/\/api.w.org\/{rel}","templated":true}]}}