{"id":195,"date":"2018-06-12T10:38:08","date_gmt":"2018-06-12T10:38:08","guid":{"rendered":"http:\/\/help.unhcr.org\/austria\/?page_id=195"},"modified":"2025-01-09T08:53:37","modified_gmt":"2025-01-09T08:53:37","slug":"about-unhcr-in-austria-2","status":"publish","type":"page","link":"https:\/\/help.unhcr.org\/austria\/de\/about-unhcr-in-austria-2\/","title":{"rendered":"\u00dcber UNHCR in \u00d6sterreich"},"content":{"rendered":"<h2>Welche Aufgaben hat UNHCR in \u00d6sterreich?<\/h2>\n<p>\u00d6sterreichische Beh\u00f6rden und Gerichte haben die Aufgabe, Asylantr\u00e4ge zu bearbeiten und zu entscheiden, ob jemand in \u00d6sterreich Schutz bekommt und im Land bleiben darf oder nicht. UNHCR ist in \u00d6sterreich nicht f\u00fcr die Registrierung von Asylsuchenden und f\u00fcr die Bearbeitung von Asylantr\u00e4gen zust\u00e4ndig. UNHCR stellt auch keine Dokumente f\u00fcr Fl\u00fcchtlinge aus. Auch f\u00fcr die Unterbringung von Asylsuchenden sind in \u00d6sterreich die Beh\u00f6rden zust\u00e4ndig und nicht UNHCR.<\/p>\n<p>UNHCR in \u00d6sterreich beobachtet und kontrolliert die Umsetzung jener \u00f6sterreichischen Gesetze, die Fl\u00fcchtlinge und Asylsuchende betreffen. Ebenso gibt UNHCR regelm\u00e4\u00dfig <a href=\"http:\/\/www.unhcr.org\/dach\/at\/services\/publikationen\/rechtsinformation\" target=\"_blank\" rel=\"noopener\">Stellungnahmen zu Gesetzesvorschl\u00e4gen<\/a> ab, um sicherzustellen, dass Asylgesetze im Einklang mit internationalen Standards sind. UNHCR arbeitet eng mit Rechtsberater*innen, Anw\u00e4lt*innen, den Asylbeh\u00f6rden und den Gerichten zusammen, ist aber nicht operativ an Asylverfahren beteiligt.<\/p>\n<p>UNHCR \u00d6sterreich ist nur in einige Verfahren am Flughafen involviert. Dies ist im \u00f6sterreichischen Asylgesetz festgelegt. Wenn die \u00f6sterreichische Asylbeh\u00f6rde (BFA) beabsichtigt, einen Antrag am Flughafen als offensichtlich unbegr\u00fcndet oder aufgrund des bestehenden Schutzes in einem sicheren Drittstaat abzulehnen, muss UNHCR dieser Entscheidung zustimmen beziehunsgweise hat das Recht gegen eine negative Entscheidung ein Veto einzulegen, wenn UNHCR der Ansicht ist, dass der Asylantrag im regul\u00e4ren Asylverfahren in \u00d6sterreich gepr\u00fcft werden sollte.<\/p>\n<p>Eine weitere wesentliche Aufgabe liegt in der Sicherstellung fairer Asylverfahren, UNHCR kann aber keinen Einfluss auf die Entscheidungen der \u00f6sterreichischen Beh\u00f6rden und Gerichte nehmen.<\/p>\n<p>UNHCR versucht, Fl\u00fcchtlingen in der \u00d6ffentlichkeit eine Stimme zu verleihen und sich auch medial f\u00fcr ihre Anliegen einzusetzen. UNHCR arbeitet mit NGOs, Schulen, Jugendorganisationen etc. zusammen, um die Themen Flucht und Asyl einer breiten \u00d6ffentlichkeit n\u00e4her zu bringen und den Kontakt zwischen \u00d6sterreicherInnen und Fl\u00fcchtlingen zu f\u00f6rdern.<\/p>\n<p>UNHCR kann in \u00d6sterreich keine individuelle Beratung anbieten. Kostenlose Beratung f\u00fcr Asylsuchende und Fl\u00fcchtlinge werden von Beratungsorganisationen angeboten, einen \u00dcberblick finden Sie\u00a0auf den Seiten der NGO <a href=\"http:\/\/www.asyl.at\/de\/adressen\/beratungsstellen\/\" target=\"_blank\" rel=\"noopener\">asylkoordination<\/a>.<\/p>\n<p>UNHCR arbeitet mit diesen Organisationen eng zusammen.<\/p>\n<h2>Wie kann ich UNHCR in \u00d6sterreich kontaktieren?<\/h2>\n<p>UNHCR bietet in \u00d6sterreich keine Termine f\u00fcr individuelle Beratung f\u00fcr Fl\u00fcchtlinge und Asylsuchende an.<\/p>\n<p>Wenn Sie nicht wissen, welche \u00f6sterreichische Organisation Sie f\u00fcr Hilfe und Unterst\u00fctzung kontaktieren sollen, k\u00f6nnen Sie uns f\u00fcr Informationen erreichen unter:<\/p>\n<p>UNHCR \u00d6sterreich<br \/>\nPO Box 550<br \/>\n1400 Wien<\/p>\n<p>Telefon +43 (0)1 \u2013 260 60 4048<br \/>\nE-Mail: <a href=\"mailto:ausvi@unhcr.org\" target=\"_blank\" rel=\"noopener\">ausvi@unhcr.org<\/a><br \/>\nWeb: <a href=\"http:\/\/www.unhcr.org\/dach\/at\/\" target=\"_blank\" rel=\"noopener\">www.unhcr.at<\/a><\/p>\n","protected":false},"excerpt":{"rendered":"<p>Welche Aufgaben hat UNHCR in \u00d6sterreich? \u00d6sterreichische Beh\u00f6rden und Gerichte haben die Aufgabe, Asylantr\u00e4ge zu bearbeiten und zu entscheiden, ob jemand in \u00d6sterreich Schutz bekommt und im Land bleiben darf oder nicht. UNHCR ist in \u00d6sterreich nicht f\u00fcr die Registrierung von Asylsuchenden und f\u00fcr die Bearbeitung von Asylantr\u00e4gen zust\u00e4ndig. UNHCR stellt auch keine Dokumente f\u00fcr [&hellip;]<\/p>\n","protected":false},"author":1,"featured_media":0,"parent":0,"menu_order":8,"comment_status":"closed","ping_status":"closed","template":"","meta":{"_acf_changed":false,"footnotes":""},"class_list":["post-195","page","type-page","status-publish","hentry"],"acf":[],"_links":{"self":[{"href":"https:\/\/help.unhcr.org\/austria\/de\/wp-json\/wp\/v2\/pages\/195","targetHints":{"allow":["GET"]}}],"collection":[{"href":"https:\/\/help.unhcr.org\/austria\/de\/wp-json\/wp\/v2\/pages"}],"about":[{"href":"https:\/\/help.unhcr.org\/austria\/de\/wp-json\/wp\/v2\/types\/page"}],"author":[{"embeddable":true,"href":"https:\/\/help.unhcr.org\/austria\/de\/wp-json\/wp\/v2\/users\/1"}],"replies":[{"embeddable":true,"href":"https:\/\/help.unhcr.org\/austria\/de\/wp-json\/wp\/v2\/comments?post=195"}],"version-history":[{"count":9,"href":"https:\/\/help.unhcr.org\/austria\/de\/wp-json\/wp\/v2\/pages\/195\/revisions"}],"predecessor-version":[{"id":2329,"href":"https:\/\/help.unhcr.org\/austria\/de\/wp-json\/wp\/v2\/pages\/195\/revisions\/2329"}],"wp:attachment":[{"href":"https:\/\/help.unhcr.org\/austria\/de\/wp-json\/wp\/v2\/media?parent=195"}],"curies":[{"name":"wp","href":"https:\/\/api.w.org\/{rel}","templated":true}]}}