{"id":189,"date":"2018-06-12T13:16:58","date_gmt":"2018-06-12T13:16:58","guid":{"rendered":"http:\/\/help.unhcr.org\/austria\/?page_id=189"},"modified":"2021-11-16T10:02:54","modified_gmt":"2021-11-16T10:02:54","slug":"resettlement-2","status":"publish","type":"page","link":"https:\/\/help.unhcr.org\/austria\/de\/resettlement-2\/","title":{"rendered":"Resettlement"},"content":{"rendered":"<p>Der Begriff \u201cResettlement\u201d bezeichnet die dauerhafte Neuansiedlung besonders schutzbed\u00fcrftiger Fl\u00fcchtlinge in einem Drittstaat, der ihnen vollen Fl\u00fcchtlingsschutz gew\u00e4hrt.<\/p>\n<p>Mit Hilfe von Resettlement k\u00f6nnen Fl\u00fcchtlinge auf sicherem und legalem Weg in ein Land kommen.<\/p>\n<p>Leider gibt es viel zu wenige Resettlement-Pl\u00e4tze. Der Bedarf ist um ein Vielfaches h\u00f6her als die zur Verf\u00fcgung stehenden Pl\u00e4tze.<\/p>\n<p>Es gibt auch kein Recht auf Resettlement. Jedes Land kann selbst entscheiden, ob und wie viele Resettlement-Fl\u00fcchtlinge aufgenommen werden. Aktuell f\u00fchrt \u00d6sterreich kein Resettlement-Programm durch.<\/p>\n<p>Die Auswahl f\u00fcr ein Resettlement-Programm erfolgt nach fixen Kriterien. UNHCR w\u00e4hlt nach diesen Kriterien jene Fl\u00fcchtlinge aus, die am schutzbed\u00fcrftigsten sind. Diese Fl\u00fcchtlinge werden dann f\u00fcr das Resettlement-Programm vorgeschlagen. Die \u00f6sterreichischen Beh\u00f6rden treffen die Entscheidung, ob jemand in ein Resettlement-Programm aufgenommen wird oder nicht.<\/p>\n<p><strong>\u00a0<\/strong><strong>Das UNHCR-B\u00fcro in \u00d6sterreich oder in anderen L\u00e4ndern ist nicht f\u00fcr die Auswahl von Resettlement-Fl\u00fcchtlingen zust\u00e4ndig. <\/strong><\/p>\n<p><strong>\u00a0<\/strong><strong>F\u00fcr Fl\u00fcchtlinge in \u00d6sterreich ist Resettlement in ein anderes Land (wie z.B. nach Kanada oder in die US) grunds\u00e4tzlich nicht m\u00f6glich. <\/strong><\/p>\n","protected":false},"excerpt":{"rendered":"<p>Der Begriff \u201cResettlement\u201d bezeichnet die dauerhafte Neuansiedlung besonders schutzbed\u00fcrftiger Fl\u00fcchtlinge in einem Drittstaat, der ihnen vollen Fl\u00fcchtlingsschutz gew\u00e4hrt. Mit Hilfe von Resettlement k\u00f6nnen Fl\u00fcchtlinge auf sicherem und legalem Weg in ein Land kommen. Leider gibt es viel zu wenige Resettlement-Pl\u00e4tze. Der Bedarf ist um ein Vielfaches h\u00f6her als die zur Verf\u00fcgung stehenden Pl\u00e4tze. Es gibt [&hellip;]<\/p>\n","protected":false},"author":1,"featured_media":0,"parent":0,"menu_order":5,"comment_status":"closed","ping_status":"closed","template":"","meta":{"_acf_changed":false,"footnotes":""},"class_list":["post-189","page","type-page","status-publish","hentry"],"acf":[],"_links":{"self":[{"href":"https:\/\/help.unhcr.org\/austria\/de\/wp-json\/wp\/v2\/pages\/189","targetHints":{"allow":["GET"]}}],"collection":[{"href":"https:\/\/help.unhcr.org\/austria\/de\/wp-json\/wp\/v2\/pages"}],"about":[{"href":"https:\/\/help.unhcr.org\/austria\/de\/wp-json\/wp\/v2\/types\/page"}],"author":[{"embeddable":true,"href":"https:\/\/help.unhcr.org\/austria\/de\/wp-json\/wp\/v2\/users\/1"}],"replies":[{"embeddable":true,"href":"https:\/\/help.unhcr.org\/austria\/de\/wp-json\/wp\/v2\/comments?post=189"}],"version-history":[{"count":5,"href":"https:\/\/help.unhcr.org\/austria\/de\/wp-json\/wp\/v2\/pages\/189\/revisions"}],"predecessor-version":[{"id":1414,"href":"https:\/\/help.unhcr.org\/austria\/de\/wp-json\/wp\/v2\/pages\/189\/revisions\/1414"}],"wp:attachment":[{"href":"https:\/\/help.unhcr.org\/austria\/de\/wp-json\/wp\/v2\/media?parent=189"}],"curies":[{"name":"wp","href":"https:\/\/api.w.org\/{rel}","templated":true}]}}