{"id":186,"date":"2018-06-12T10:32:01","date_gmt":"2018-06-12T10:32:01","guid":{"rendered":"http:\/\/help.unhcr.org\/austria\/?page_id=186"},"modified":"2025-07-31T14:43:06","modified_gmt":"2025-07-31T14:43:06","slug":"family-reunification-2","status":"publish","type":"page","link":"https:\/\/help.unhcr.org\/austria\/de\/family-reunification-2\/","title":{"rendered":"Familienzusammenf\u00fchrung"},"content":{"rendered":"<p>Der Schutz der Familieneinheit ist ein wichtiges Menschenrecht. Wenn Sie vor oder w\u00e4hrend Ihrer Flucht von Ihrer Familie getrennt wurden, kann Ihre Familie unter bestimmten Bedingungen zu Ihnen nach \u00d6sterreich kommen.<\/p>\n<p>Wenn sich Mitglieder Ihrer Kernfamilie (EhepartnerIn und minderj\u00e4hrige Kinder) au\u00dferhalb der Europ\u00e4ischen Union befinden, k\u00f6nnen Sie nach \u00d6sterreich kommen, wenn Sie \u00fcber einen bestimmten Schutzstatus in \u00d6sterreich verf\u00fcgen. Ob die Familienzusammenf\u00fchrung m\u00f6glich ist, h\u00e4ngt von der Art des Schutzstatus ab (siehe Kategorien unten).<\/p>\n<p>Wenn sich Mitglieder Ihrer Kernfamilie (EhepartnerIn und minderj\u00e4hrige Kinder) innerhalb der Europ\u00e4ischen Union oder in der Schweiz, Liechtenstein, Norwegen oder Island befinden, \u00a0ist eine Zusammenf\u00fchrung auch schon w\u00e4hrend des Asylverfahrens m\u00f6glich. Wenn sich Ihre Familie nicht in einem dieser L\u00e4nder befindet, ist eine Familienzusammenf\u00fchrung vor der Gew\u00e4hrung eines Schutzstatus nicht m\u00f6glich.<\/p>\n<p><strong>Aktuelles:\u00a0<\/strong><\/p>\n<p>Die \u00f6sterreichische Regierung hat den Familiennachzug f\u00fcr Fl\u00fcchtlinge und subsidi\u00e4r Schutzberechtigte vor\u00fcbergehend gestoppt \u2013 bis sp\u00e4testens Ende September 2026.<\/p>\n<p>Trotzdem ist es m\u00f6glich, dass die Familienzusammenf\u00fchrung in bestimmten F\u00e4llen weiterhin gew\u00e4hrt wird, wenn besondere pers\u00f6nliche und famili\u00e4re Gr\u00fcnde vorliegen. Dies w\u00e4re zum Beispiel bei minderj\u00e4hrigen Kindern, die zu ihren Eltern wollen oder auch aus anderen humanit\u00e4ren Gr\u00fcnden.<\/p>\n<p><strong>Wichtig:<\/strong><br \/>\nDiese Gr\u00fcnde m\u00fcssen schon im Antrag genau erkl\u00e4rt werden. Die zust\u00e4ndige Beh\u00f6rde pr\u00fcft dann, ob eine Ausnahme m\u00f6glich ist.<\/p>\n<p>F\u00fcr weitere Informationen zur Familienzusammenf\u00fchrung besuchen Sie bitte die umfangreiche <a href=\"https:\/\/meinefamilie.roteskreuz.at\/\" target=\"_blank\" rel=\"noopener\">Informationswebsite des \u00d6sterreichischen Roten Kreuzes<\/a>.<\/p>\n","protected":false},"excerpt":{"rendered":"<p>Der Schutz der Familieneinheit ist ein wichtiges Menschenrecht. Wenn Sie vor oder w\u00e4hrend Ihrer Flucht von Ihrer Familie getrennt wurden, kann Ihre Familie unter bestimmten Bedingungen zu Ihnen nach \u00d6sterreich kommen. Wenn sich Mitglieder Ihrer Kernfamilie (EhepartnerIn und minderj\u00e4hrige Kinder) au\u00dferhalb der Europ\u00e4ischen Union befinden, k\u00f6nnen Sie nach \u00d6sterreich kommen, wenn Sie \u00fcber einen bestimmten [&hellip;]<\/p>\n","protected":false},"author":1,"featured_media":0,"parent":0,"menu_order":4,"comment_status":"closed","ping_status":"closed","template":"page-templates\/listing_page.php","meta":{"_acf_changed":false,"footnotes":""},"class_list":["post-186","page","type-page","status-publish","hentry"],"acf":[],"_links":{"self":[{"href":"https:\/\/help.unhcr.org\/austria\/de\/wp-json\/wp\/v2\/pages\/186","targetHints":{"allow":["GET"]}}],"collection":[{"href":"https:\/\/help.unhcr.org\/austria\/de\/wp-json\/wp\/v2\/pages"}],"about":[{"href":"https:\/\/help.unhcr.org\/austria\/de\/wp-json\/wp\/v2\/types\/page"}],"author":[{"embeddable":true,"href":"https:\/\/help.unhcr.org\/austria\/de\/wp-json\/wp\/v2\/users\/1"}],"replies":[{"embeddable":true,"href":"https:\/\/help.unhcr.org\/austria\/de\/wp-json\/wp\/v2\/comments?post=186"}],"version-history":[{"count":9,"href":"https:\/\/help.unhcr.org\/austria\/de\/wp-json\/wp\/v2\/pages\/186\/revisions"}],"predecessor-version":[{"id":2370,"href":"https:\/\/help.unhcr.org\/austria\/de\/wp-json\/wp\/v2\/pages\/186\/revisions\/2370"}],"wp:attachment":[{"href":"https:\/\/help.unhcr.org\/austria\/de\/wp-json\/wp\/v2\/media?parent=186"}],"curies":[{"name":"wp","href":"https:\/\/api.w.org\/{rel}","templated":true}]}}