{"id":181,"date":"2018-06-12T10:29:31","date_gmt":"2018-06-12T10:29:31","guid":{"rendered":"http:\/\/help.unhcr.org\/austria\/?page_id=181"},"modified":"2019-08-29T13:43:07","modified_gmt":"2019-08-29T13:43:07","slug":"recognized-refugees-or-beneficiaries-of-subsidiary-protection","status":"publish","type":"page","link":"https:\/\/help.unhcr.org\/austria\/de\/rights-and-obligations-2\/recognized-refugees-or-beneficiaries-of-subsidiary-protection\/","title":{"rendered":"Anerkannte Fl\u00fcchtlinge oder subsidi\u00e4r Schutzberechtigte"},"content":{"rendered":"<h2>Ihre Rechte als anerkannter Fl\u00fcchtling oder subsidi\u00e4r Schutzberechtigte\/r:<\/h2>\n<ul>\n<li>Sie haben Zugang zum Arbeitsmarkt bzw. zu Aus- und Weiterbildungskursen und sind krankenversichert. Zudem haben Sie Anspruch auf bestimmte finanzielle Unterst\u00fctzungsleistungen (Sozialhilfe). Die H\u00f6he der Unterst\u00fctzungsleistung h\u00e4ngt vom jeweiligen Bundesland in dem Sie wohnen ab. Achtung &#8211; subsidi\u00e4r Schutzberechtigte haben nicht in allen Bundesl\u00e4ndern Anspruch auf bedarfsorientierte Mindestsicherung.<\/li>\n<li>Sie k\u00f6nnen ein Reisedokument (Konventionsreisepass) beantragen, um andere L\u00e4nder zu bereisen.<\/li>\n<li>Als anerkannter Fl\u00fcchtling ist Ihre Aufenthaltsberechtigung vorerst f\u00fcr drei Jahre g\u00fcltig. Wenn Sie in diesem Zeitraum keine anderweitige Benachrichtigung erhalten, wird Ihre Aufenthaltsberechtigung automatisch verl\u00e4ngert und unterliegt keiner weiteren Befristung.<\/li>\n<li>Als anerkannter Fl\u00fcchtling bzw. wenn Sie subsidi\u00e4ren Schutz erhalten haben, k\u00f6nnen Sie nach 5 Jahren einen Daueraufenthaltstitel bzw. nach 10 Jahren die \u00f6sterreichischen Staatsb\u00fcrgerschaft beantragen, wenn Sie die entsprechenden Anforderungskriterien erf\u00fcllen. Wenn Sie eine besondere Integrationsleistung aufweisen k\u00f6nnen, kann die Beantragung der Staatsb\u00fcrgerschaft bereits nach 6 Jahren m\u00f6glich sein. Weitere Informationen zur Beantragung der \u00f6sterreichischen Staatsb\u00fcrgerschaft finden Sie <a href=\"https:\/\/www.help.gv.at\/Portal.Node\/hlpd\/public\/content\/136\/Seite.1360001.html\" target=\"_blank\" rel=\"noopener\">hier<\/a>.<\/li>\n<li>Wenn Sie subsidi\u00e4ren Schutz erhalten haben, ist Ihre Aufenthaltsberechtigung vorerst f\u00fcr ein Jahr g\u00fcltig. Wenn sich die Situation in Ihrem Heimatland nicht stark verbessert hat, k\u00f6nnen Sie eine Verl\u00e4ngerung beantragen (damit verl\u00e4ngert sich Ihre Aufenthaltsberechtigung um zwei Jahre).<\/li>\n<\/ul>\n<h2>Ihre Pflichten als anerkannter Fl\u00fcchtling oder subsidi\u00e4r Schutzberechtigte\/r:<\/h2>\n<ul>\n<li>Sie m\u00fcssen die Gesetze des Landes in dem Sie sich aufhalten befolgen. Wenn Sie die Gesetze nicht befolgen, kann dies dazu f\u00fchren, dass Ihre Rechte als Schutzberechtigter aufgehoben werden und Ihnen strafrechtliche Konsequenzen drohen.<\/li>\n<li>Ihr Hauptwohnsitz muss sich in \u00d6sterreich befinden. Um dies zu bescheinigen, ben\u00f6tigen Sie einen Meldezettel.<\/li>\n<li>Sie m\u00fcssen eine Integrationsvereinbarung unterschreiben. Mit dieser Vereinbarung unterschreiben Sie, dass Sie gewillt sind, sich in \u00d6sterreich zu integrieren, deutsch zu lernen und die Regelungen und Gesetze des Landes zu befolgen.<\/li>\n<\/ul>\n","protected":false},"excerpt":{"rendered":"<p>Ihre Rechte als anerkannter Fl\u00fcchtling oder subsidi\u00e4r Schutzberechtigte\/r: Sie haben Zugang zum Arbeitsmarkt bzw. zu Aus- und Weiterbildungskursen und sind krankenversichert. Zudem haben Sie Anspruch auf bestimmte finanzielle Unterst\u00fctzungsleistungen (Sozialhilfe). Die H\u00f6he der Unterst\u00fctzungsleistung h\u00e4ngt vom jeweiligen Bundesland in dem Sie wohnen ab. Achtung &#8211; subsidi\u00e4r Schutzberechtigte haben nicht in allen Bundesl\u00e4ndern Anspruch auf bedarfsorientierte [&hellip;]<\/p>\n","protected":false},"author":1,"featured_media":0,"parent":175,"menu_order":1,"comment_status":"closed","ping_status":"closed","template":"","meta":{"_acf_changed":false,"footnotes":""},"class_list":["post-181","page","type-page","status-publish","hentry"],"acf":[],"_links":{"self":[{"href":"https:\/\/help.unhcr.org\/austria\/de\/wp-json\/wp\/v2\/pages\/181","targetHints":{"allow":["GET"]}}],"collection":[{"href":"https:\/\/help.unhcr.org\/austria\/de\/wp-json\/wp\/v2\/pages"}],"about":[{"href":"https:\/\/help.unhcr.org\/austria\/de\/wp-json\/wp\/v2\/types\/page"}],"author":[{"embeddable":true,"href":"https:\/\/help.unhcr.org\/austria\/de\/wp-json\/wp\/v2\/users\/1"}],"replies":[{"embeddable":true,"href":"https:\/\/help.unhcr.org\/austria\/de\/wp-json\/wp\/v2\/comments?post=181"}],"version-history":[{"count":8,"href":"https:\/\/help.unhcr.org\/austria\/de\/wp-json\/wp\/v2\/pages\/181\/revisions"}],"predecessor-version":[{"id":332,"href":"https:\/\/help.unhcr.org\/austria\/de\/wp-json\/wp\/v2\/pages\/181\/revisions\/332"}],"up":[{"embeddable":true,"href":"https:\/\/help.unhcr.org\/austria\/de\/wp-json\/wp\/v2\/pages\/175"}],"wp:attachment":[{"href":"https:\/\/help.unhcr.org\/austria\/de\/wp-json\/wp\/v2\/media?parent=181"}],"curies":[{"name":"wp","href":"https:\/\/api.w.org\/{rel}","templated":true}]}}