{"id":178,"date":"2018-06-12T13:15:02","date_gmt":"2018-06-12T13:15:02","guid":{"rendered":"http:\/\/help.unhcr.org\/austria\/?page_id=178"},"modified":"2019-08-29T13:48:20","modified_gmt":"2019-08-29T13:48:20","slug":"asylum-seekers","status":"publish","type":"page","link":"https:\/\/help.unhcr.org\/austria\/de\/rights-and-obligations-2\/asylum-seekers\/","title":{"rendered":"Asylsuchende"},"content":{"rendered":"<h2>Ihre Rechte als Asylsuchende\/r:<\/h2>\n<p>Egal in welchem Stadium des Asylverfahrens Sie sich befinden, Sie haben jedenfalls die folgenden Rechte:<\/p>\n<ul>\n<li>Sie haben das Recht, Informationen in einer f\u00fcr Sie verst\u00e4ndlichen Sprache \u00fcber Ihren Asylantrag sowie Ihre Rechte und Pflichten zu erhalten.<\/li>\n<li>Sie haben das Recht, Grundversorgung (insb. Unterkunft und Verpflegung) zu erhalten.<\/li>\n<li>In der Regel sind Sie zum Aufenthalt in \u00d6sterreich berechtigt bis die Asylbeh\u00f6rde bzw. das Gericht \u00fcber Ihren Asylantrag entschieden haben. Das bedeutet, dass Sie nicht gegen Ihren Willen in ein anderes Land gebracht werden k\u00f6nnen, w\u00e4hrend Sie auf Ihre endg\u00fcltige Entscheidung warten. F\u00fcr genauere Informationen zu Ihrer Situation kontaktieren Sie bitte eine <a href=\"https:\/\/help.unhcr.org\/austria\/de\/where-to-seek-help\/\">Rechtsberatungsorganisation<\/a>.<\/li>\n<li>Kinder d\u00fcrfen (bzw. m\u00fcssen) in die Schule gehen (zumindest bis zu einem Alter von 15 Jahren).<\/li>\n<li>Sie d\u00fcrfen Personen in anderen Bundesl\u00e4ndern \u00d6sterreichs besuchen, aber Sie d\u00fcrfen in keinem anderen Bundesland als dem Bundesland, dem Sie zugeteilt sind, einen Wohnsitz anmelden.<\/li>\n<li>Sie erhalten dieselbe Basis-Gesundheitsversorgung wie \u00d6sterreicher und \u00d6sterreicherin (E-Card).<\/li>\n<\/ul>\n<h2>Ihre Pflichten als Asylsuchende\/r:<\/h2>\n<ul>\n<li>Sie m\u00fcssen die Gesetze des Landes in dem Sie sich aufhalten befolgen. Wenn Sie die Gesetze nicht befolgen, kann dies dazu f\u00fchren, dass Ihre Rechte als Asylsuchender aufgehoben werden und Ihnen strafrechtliche Konsequenzen drohen.<\/li>\n<li>Sie m\u00fcssen in allen Angelegenheiten mit den \u00f6sterreichischen Beh\u00f6rden zusammenarbeiten.<\/li>\n<li>Die Beh\u00f6rde darf Ihnen bei Ihrer Asylantragstellung mitgebrachtes Bargeld (wenn Sie mehr als 120\u20ac bei sich tragen) abnehmen. Es d\u00fcrfen Ihnen allerdings h\u00f6chstens 840\u20ac abgenommen werden. Dieses Geld wird verwendet, um Teile der Kosten Ihrer Unterbringung zu decken. Wurde Ihnen mehr Bargeld abgenommen, als zur Deckung der Kosten ben\u00f6tigt wurde, haben Sie ein Recht darauf, dass Ihnen der \u00fcbrige Betrag wieder zur\u00fcckgegeben wird. F\u00fcr weitere Informationen kontaktieren Sie bitte eine <a href=\"https:\/\/help.unhcr.org\/austria\/de\/where-to-seek-help\/\">Rechtsberatungsorganisation<\/a>.<\/li>\n<li>Die Beh\u00f6rde darf Ihnen bei Ihrer Asylantragstellung mitgebrachte Datentr\u00e4ger (z.B. Handy) abnehmen und die darauf befindlichen Daten auswerten, um Ihre Identit\u00e4t oder Fluchtroute festzustellen. Nachdem die Daten ausgewertet wurden, m\u00fcssen Ihnen die Datentr\u00e4ger so schnell wie m\u00f6glich wieder zur\u00fcckgegeben werden.<\/li>\n<li>Sie m\u00fcssen die Asylbeh\u00f6rden \u00fcber jede \u00c4nderung ihrer Wohnadresse informieren.<\/li>\n<li>Sie m\u00fcssen in \u00d6sterreich bleiben. Wenn Sie \u00d6sterreich verlassen, wird Ihr Asylverfahren eingestellt. Wenn Sie ohne Erlaubnis in einen anderen Dublin-III-Staat reisen, w\u00e4hrend ihr Asylantrag noch in \u00d6sterreich gepr\u00fcft wird, k\u00f6nnen die Beh\u00f6rden dieses Landes Sie nach \u00d6sterreich zur\u00fcckbringen. Siehe <a href=\"https:\/\/help.unhcr.org\/austria\/de\/asylum-in-austria-2\/can-my-application-for-asylum-be-examined-in-another-european-country\/\">Kann mein Asylantrag in einem anderen europ\u00e4ischen Land gepr\u00fcft werden?<\/a><\/li>\n<li>Sie k\u00f6nnen Ihren Wohnsitz nicht in ein anderes \u00f6sterreichisches Bundesland verlegen. Das gilt auch, wenn Sie bereits subsidi\u00e4ren Schutz erhalten haben, aber Ihre Beschwerde betreffend die Anerkennung als Asylberechtigter noch beim Bundesverwaltungsgericht anh\u00e4ngig ist.<\/li>\n<li>Wenn Sie Ihre Unterkunft f\u00fcr mehr als 48 Stunden verlassen, kann die Verpflichtung bestehen, dies Ihrem Quartiergeber oder Ihrer Quartiergeberin zu melden.<\/li>\n<\/ul>\n","protected":false},"excerpt":{"rendered":"<p>Ihre Rechte als Asylsuchende\/r: Egal in welchem Stadium des Asylverfahrens Sie sich befinden, Sie haben jedenfalls die folgenden Rechte: Sie haben das Recht, Informationen in einer f\u00fcr Sie verst\u00e4ndlichen Sprache \u00fcber Ihren Asylantrag sowie Ihre Rechte und Pflichten zu erhalten. Sie haben das Recht, Grundversorgung (insb. Unterkunft und Verpflegung) zu erhalten. In der Regel sind [&hellip;]<\/p>\n","protected":false},"author":1,"featured_media":0,"parent":175,"menu_order":0,"comment_status":"closed","ping_status":"closed","template":"","meta":{"_acf_changed":false,"footnotes":""},"class_list":["post-178","page","type-page","status-publish","hentry"],"acf":[],"_links":{"self":[{"href":"https:\/\/help.unhcr.org\/austria\/de\/wp-json\/wp\/v2\/pages\/178","targetHints":{"allow":["GET"]}}],"collection":[{"href":"https:\/\/help.unhcr.org\/austria\/de\/wp-json\/wp\/v2\/pages"}],"about":[{"href":"https:\/\/help.unhcr.org\/austria\/de\/wp-json\/wp\/v2\/types\/page"}],"author":[{"embeddable":true,"href":"https:\/\/help.unhcr.org\/austria\/de\/wp-json\/wp\/v2\/users\/1"}],"replies":[{"embeddable":true,"href":"https:\/\/help.unhcr.org\/austria\/de\/wp-json\/wp\/v2\/comments?post=178"}],"version-history":[{"count":9,"href":"https:\/\/help.unhcr.org\/austria\/de\/wp-json\/wp\/v2\/pages\/178\/revisions"}],"predecessor-version":[{"id":334,"href":"https:\/\/help.unhcr.org\/austria\/de\/wp-json\/wp\/v2\/pages\/178\/revisions\/334"}],"up":[{"embeddable":true,"href":"https:\/\/help.unhcr.org\/austria\/de\/wp-json\/wp\/v2\/pages\/175"}],"wp:attachment":[{"href":"https:\/\/help.unhcr.org\/austria\/de\/wp-json\/wp\/v2\/media?parent=178"}],"curies":[{"name":"wp","href":"https:\/\/api.w.org\/{rel}","templated":true}]}}