{"id":175,"date":"2018-06-07T14:43:32","date_gmt":"2018-06-07T14:43:32","guid":{"rendered":"http:\/\/help.unhcr.org\/austria\/?page_id=175"},"modified":"2018-06-13T10:19:50","modified_gmt":"2018-06-13T10:19:50","slug":"rights-and-obligations-2","status":"publish","type":"page","link":"https:\/\/help.unhcr.org\/austria\/de\/rights-and-obligations-2\/","title":{"rendered":"Rechte und Pflichten f\u00fcr Asylsuchende und Fl\u00fcchtlinge"},"content":{"rendered":"<p>W\u00e4hrend Asylsuchende noch im Asylverfahren stehen, haben anerkannte Fl\u00fcchtlinge und subsidi\u00e4r Schutzberechtigte bereits einen internationalen Schutzstatus erhalten.<\/p>\n<p>Weitere Informationen zum Asylverfahren in \u00d6sterreich finden Sie <a href=\"https:\/\/help.unhcr.org\/austria\/de\/asylum-in-austria-2\/the-asylum-procedure\/\">hier<\/a>.<\/p>\n","protected":false},"excerpt":{"rendered":"<p>W\u00e4hrend Asylsuchende noch im Asylverfahren stehen, haben anerkannte Fl\u00fcchtlinge und subsidi\u00e4r Schutzberechtigte bereits einen internationalen Schutzstatus erhalten. Weitere Informationen zum Asylverfahren in \u00d6sterreich finden Sie hier.<\/p>\n","protected":false},"author":1,"featured_media":0,"parent":0,"menu_order":3,"comment_status":"closed","ping_status":"closed","template":"page-templates\/listing_page.php","meta":{"_acf_changed":false,"footnotes":""},"class_list":["post-175","page","type-page","status-publish","hentry"],"acf":[],"_links":{"self":[{"href":"https:\/\/help.unhcr.org\/austria\/de\/wp-json\/wp\/v2\/pages\/175","targetHints":{"allow":["GET"]}}],"collection":[{"href":"https:\/\/help.unhcr.org\/austria\/de\/wp-json\/wp\/v2\/pages"}],"about":[{"href":"https:\/\/help.unhcr.org\/austria\/de\/wp-json\/wp\/v2\/types\/page"}],"author":[{"embeddable":true,"href":"https:\/\/help.unhcr.org\/austria\/de\/wp-json\/wp\/v2\/users\/1"}],"replies":[{"embeddable":true,"href":"https:\/\/help.unhcr.org\/austria\/de\/wp-json\/wp\/v2\/comments?post=175"}],"version-history":[{"count":10,"href":"https:\/\/help.unhcr.org\/austria\/de\/wp-json\/wp\/v2\/pages\/175\/revisions"}],"predecessor-version":[{"id":264,"href":"https:\/\/help.unhcr.org\/austria\/de\/wp-json\/wp\/v2\/pages\/175\/revisions\/264"}],"wp:attachment":[{"href":"https:\/\/help.unhcr.org\/austria\/de\/wp-json\/wp\/v2\/media?parent=175"}],"curies":[{"name":"wp","href":"https:\/\/api.w.org\/{rel}","templated":true}]}}