{"id":166,"date":"2018-06-12T13:13:26","date_gmt":"2018-06-12T13:13:26","guid":{"rendered":"http:\/\/help.unhcr.org\/austria\/?page_id=166"},"modified":"2021-12-21T14:44:06","modified_gmt":"2021-12-21T14:44:06","slug":"the-asylum-procedure","status":"publish","type":"page","link":"https:\/\/help.unhcr.org\/austria\/de\/asylum-in-austria-2\/the-asylum-procedure\/","title":{"rendered":"Das Asylverfahren in \u00d6sterreich"},"content":{"rendered":"<p>Ein Antrag auf internationalen Schutz (<strong>Asylantrag<\/strong>) ist direkt bei der <strong>Polizei<\/strong> oder bei <strong>\u00f6sterreichischen PolizistInnen<\/strong> zu stellen.<\/p>\n<p>Nach Antragstellung werden Sie zu einer der spezialisierten Polizeiinspektionen gebracht. Dort findet die so genannte <strong>Erstbefragung<\/strong> statt. Dabei werden Sie zu Ihrer Identit\u00e4t, Ihrem Fluchtweg und kurz zu Ihren Fluchtgr\u00fcnden befragt. Die Polizeiinspektion leitet dann Ihre Daten an das Bundesamt f\u00fcr Fremdenwesen und Asyl (BFA) weiter. Dieses entscheidet, ob Sie zu einem regul\u00e4ren Asylverfahren in \u00d6sterreich zugelassen werden oder ob ein anderes europ\u00e4isches Land f\u00fcr Ihren Asylantrag zust\u00e4ndig ist (siehe <a href=\"https:\/\/help.unhcr.org\/austria\/de\/asylum-in-austria-2\/can-my-application-for-asylum-be-examined-in-another-european-country\">Kann mein Asylantrag in einem anderen europ\u00e4ischen Land gepr\u00fcft werden?<\/a>). Sie haben dazu jedenfalls noch ein Interview beim BFA.<\/p>\n<p>Gegen einen Entscheidung, dass Sie <strong>nicht zum Verfahren in \u00d6sterreich zugelassen werden<\/strong>, k\u00f6nnen Sie innerhalb der in der Entscheidung angegebenen Frist Beschwerde einbringen. Daf\u00fcr wird Ihnen ein Rechtsberater oder eine Rechtsberaterin zur Seite gestellt.<\/p>\n<p><strong>Wenn Sie zum Asylverfahren in \u00d6sterreich zugelassen werden<\/strong>, erhalten Sie eine Aufenthaltsberechtigung (= wei\u00dfe Karte). In der Regel werden Sie nun in ein anderes Quartier f\u00fcr Asylsuchende in einem der \u00f6sterreichischen Bundesl\u00e4nder verlegt. Sie haben dann nach einiger Zeit eine Einvernahme beim BFA in diesem Bundesland, in der Sie genau zu Ihren Fluchtgr\u00fcnden befragt werden.<\/p>\n<p><strong>Wenn Ihr Asylantrag abgelehnt wird<\/strong>, k\u00f6nnen Sie innerhalb der in der Entscheidung angegebenen Frist Beschwerde an das Bundesverwaltungsgericht einbringen. Daf\u00fcr wird Ihnen ein Rechtsberater oder eine Rechtsberaterin zur Seite gestellt. Die Entscheidungen im Asylverfahren werden durch die \u00f6sterreichischen Beh\u00f6rden und Gerichte getroffen. <strong>UNHCR ist in diese Entscheidungen nicht eingebunden.<\/strong><\/p>\n<p>F\u00fcr weitere Informationen zum Asylverfahren in \u00d6sterreich siehe:<\/p>\n<p><a href=\"https:\/\/www.bfa.gv.at\/201\/Ablauf_Asylverfahren\/files\/2020_580_Infografik_Asylverfahren_in_OEsterreich_Deutsch_V20201201_web.pdf\" target=\"_blank\" rel=\"noopener\">Infografik<\/a> (erstellt vom Bundesamt f\u00fcr Fremdenswesen und Asyl)<\/p>\n","protected":false},"excerpt":{"rendered":"<p>Ein Antrag auf internationalen Schutz (Asylantrag) ist direkt bei der Polizei oder bei \u00f6sterreichischen PolizistInnen zu stellen. Nach Antragstellung werden Sie zu einer der spezialisierten Polizeiinspektionen gebracht. Dort findet die so genannte Erstbefragung statt. Dabei werden Sie zu Ihrer Identit\u00e4t, Ihrem Fluchtweg und kurz zu Ihren Fluchtgr\u00fcnden befragt. Die Polizeiinspektion leitet dann Ihre Daten an [&hellip;]<\/p>\n","protected":false},"author":1,"featured_media":0,"parent":163,"menu_order":0,"comment_status":"closed","ping_status":"closed","template":"","meta":{"_acf_changed":false,"footnotes":""},"class_list":["post-166","page","type-page","status-publish","hentry"],"acf":[],"_links":{"self":[{"href":"https:\/\/help.unhcr.org\/austria\/de\/wp-json\/wp\/v2\/pages\/166","targetHints":{"allow":["GET"]}}],"collection":[{"href":"https:\/\/help.unhcr.org\/austria\/de\/wp-json\/wp\/v2\/pages"}],"about":[{"href":"https:\/\/help.unhcr.org\/austria\/de\/wp-json\/wp\/v2\/types\/page"}],"author":[{"embeddable":true,"href":"https:\/\/help.unhcr.org\/austria\/de\/wp-json\/wp\/v2\/users\/1"}],"replies":[{"embeddable":true,"href":"https:\/\/help.unhcr.org\/austria\/de\/wp-json\/wp\/v2\/comments?post=166"}],"version-history":[{"count":13,"href":"https:\/\/help.unhcr.org\/austria\/de\/wp-json\/wp\/v2\/pages\/166\/revisions"}],"predecessor-version":[{"id":1488,"href":"https:\/\/help.unhcr.org\/austria\/de\/wp-json\/wp\/v2\/pages\/166\/revisions\/1488"}],"up":[{"embeddable":true,"href":"https:\/\/help.unhcr.org\/austria\/de\/wp-json\/wp\/v2\/pages\/163"}],"wp:attachment":[{"href":"https:\/\/help.unhcr.org\/austria\/de\/wp-json\/wp\/v2\/media?parent=166"}],"curies":[{"name":"wp","href":"https:\/\/api.w.org\/{rel}","templated":true}]}}