{"id":163,"date":"2018-06-07T14:44:43","date_gmt":"2018-06-07T14:44:43","guid":{"rendered":"http:\/\/help.unhcr.org\/austria\/?page_id=163"},"modified":"2024-07-03T14:17:50","modified_gmt":"2024-07-03T14:17:50","slug":"asylum-in-austria-2","status":"publish","type":"page","link":"https:\/\/help.unhcr.org\/austria\/de\/asylum-in-austria-2\/","title":{"rendered":"Asyl in \u00d6sterreich"},"content":{"rendered":"<h2>Was ist Asyl?<\/h2>\n<p>Wenn Sie Angst haben, in ihr Heimatland (bzw. als staatenlose Person in das Land ihres gew\u00f6hnlichen Aufenthalts) zur\u00fcckzukehren, weil Ihnen dort gro\u00dfe Gefahr droht, k\u00f6nnen Sie in \u00d6sterreich Schutz erhalten. Als ersten Schritt m\u00fcssen Sie einen <a href=\"https:\/\/help.unhcr.org\/austria\/de\/asylum-in-austria-2\/the-asylum-procedure\/\" target=\"_blank\" rel=\"noopener\">Asylantrag<\/a> (Antrag auf internationalen Schutz) stellen.<\/p>\n<p>Die \u00f6sterreichischen Asylbeh\u00f6rden werden Ihren Antrag pr\u00fcfen und im Einklang mit europ\u00e4ischem und \u00f6sterreichischem Recht eine Entscheidung treffen. Sie werden entweder <strong>Fl\u00fcchtlingsstatus, subsidi\u00e4ren Schutz oder eine Aufenthaltsberechtigung aus humanit\u00e4ren Gr\u00fcnden erhalten oder Ihr Antrag wird abgelehnt<\/strong>. F\u00fcr genauere Informationen zu den unterschiedlichen Schutzformen, die in \u00d6sterreich gew\u00e4hrt werden k\u00f6nnen, siehe\u00a0<a href=\"http:\/\/www.asyl-faq.at\/content\/?lang=de\" target=\"_blank\" rel=\"noopener\">diesen Link<\/a>.<\/p>\n<p>Weitere Informationen zum \u00f6sterreichischen Asylverfahren finden Sie im Kapitel <a href=\"https:\/\/help.unhcr.org\/austria\/de\/asylum-in-austria-2\/the-asylum-procedure\/\">Das Asylverfahren in \u00d6sterreich<\/a>.<\/p>\n<p>Ein Asylantrag kann nur auf \u00f6sterreichischem Staatsgebiet gestellt werden. <strong>Es ist nicht m\u00f6glich, vom Ausland aus einen Asylantrag f\u00fcr \u00d6sterreich zu stellen.<\/strong><\/p>\n<p>Wenn Sie nahe Familienangeh\u00f6rige haben, denen in \u00d6sterreich Schutz gew\u00e4hrt wurde, kann eine Zusammenf\u00fchrung mit Ihrer Familie in \u00d6sterreich m\u00f6glich sein, wenn die entsprechenden Kriterien erf\u00fcllt sind. Weitere Informationen finden Sie im Kapitel <a href=\"https:\/\/help.unhcr.org\/austria\/de\/family-reunification-2\/\">Familienzusammenf\u00fchrung<\/a>.<\/p>\n<p><strong>Wenn Sie sich in Europa befinden und nahe Familienangeh\u00f6rige in \u00d6sterreich haben<\/strong>, kann die M\u00f6glichkeit bestehen, dass eine Zusammenf\u00fchrung nach der sogenannten <strong>Dublin-III-Verordnung<\/strong> m\u00f6glich ist, wenn die entsprechenden Kriterien erf\u00fcllt sind. Weitere Informationen dazu finden Sie im Kapitel <a href=\"https:\/\/help.unhcr.org\/austria\/de\/asylum-in-austria-2\/can-my-application-for-asylum-be-examined-in-another-european-country\">Kann mein Asylantrag in einem anderen europ\u00e4ischen Land gepr\u00fcft werden?<\/a><\/p>\n","protected":false},"excerpt":{"rendered":"<p>Was ist Asyl? Wenn Sie Angst haben, in ihr Heimatland (bzw. als staatenlose Person in das Land ihres gew\u00f6hnlichen Aufenthalts) zur\u00fcckzukehren, weil Ihnen dort gro\u00dfe Gefahr droht, k\u00f6nnen Sie in \u00d6sterreich Schutz erhalten. Als ersten Schritt m\u00fcssen Sie einen Asylantrag (Antrag auf internationalen Schutz) stellen. Die \u00f6sterreichischen Asylbeh\u00f6rden werden Ihren Antrag pr\u00fcfen und im Einklang [&hellip;]<\/p>\n","protected":false},"author":1,"featured_media":0,"parent":0,"menu_order":2,"comment_status":"closed","ping_status":"closed","template":"page-templates\/listing_page.php","meta":{"_acf_changed":false,"footnotes":""},"class_list":["post-163","page","type-page","status-publish","hentry"],"acf":[],"_links":{"self":[{"href":"https:\/\/help.unhcr.org\/austria\/de\/wp-json\/wp\/v2\/pages\/163","targetHints":{"allow":["GET"]}}],"collection":[{"href":"https:\/\/help.unhcr.org\/austria\/de\/wp-json\/wp\/v2\/pages"}],"about":[{"href":"https:\/\/help.unhcr.org\/austria\/de\/wp-json\/wp\/v2\/types\/page"}],"author":[{"embeddable":true,"href":"https:\/\/help.unhcr.org\/austria\/de\/wp-json\/wp\/v2\/users\/1"}],"replies":[{"embeddable":true,"href":"https:\/\/help.unhcr.org\/austria\/de\/wp-json\/wp\/v2\/comments?post=163"}],"version-history":[{"count":8,"href":"https:\/\/help.unhcr.org\/austria\/de\/wp-json\/wp\/v2\/pages\/163\/revisions"}],"predecessor-version":[{"id":304,"href":"https:\/\/help.unhcr.org\/austria\/de\/wp-json\/wp\/v2\/pages\/163\/revisions\/304"}],"wp:attachment":[{"href":"https:\/\/help.unhcr.org\/austria\/de\/wp-json\/wp\/v2\/media?parent=163"}],"curies":[{"name":"wp","href":"https:\/\/api.w.org\/{rel}","templated":true}]}}