{"id":1538,"date":"2022-02-27T20:50:55","date_gmt":"2022-02-27T20:50:55","guid":{"rendered":"https:\/\/help.unhcr.org\/austria\/?page_id=1538"},"modified":"2025-09-18T09:48:27","modified_gmt":"2025-09-18T09:48:27","slug":"einreise-und-aufenthalt","status":"publish","type":"page","link":"https:\/\/help.unhcr.org\/austria\/de\/informationen-fuer-ukrainische-staatsbuergerinnen\/einreise-und-aufenthalt\/","title":{"rendered":"Einreise und Aufenthalt"},"content":{"rendered":"\n<p><strong>Wichtiges Update: <\/strong>Informationen zur Rot-Wei\u00df-Rot Karte plus:<br>&#8211; <a href=\"https:\/\/www.bbu.gv.at\/rot-weiss-rot-karte-plus-fuer-ukrainische-vertriebene\" target=\"_blank\" rel=\"noreferrer noopener\">BBU-Webseite<\/a><br>&#8211; <a href=\"https:\/\/bmi.gv.at\/Ukraine\/Informationen_zum_Umstieg_auf_eine_Rot-_Weiss_Rot_Karte_plus.aspx\" target=\"_blank\" rel=\"noreferrer noopener\">BMI-Webseite<\/a><\/p>\n\n\n\n<p><strong>Das Aufenthaltsrecht (vor\u00fcbergehender Schutz) f\u00fcr Personen aus der Ukraine verl\u00e4ngert sich automatisch bis 4. M\u00e4rz 2027.<\/strong> Sind Sie bereits in \u00d6sterreich registriert und sind an Ihrer Wohnadresse gemeldet (Meldezettel)? Dann erhalten Sie Ihren neuen Ausweis automatisch per Post. Daf\u00fcr ist kein Antrag n\u00f6tig. <strong>Wichtig<\/strong>: Falls Sie eine neue Adresse haben, m\u00fcssen Sie Ihren neuen Wohnsitz anmelden. N\u00e4here Informationen gibt es auf der <a href=\"https:\/\/www.bfa.gv.at\/news.aspx?id=4B41624452766E4C4D64413D\" target=\"_blank\" rel=\"noreferrer noopener\">BFA-Webseite<\/a>.<\/p>\n\n\n\n<p><\/p>\n\n\n\n<p class=\"has-medium-font-size\"><strong>Wenn Sie durch \u00d6sterreich reisen&nbsp;<\/strong>&nbsp;<\/p>\n\n\n\n<p>Sie k\u00f6nnen in \u00d6sterreich einreisen und haben Zugang zu Basisversorgung, wie z.B. Notunterk\u00fcnfte. Sie m\u00fcssen sich nicht registrieren.&nbsp;&nbsp;<\/p>\n\n\n\n<p class=\"has-medium-font-size\"><strong>Wenn Sie in \u00d6sterreich bleiben wollen<\/strong>&nbsp;<\/p>\n\n\n\n<p>Haben Sie die ukrainische Staatsb\u00fcrgerschaft oder einen Schutzstatus in der Ukraine? Dann haben Sie und Ihre Familienangeh\u00f6rigen unter gewissen Voraussetzungen Anspruch auf den so genannten vor\u00fcbergehenden Schutz. &nbsp;<\/p>\n\n\n\n<p><strong>Bitte lassen Sie sich bei der Polizei registrieren.<\/strong> Es gibt daf\u00fcr bestimmte <a href=\"https:\/\/www.bbu.gv.at\/en\/registration\" data-type=\"URL\" data-id=\"https:\/\/www.bbu.gv.at\/en\/registration\" target=\"_blank\" rel=\"noreferrer noopener\">Polizeistellen<\/a> und <a href=\"https:\/\/www.bbu.gv.at\/en\/registration\" target=\"_blank\" rel=\"noreferrer noopener\">Ankunftszentren<\/a> (\u201cErfassungsstellen\u201d).&nbsp;<\/p>\n\n\n\n<p>Sobald Sie registriert sind, haben Sie <strong>Zugang zu Grundversorgung<\/strong> (inkl. Unterkunft, Krankenversicherung, Verpflegung), Arbeitsmarkt, Bildung und sonstigen Leistungen. <\/p>\n\n\n\n<p><strong>Sie bekommen auch einen Ausweis<\/strong> (\u201eAusweis f\u00fcr Vertriebene\u201c). Mit diesem Ausweis bekommen Sie Zugang zum Arbeitsmarkt. &nbsp;<\/p>\n\n\n\n<p>Mit diesem Ausweis bekommen Sie Zugang zum Arbeitsmarkt. Normalerweise wird der Ausweis an Ihre Adresse geschickt. Sie m\u00fcssen sich daf\u00fcr immer an Ihrer Wohnadresse melden (Meldezettel). &nbsp;Bitte beachten Sie: Es kann etwas dauern, bis der Ausweis an Ihre Adresse geschickt wird.&nbsp;<\/p>\n\n\n\n<p> Sie haben in der Ukraine gelebt, aber haben nicht die ukrainische Staatsb\u00fcrgerschaft und keinen Schutzstatus in der Ukraine? Wenn Sie in Ihr Heimatland zur\u00fcckkehren k\u00f6nnen, ist Ihr Aufenthalt in \u00d6sterreich bis zur Ausreise rechtm\u00e4\u00dfig. Vielleicht kommt auch ein anderer Aufenthaltstitel in \u00d6sterreich f\u00fcr Sie in Frage. F\u00fcr Fragen dazu sowie zum Asylverfahren kontaktieren Sie bitte eine NGO, die Rechtsberatung anbietet. <a rel=\"noreferrer noopener\" href=\"https:\/\/help.unhcr.org\/austria\/information-for-ukrainian-nationals\/help-in-austria\/\" target=\"_blank\">Hier<\/a> finden Sie Kontaktdaten.&nbsp;&nbsp;<\/p>\n\n\n\n<p><strong>Hilfreiche Links&nbsp;&nbsp;<\/strong><\/p>\n\n\n\n<ul class=\"wp-block-list\">\n<li><a href=\"https:\/\/www.bbu.gv.at\/ukraine\" target=\"_blank\" rel=\"noreferrer noopener\">BBU-Webseite<\/a>&nbsp;(Ukrainisch, Russisch und Englisch)&nbsp;<\/li>\n\n\n\n<li>Informationsblatt des <a href=\"https:\/\/www.bfa.gv.at\/401\/start.aspx#ukraine\">Bundesamts f\u00fcr Fremdenwesen und Asyl<\/a>: <a href=\"https:\/\/www.bfa.gv.at\/401\/files\/Ukraine\/Infoblatt_Registrierung_20220315.pdf\">Deutsch<\/a>, <a href=\"https:\/\/www.bfa.gv.at\/401\/files\/Ukraine\/Infoblatt_Registrierung_EN-OK_20220317.pdf\">Englisch<\/a>, <a href=\"https:\/\/www.bfa.gv.at\/401\/files\/Ukraine\/Infoblatt_Registrierung_UA-OK_20220317.pdf\">Ukrainisch<\/a>, <a href=\"https:\/\/www.bfa.gv.at\/401\/files\/Ukraine\/Infoblatt_Registrierung_RU-OK_20220317.pdf\">Russisch<\/a><\/li>\n\n\n\n<li>FAQ auf der Webseite des <a href=\"https:\/\/www.bfa.gv.at\/401\/start.aspx#ukraine\">Bundesamts f\u00fcr Fremdenwesen und Asyl<\/a>: <a href=\"https:\/\/www.bfa.gv.at\/401\/files\/Ukraine\/FAQ_Aufenthaltstitel_fuer_Vertriebene_aus_der_Ukraine_DE_BF_20220318.pdf\">Deutsch<\/a>, <a href=\"https:\/\/www.bfa.gv.at\/401\/files\/Ukraine\/FAQ_Aufenthaltstitel_fuer_Vertriebene_aus_der_Ukraine_EN_BF_20220318.pdf\">Englisch<\/a>, <a href=\"https:\/\/www.bfa.gv.at\/401\/files\/Ukraine\/FAQ_Aufenthaltstitel_fuer_Vertriebene_aus_der_Ukraine_UA_BF_20220330.pdf\">Ukrainisch<\/a>, <a href=\"https:\/\/www.bfa.gv.at\/401\/files\/Ukraine\/FAQ_Aufenthaltstitel_fuer_Vertriebene_aus_der_Ukraine_RU_BF_20220318.pdf\">Russisch<\/a><\/li>\n\n\n\n<li>Mehrsprachiges <a href=\"https:\/\/www.bfa.gv.at\/401\/files\/Ukraine\/Registrierungsformular_Aufenthaltstitel_fuer_Vertriebene_ausfuellbar_20220317.pdf\">Formular zur Registrierung (Datenerfassung)<\/a> auf der Webseite des <a href=\"https:\/\/www.bfa.gv.at\/401\/start.aspx#ukraine\">Bundesamts f\u00fcr Fremdenwesen und Asyl<\/a><\/li>\n\n\n\n<li>Webseite des&nbsp;<a href=\"https:\/\/www.bmi.gv.at\/Ukraine\/Registrierung_und_Aufenthalt.aspx\" target=\"_blank\" rel=\"noreferrer noopener\">Bundesministeriums f\u00fcr Inneres<\/a>&nbsp;(auf Deutsch; mit Info-Flyern auf&nbsp;<a href=\"https:\/\/www.bmi.gv.at\/Ukraine\/files\/Information_fuer_Ukraine_Vertriebene_DinA1_20220317_v7_UN_aktuell.pdf\" target=\"_blank\" rel=\"noreferrer noopener\">Ukrainisch<\/a>\/<a href=\"https:\/\/www.bmi.gv.at\/Ukraine\/files\/Information_fuer_Ukraine_Vertriebene_DinA1_20220317_v7_RU.pdf\" target=\"_blank\" rel=\"noreferrer noopener\">Russisch<\/a>)&nbsp;<\/li>\n\n\n\n<li>Begleitschreiben zum Ausweis f\u00fcr Vertriebene aus der Ukraine auf der Webseite des <a href=\"https:\/\/www.bfa.gv.at\/401\/start.aspx#ukraine\">Bundesamts f\u00fcr Fremdenwesen und Asyl<\/a>: <a href=\"https:\/\/www.bfa.gv.at\/401\/files\/Ukraine\/Begleitschreiben_Ausweis_fuer_Vertriebene_20220315.pdf\">Deutsch<\/a>, <a href=\"https:\/\/www.bfa.gv.at\/401\/files\/Ukraine\/Begleitschreiben_Ausweis_fuer_Vertriebene_EN_20220315.pdf\">Englisch<\/a>, <a href=\"https:\/\/www.bfa.gv.at\/401\/files\/Ukraine\/Begleitschreiben_Ausweis_fuer_Vertriebene_UA_20220315.pdf\">Ukrainisch<\/a>, <a href=\"https:\/\/www.bfa.gv.at\/401\/files\/Ukraine\/Begleitschreiben_Ausweis_fuer_Vertriebene_RU_20220315.pdf\">Russisch<\/a><\/li>\n\n\n\n<li>FAQ des Bundesministeriums f\u00fcr Inneres auf <a href=\"https:\/\/www.bmi.gv.at\/ukraine\/files\/145_2022_FAQUkraine_Homepage_UKRAINISCH_V20220321.pdf\">Ukrainisch<\/a><\/li>\n\n\n\n<li>Webseite der&nbsp;<a href=\"http:\/\/www.asyl.at\/de\/info\/news\/informationenzurfluchtausderukraine\/\" target=\"_blank\" rel=\"noreferrer noopener\">asylkoordination<\/a>&nbsp;(auf Deutsch)&nbsp;<\/li>\n<\/ul>\n","protected":false},"excerpt":{"rendered":"<p>Wichtiges Update: Informationen zur Rot-Wei\u00df-Rot Karte plus:&#8211; BBU-Webseite&#8211; BMI-Webseite Das Aufenthaltsrecht (vor\u00fcbergehender Schutz) f\u00fcr Personen aus der Ukraine verl\u00e4ngert sich automatisch bis 4. M\u00e4rz 2027. Sind Sie bereits in \u00d6sterreich registriert und sind an Ihrer Wohnadresse gemeldet (Meldezettel)? Dann erhalten Sie Ihren neuen Ausweis automatisch per Post. Daf\u00fcr ist kein Antrag n\u00f6tig. Wichtig: Falls Sie [&hellip;]<\/p>\n","protected":false},"author":93,"featured_media":0,"parent":1508,"menu_order":1,"comment_status":"closed","ping_status":"closed","template":"","meta":{"_acf_changed":false,"footnotes":""},"class_list":["post-1538","page","type-page","status-publish","hentry"],"acf":[],"_links":{"self":[{"href":"https:\/\/help.unhcr.org\/austria\/de\/wp-json\/wp\/v2\/pages\/1538","targetHints":{"allow":["GET"]}}],"collection":[{"href":"https:\/\/help.unhcr.org\/austria\/de\/wp-json\/wp\/v2\/pages"}],"about":[{"href":"https:\/\/help.unhcr.org\/austria\/de\/wp-json\/wp\/v2\/types\/page"}],"author":[{"embeddable":true,"href":"https:\/\/help.unhcr.org\/austria\/de\/wp-json\/wp\/v2\/users\/93"}],"replies":[{"embeddable":true,"href":"https:\/\/help.unhcr.org\/austria\/de\/wp-json\/wp\/v2\/comments?post=1538"}],"version-history":[{"count":19,"href":"https:\/\/help.unhcr.org\/austria\/de\/wp-json\/wp\/v2\/pages\/1538\/revisions"}],"predecessor-version":[{"id":2374,"href":"https:\/\/help.unhcr.org\/austria\/de\/wp-json\/wp\/v2\/pages\/1538\/revisions\/2374"}],"up":[{"embeddable":true,"href":"https:\/\/help.unhcr.org\/austria\/de\/wp-json\/wp\/v2\/pages\/1508"}],"wp:attachment":[{"href":"https:\/\/help.unhcr.org\/austria\/de\/wp-json\/wp\/v2\/media?parent=1538"}],"curies":[{"name":"wp","href":"https:\/\/api.w.org\/{rel}","templated":true}]}}