{"id":146,"date":"2018-04-26T09:58:01","date_gmt":"2018-04-26T09:58:01","guid":{"rendered":"http:\/\/help.unhcr.org\/austria\/?page_id=146"},"modified":"2024-08-07T13:06:15","modified_gmt":"2024-08-07T13:06:15","slug":"where-to-seek-help","status":"publish","type":"page","link":"https:\/\/help.unhcr.org\/austria\/de\/where-to-seek-help\/","title":{"rendered":"Wo finde ich Hilfe?"},"content":{"rendered":"\n<p>COVID-19 Informationen zu aktuellen Vorgaben und \u00d6ffnungszeiten von Beh\u00f6rden und NGOs finden Sie <a href=\"https:\/\/help.unhcr.org\/austria\/de\/covid-19-information-2\/asylum-procedure\/\" data-type=\"URL\" data-id=\"https:\/\/help.unhcr.org\/austria\/de\/covid-19-information-2\/asylum-procedure\/\" target=\"_blank\" rel=\"noreferrer noopener\">hier<\/a>.<\/p>\n\n\n<h2>Das Bundesamt f\u00fcr Fremdenwesen und Asyl<\/h2>\n<p>Das Bundesamt f\u00fcr Fremdenwesen und Asyl (BFA) ist die jene<strong> Beh\u00f6rde, die \u00fcber Asylantr\u00e4ge entscheidet und sich mit Asylfragen befasst.<\/strong><\/p>\n<p>Das BFA hat in allen neun Bundesl\u00e4ndern sogenannte Regionaldirektionen und Au\u00dfenstellen, der Hauptsitz befindet sich in Wien. Kontaktdaten der Standorte in den jeweiligen Bundesl\u00e4ndern finden Sie <a href=\"https:\/\/www.bfa.gv.at\/kontakt\/\" target=\"_blank\" rel=\"noopener\">hier<\/a>.\u00a0<\/p>\n<p>Weitere Informationen zum BFA und seinen Aufgaben finden Sie in der BFA-<a href=\"https:\/\/www.bfa.gv.at\/402\/files\/01_Broschueren\/Informationsbroschuere_Asylverfahren_in_Oesterreich.pdf\" target=\"_blank\" rel=\"noopener\">Brosch\u00fcre<\/a>, die auch einen \u00dcberblick \u00fcber das Asylverfahren in \u00d6sterreich gibt.<\/p>\n<p>Auf der BFA-Website finden Sie auch viele <a href=\"https:\/\/bfa.gv.at\/402\/start.aspx\" target=\"_blank\" rel=\"noopener noreferrer\">Formulare und Informationen<\/a>, die Sie w\u00e4hrend des Asylverfahrens oder in \u00e4hnlichen Angelegenheiten ben\u00f6tigen.<\/p>\n<h2>Beratungsangebote<\/h2>\n<p><strong>Rechtsberatung durch die BBU<\/strong><\/p>\n<p>Allen Asylsuchenden, die eine <a href=\"https:\/\/help.unhcr.org\/austria\/de\/asylum-in-austria-2\/the-asylum-procedure\/\" target=\"_blank\" rel=\"noopener noreferrer\">negative erstinstanzliche Entscheidung<\/a> erhalten, wird kostenlos eine Rechtsberater*in zugewiesen. Seit dem 1.1.2021 ist die <a href=\"https:\/\/www.bbu.gv.at\/was-wir-tun#rechtsberatung\" target=\"_blank\" rel=\"noopener\">BBU<\/a> GmbH (Bundesagentur f\u00fcr Betreuungs- und Unterst\u00fctzungsleistungen,\u00a0 kurz \u201eBBU\u201c) \u00a0f\u00fcr die Rechtsberatung zust\u00e4ndig. Die Rechtsberater*innen der BBU unterst\u00fctzen Asylsuchende bei der Einreichung einer Beschwerde beim Bundesverwaltungsgericht. Auf Anfrage begleiten Rechtsberater*innen auch Asylsuchende im Beschwerdeverfahren und begleiten sie zur Anh\u00f6rung (falls eine m\u00fcndliche Anh\u00f6rung stattfindet). Die BBU hat in ganz \u00d6sterreich B\u00fcros. N\u00e4here Informationen zu \u00d6ffnungszeiten und Kontaktm\u00f6glichkeiten finden Sie <a href=\"https:\/\/www.bbu.gv.at\/was-wir-tun\/rechtsberatung-standorte-oeffnungszeiten\" target=\"_blank\" rel=\"noopener\">hier<\/a>.\u00a0<\/p>\n<p><strong><span style=\"vertical-align: inherit\"><span style=\"vertical-align: inherit\">Rechtsberatung durch NGOs im Asylverfahren<\/span><\/span><\/strong><\/p>\n<p>In allen neun Bundesl\u00e4ndern gibt es zahlreiche NGOs (Nichtregierungsorganisationen), die Rechtsberatung w\u00e4hrend des Asylverfahrens anbieten:<\/p>\n<ul>\n<li><strong><span style=\"vertical-align: inherit\"><span style=\"vertical-align: inherit\">Wien: <\/span><\/span><\/strong> <span style=\"vertical-align: inherit\"><span style=\"vertical-align: inherit\"><a href=\"https:\/\/www.caritas-wien.at\/hilfe-angebote\/asyl-integration\/beratung-fuer-asylwerberinnen\/asylrechtsberatung\" target=\"_blank\" rel=\"noopener\">Caritas Wien<\/a>, <a href=\"https:\/\/fluechtlingsdienst.diakonie.at\/einrichtung\/unabhaengige-beratung-wien\"><span class=\"TextRun Underlined  BCX0 SCXW101263574\" lang=\"DE-AT\" xml:lang=\"DE-AT\" data-contrast=\"none\"><span class=\"NormalTextRun  BCX0 SCXW101263574\" data-ccp-charstyle=\"Hyperlink\">Diakonie-<\/span><\/span><\/a><span class=\"TextRun Underlined  BCX0 SCXW101263574\" lang=\"DE-AT\" xml:lang=\"DE-AT\" data-contrast=\"none\"><span class=\"NormalTextRun  BCX0 SCXW101263574\" data-ccp-charstyle=\"Hyperlink\">Unabh\u00e4ngige Beratung Wien, <a href=\"https:\/\/www.asyl-in-not.org\/kontakt\">Asyl in Not<\/a><\/span><\/span><\/span><\/span><\/li>\n<li><strong><span style=\"vertical-align: inherit\"><span style=\"vertical-align: inherit\">Nieder\u00f6sterreich: <\/span><\/span><\/strong> <span style=\"vertical-align: inherit\"><span style=\"vertical-align: inherit\"><a href=\"https:\/\/www.caritas-stpoelten.at\/hilfe-angebote\/asyl-und-integration\/beratung-begleitung\/rechtliche-fluechtlingsberatung\/\">Caritas St. P\u00f6lten &#8211; Fl\u00fcchtlingsberatung<\/a>, <a class=\"Hyperlink SCXW242866025 BCX0\" href=\"https:\/\/fluechtlingsdienst.diakonie.at\/einrichtung\/unabhaengige-beratung-traiskirchen\" target=\"_blank\" rel=\"noreferrer noopener\"><span class=\"TextRun Underlined SCXW242866025 BCX0\" lang=\"DE-AT\" xml:lang=\"DE-AT\" data-contrast=\"none\"><span class=\"NormalTextRun SCXW242866025 BCX0\" data-ccp-charstyle=\"Hyperlink\">Diakonie- Unabh\u00e4ngige Beratung Traiskirchen<\/span><\/span><\/a><span class=\"TextRun SCXW242866025 BCX0\" lang=\"DE-AT\" xml:lang=\"DE-AT\" data-contrast=\"auto\"><span class=\"NormalTextRun SCXW242866025 BCX0\">\u00a0<\/span><\/span><\/span><\/span><\/li>\n<li><strong><span style=\"vertical-align: inherit\"><span style=\"vertical-align: inherit\">Ober\u00f6sterreich: <\/span><\/span><\/strong> <a href=\"https:\/\/www.caritas-linz.at\/hilfe-angebote\/asylwerberinnen\/beratungsstellen-fuer-asylwerberinnen\/\" target=\"_blank\" rel=\"noopener noreferrer\"><span style=\"vertical-align: inherit\"><span style=\"vertical-align: inherit\">Caritas Linz<\/span><\/span><\/a><span style=\"vertical-align: inherit\"><span style=\"vertical-align: inherit\">\u00a0<\/span><\/span><\/li>\n<li><strong><span style=\"vertical-align: inherit\"><span style=\"vertical-align: inherit\">Burgenland: <\/span><\/span><\/strong> <a href=\"https:\/\/fluechtlingsdienst.diakonie.at\/einrichtung\/mobeb-mobile-fluechtlingsberatung-burgenland-oberwart\"><span style=\"vertical-align: inherit\"><span style=\"vertical-align: inherit\">Diakonie Mobile Fl\u00fcchlingsberatung Oberwart<\/span><\/span><\/a><span style=\"vertical-align: inherit\"><span style=\"vertical-align: inherit\"> , <\/span><\/span><a href=\"http:\/\/www.sosmitmensch-bgld.at\/contact.htm\" target=\"_blank\" rel=\"noopener noreferrer\"><span style=\"vertical-align: inherit\"><span style=\"vertical-align: inherit\">SOS Mitmensch Burgenland<\/span><\/span><\/a><\/li>\n<li><strong><span style=\"vertical-align: inherit\"><span style=\"vertical-align: inherit\">Steiermark: <\/span><\/span><\/strong> <span style=\"vertical-align: inherit\"><span style=\"vertical-align: inherit\"><a href=\"https:\/\/www.caritas-steiermark.at\/hilfe-angebote\/flucht-integration\/beratung-hilfe\/asyl-und-fremdenrechtsberatung\" target=\"_blank\" rel=\"noopener\">Caritas Steiermark<\/a>, <a href=\"https:\/\/www.zebra.or.at\/fachstelle_fremdenrecht\">ZEBRA<\/a>\u00a0<\/span><\/span><\/li>\n<li><strong><span style=\"vertical-align: inherit\"><span style=\"vertical-align: inherit\">K\u00e4rnten:<\/span><\/span><\/strong><span style=\"vertical-align: inherit\"><span style=\"vertical-align: inherit\"><a class=\"Hyperlink  BCX0 SCXW70040365\" href=\"https:\/\/fluechtlingsdienst.diakonie.at\/einrichtung\/unabhaengige-beratung-kaernten\" target=\"_blank\" rel=\"noreferrer noopener\"><span class=\"TextRun Underlined  BCX0 SCXW70040365\" lang=\"DE-AT\" xml:lang=\"DE-AT\" data-contrast=\"none\"><span class=\"NormalTextRun  BCX0 SCXW70040365\" data-ccp-charstyle=\"Hyperlink\">Diakonie<\/span><\/span><span class=\"TextRun Underlined  BCX0 SCXW70040365\" lang=\"DE-AT\" xml:lang=\"DE-AT\" data-contrast=\"none\"><span class=\"NormalTextRun  BCX0 SCXW70040365\" data-ccp-charstyle=\"Hyperlink\">\u00a0\u2013 Unabh\u00e4ngige Beratung K\u00e4rnten\u00a0<\/span><\/span><\/a><\/span><\/span><\/li>\n<li><strong><span style=\"vertical-align: inherit\"><span style=\"vertical-align: inherit\">Salzburg: <\/span><\/span><\/strong><span style=\"vertical-align: inherit\"><span style=\"vertical-align: inherit\"><a class=\"Hyperlink SCXW176899863 BCX0\" href=\"https:\/\/fluechtlingsdienst.diakonie.at\/einrichtung\/unabhaengige-beratung-salzburg\" target=\"_blank\" rel=\"noreferrer noopener\"><span class=\"TextRun Underlined SCXW176899863 BCX0\" lang=\"DE-AT\" xml:lang=\"DE-AT\" data-contrast=\"none\"><span class=\"NormalTextRun SCXW176899863 BCX0\" data-ccp-charstyle=\"Hyperlink\">Diakonie<\/span><\/span><span class=\"TextRun Underlined SCXW176899863 BCX0\" lang=\"DE-AT\" xml:lang=\"DE-AT\" data-contrast=\"none\"><span class=\"NormalTextRun SCXW176899863 BCX0\" data-ccp-charstyle=\"Hyperlink\">\u00a0\u2013 Unabh\u00e4ngige Beratung Salzburg<\/span><\/span><\/a><\/span><\/span><\/li>\n<li><strong><span style=\"vertical-align: inherit\"><span style=\"vertical-align: inherit\">Tirol: <\/span><\/span><\/strong> <span style=\"vertical-align: inherit\"><span style=\"vertical-align: inherit\"><a href=\"http:\/\/www.fluchtpunkt.org\/beratung-unterstuetzung-intervention-fuer-fluechtlinge\/\">Fluchtpunkt Innsbruck<\/a>, <a class=\"Hyperlink SCXW176899863 BCX0\" href=\"https:\/\/fluechtlingsdienst.diakonie.at\/einrichtung\/unabhaengige-beratung-tirol\" target=\"_blank\" rel=\"noreferrer noopener\"><span class=\"TextRun Underlined SCXW176899863 BCX0\" lang=\"DE-AT\" xml:lang=\"DE-AT\" data-contrast=\"none\"><span class=\"NormalTextRun SCXW176899863 BCX0\" data-ccp-charstyle=\"Hyperlink\">Diakonie<\/span><\/span><span class=\"TextRun Underlined SCXW176899863 BCX0\" lang=\"DE-AT\" xml:lang=\"DE-AT\" data-contrast=\"none\"><span class=\"NormalTextRun SCXW176899863 BCX0\" data-ccp-charstyle=\"Hyperlink\"> \u2013 Unabh\u00e4ngige Beratung Tirol<\/span><\/span><\/a><\/span><\/span><\/li>\n<li><strong><span style=\"vertical-align: inherit\"><span style=\"vertical-align: inherit\">Vorarlberg: <\/span><\/span><\/strong> <a href=\"https:\/\/www.caritas-vorarlberg.at\/unsere-angebote\/fluechtlinge\/beratung-bildung\/beistand-bei-asylverfahren\/\" target=\"_blank\" rel=\"noopener noreferrer\"><span style=\"vertical-align: inherit\"><span style=\"vertical-align: inherit\">Caritas Vorarlberg<\/span><\/span><\/a><span style=\"vertical-align: inherit\"><span style=\"vertical-align: inherit\"> , <\/span><\/span><a href=\"http:\/\/www.vindex.or.at\/impressum\/\" target=\"_blank\" rel=\"noopener noreferrer\"><span style=\"vertical-align: inherit\"><span style=\"vertical-align: inherit\">Vindex<\/span><\/span><\/a><\/li>\n<\/ul>\n<p>Achtung: Nicht alle NGOs bieten Rechtsberatung im Beschwerdeverfahren vor dem BVwG.\u00a0<\/p>\n<p>Auf der Webseite der \u00f6sterreichischen NGO <a href=\"https:\/\/www.asyl.at\/de\/adressen\/beratungsstellen\/\" target=\"_blank\" rel=\"noopener noreferrer\">asylkoordination<\/a> finden Sie eine Liste an Organisationen, die Rechtsberatung, Wohnberatung, Sozialberatung, psychologische Beratung etc. anbieten.<\/p>\n<p>R\u00fcckkehrberatung wird von der <a href=\"https:\/\/www.bbu.gv.at\/was-wir-tun#rueckkehrberatung\" target=\"_blank\" rel=\"noopener noreferrer\">BBU<\/a> angeboten.<\/p>\n<p><strong>Rechtsberatung in der Schubhaft<\/strong><\/p>\n<p>Angehaltene Personen (die nicht nur f\u00fcr max. 48 Stunden festgehalten werden), haben Zugang zu kostenloser Rechtsberatung. Die Rechtsberatung wird von Rechtsberater*innen der <a href=\"https:\/\/www.bbu.gv.at\/was-wir-tun#rechtsberatung\" target=\"_blank\" rel=\"noopener noreferrer\">BBU<\/a> angeboten. \u00a0Auf der Verfahrensanordnung, die mit dem Schubhaftbescheid ausgeh\u00e4ndigt wird, stehen Kontaktinformationen. Die Rechtsberater*innen informieren \u00fcber die rechtliche Situation und k\u00f6nnen angehaltene Personen bei Beschwerden an das Bundesverwaltungsgericht (BVwG) unterst\u00fctzen. Zus\u00e4tzlich wird Beratung f\u00fcr eine freiwillige R\u00fcckkehr in das Herkunftsland angeboten.<\/p>\n<p>Kontaktinformationen zur BBU \u00a0sind <a href=\"https:\/\/www.bbu.gv.at\/was-wir-tun\/rechtsberatung-standorte-oeffnungszeiten\" target=\"_blank\" rel=\"noopener noreferrer\">hier<\/a> verf\u00fcgbar.<\/p>\n<p>Wenn Personen in Schubhaft mit Rechts- oder Sozialberater*innen sprechen m\u00f6chten, k\u00f6nnen sie sich an die Polizei in den Anhaltezentren wenden. Personen in Schubhaft k\u00f6nnen besucht werden.<\/p>\n<h2>Hilfe im Notfall<\/h2>\n<p><strong>Sexuelle oder geschlechtsspezifische Gewalt:<\/strong> Wenn Sie im Fall von geschlechtsspezifischer oder sexueller Gewalt Unterst\u00fctzung brauchen, rufen Sie die Hotline: 0800 222 555 (Ihre Informationen werden vertraulich behandelt!)<\/p>\n<p><strong>Menschenhandel:<\/strong> Die Hotline gegen Menschenhandel ist rund um die Uhr erreichbar unter: \u00a00677 61343434<br \/>(Ihre Informationen werden vertraulich behandelt!)<\/p>\n<p><strong>Familienmitglieder wiederfinden:<\/strong> Wenn Sie den Kontakt zu Ihrer Familie verloren haben, k\u00f6nnen Sie den <a href=\"https:\/\/www.roteskreuz.at\/ich-brauche-hilfe\/personensuche\" target=\"_blank\" rel=\"noopener noreferrer\">Suchdienst des \u00d6sterreichischen Roten Kreuzes<\/a> kontaktieren, der f\u00fcr Ihr Bundesland zust\u00e4ndig ist.<\/p>\n<p><strong>Weitere Notfall-Nummern:<\/strong><\/p>\n<p style=\"padding-left: 30px\"><strong>Rettung:<\/strong> W\u00e4hlen Sie 144.<br \/><strong>Polizei:<\/strong> W\u00e4hlen Sie 133.<br \/><strong>Feuerwehr:<\/strong> W\u00e4hlen Sie 122.<\/p>\n<p><strong>Zu Gewalt gegen Frauen bzw. in der Familie<\/strong><\/p>\n<p><strong><a href=\"http:\/\/www.frauenhelpline.at\/de\/muttersprachliche-beratung\" target=\"_blank\" rel=\"noreferrer noopener\">Frauenhelpline<\/a><\/strong><br \/><strong>0800 222 555<\/strong><br \/>Beratung zu bestimmten Zeiten auf Arabisch, T\u00fcrkisch, Rum\u00e4nisch,\u00a0Bosnisch\/Kroatisch\/Serbisch,\u00a0Deutsch,\u00a0Englisch, Ungarisch<\/p>\n<p><a href=\"https:\/\/www.haltdergewalt.at\/\" target=\"_blank\" rel=\"noreferrer noopener\"><strong>Halt der Gewalt<\/strong><\/a><br \/>Onlineberatung f\u00fcr Frauen &amp; M\u00e4dchen, die von Gewalt betroffen sind, auf Deutsch, Englisch, Farsi\/Dari, Arabisch, Russisch, Bulgarisch, T\u00fcrkisch<\/p>\n<p><a href=\"https:\/\/www.maenner.at\/gewaltpraevention\/wenn-der-stress-zu-viel-wird\/\" target=\"_blank\" rel=\"noreferrer noopener\"><strong>M\u00e4nnerberatung<\/strong><\/a><br \/><strong>01 6032828<\/strong><br \/>Telefonische Beratung von Montag bis Freitag von 9:00-12:00 Uhr<br \/>\u201eSurvival Kit f\u00fcr M\u00e4nner unter Druck\u201c auf\u00a0<a href=\"https:\/\/www.maenner.at\/wp-content\/uploads\/GZA_Merkblatt_Corona_DEUTSCH.pdf\" target=\"_blank\" rel=\"noreferrer noopener\">Deutsch<\/a>\u00a0|\u00a0<a href=\"https:\/\/www.maenner.at\/wp-content\/uploads\/GZA_Merkblatt_Corona_ENGLISCH.pdf\" target=\"_blank\" rel=\"noreferrer noopener\">Englisch<\/a>\u00a0|\u00a0<a href=\"https:\/\/www.maenner.at\/wp-content\/uploads\/Survival-Kit_Corona_RUSSISCH.pdf\" target=\"_blank\" rel=\"noreferrer noopener\">Russisch<\/a><\/p>\n<p><strong>F\u00fcr psychotherapeutische Ma\u00dfnahmen<\/strong><\/p>\n<p><strong><a href=\"http:\/\/nipe.or.at\/\" target=\"_blank\" rel=\"noreferrer noopener\">NIPE Netzwerk<\/a><\/strong>\u00a0\u2013 Netzwerk f\u00fcr interkulturelle Psychotherapie nach Extremtraumatisierung<br \/>Kontaktstellen f\u00fcr Kriseninterventionen und laufende Behandlungen in ganz \u00d6sterreich (mit Dolmetscher*innen)<\/p>\n<p><a href=\"https:\/\/diakonie.at\/einrichtung\/amike-telefon\" target=\"_blank\" rel=\"noopener\">AMIKE-Telefon | Diakonie<\/a> &#8211; Interkulturelle psychosoziale Akuthilfe f\u00fcr Menschen mit Flucht- und Migrationshintergrund<\/p>\n<h2>Leben in \u00d6sterreich<\/h2>\n<h3><strong>\u00a0<\/strong>Allgemeine Information<\/h3>\n<p>Allgemeine Informationen \u00fcber das Leben in \u00d6sterreich bietet die Webseite <a href=\"https:\/\/www.angekommen.online\/de\/\" target=\"_blank\" rel=\"noopener noreferrer\">\u201cAngekommen\u201d<\/a> des \u00d6sterreichischen Roten Kreuzes.<\/p>\n<p>Zahlreiche Buddy-Programme bieten die M\u00f6glichkeit, \u00d6sterreicherinnen und \u00d6sterreicher kennen zu lernen:<br \/><a href=\"https:\/\/www.refugeebuddy.at\/\" target=\"_blank\" rel=\"noopener noreferrer\">https:\/\/www.refugeebuddy.at\/<\/a><br \/><a href=\"https:\/\/www.fluechtlinge-willkommen.at\/\">https:\/\/www.fluechtlinge-willkommen.at\/<\/a><\/p>\n<h3>Deutschkurse<\/h3>\n<p><span class=\"TextRun  BCX0 SCXW116677086\" lang=\"DE-AT\" xml:lang=\"DE-AT\" data-contrast=\"auto\"><span class=\"NormalTextRun  BCX0 SCXW116677086\">Der \u00d6sterreichische Integrationsfonds<\/span><\/span><span class=\"TextRun  BCX0 SCXW116677086\" lang=\"DE-AT\" xml:lang=\"DE-AT\" data-contrast=\"auto\"><span class=\"NormalTextRun  BCX0 SCXW116677086\">\u00a0(\u00d6IF)<\/span><\/span><span class=\"TextRun  BCX0 SCXW116677086\" lang=\"DE-AT\" xml:lang=\"DE-AT\" data-contrast=\"auto\"><span class=\"NormalTextRun  BCX0 SCXW116677086\">\u00a0<\/span><\/span><span class=\"TextRun  BCX0 SCXW116677086\" lang=\"DE-AT\" xml:lang=\"DE-AT\" data-contrast=\"auto\"><span class=\"NormalTextRun  BCX0 SCXW116677086\">bietet<a href=\"https:\/\/sprachportal.integrationsfonds.at\/onlinekurse\" target=\"_blank\" rel=\"noopener noreferrer\"> kostenlose Online-Kurse<\/a> an. <\/span><\/span><\/p>\n<p>Weitere Deutschkurse werden von den nachfolgenden Organisationen angeboten:<\/p>\n<p><strong>\u00a0F\u00fcr anerkannte Fl\u00fcchtlinge und subsidi\u00e4r Schutzberechtigte:<\/strong><\/p>\n<p>Alle Kurse f\u00fcr anerkannte Fl\u00fcchtlinge sind auf der Webseite des \u00d6sterreichischen Integrationsfonds aufgelistet. Einige Kurse stehen auch Asylsuchenden offen: <a href=\"https:\/\/sprachportal.at\/deutsch-fuer-kinder\/alle-angebote\/\" target=\"_blank\" rel=\"noopener noreferrer\">https:\/\/sprachportal.integrationsfonds.at\/deutschkurse<\/a><\/p>\n<p><strong>F\u00fcr Asylsuchende:<\/strong><\/p>\n<ul>\n<li><strong>Wien und Nieder\u00f6sterreich:<\/strong> <a href=\"https:\/\/www.caritas-wien.at\/hilfe-angebote\/asyl-integration\/ausbildung-arbeit\/deutschkurse-arbeitsmarkt\/deutschkurse-fuer-asylwerberinnen\" target=\"_blank\" rel=\"noopener noreferrer\">Caritas<\/a><\/li>\n<li><strong>Steiermark:<\/strong> <a href=\"https:\/\/www.caritasakademie.at\/\" target=\"_blank\" rel=\"noopener noreferrer\">Caritas<\/a><\/li>\n<li><strong>Salzburg:<\/strong> <a href=\"https:\/\/www.volkshochschule.at\/sprachen\/deutsch-als-zweitsprache\/\" target=\"_blank\" rel=\"noopener noreferrer\">Volkshochschule Salzburg<\/a><\/li>\n<li><strong>Ober\u00f6sterreich:<\/strong> <a href=\"https:\/\/www.bfi-ooe.at\/de\/ausbildungsinfos\/sprachen\/deutschkurse.html\" target=\"_blank\" rel=\"noopener noreferrer\">BFI<\/a>\u00a0<\/li>\n<li><strong>K\u00e4rnten:<\/strong> <a href=\"https:\/\/www.caritas-kaernten.at\/hilfe-beratung\/asyl-integration-migration\/deutschkurse\/\" target=\"_blank\" rel=\"noopener noreferrer\">Caritas<\/a><\/li>\n<li><strong>Vorarlberg:<\/strong> <a href=\"https:\/\/www.caritas-vorarlberg.at\/unsere-angebote\/fluechtlinge\/beratung-bildung\/fortbildungsangebote\/deutschkurse-fuer-asylwerberinnen\/\" target=\"_blank\" rel=\"noopener noreferrer\">Caritas<\/a><\/li>\n<li><strong>Burgenland:<\/strong> <a href=\"http:\/\/www.vhs-burgenland.at\/?page_id=689\" target=\"_blank\" rel=\"noopener noreferrer\">Volkshochschule Burgenland<\/a><\/li>\n<li><strong>Tirol:\u00a0<\/strong><a href=\"https:\/\/www.vhs-tirol.at\/sprachen\/deutschkurse\/\" target=\"_blank\" rel=\"noopener\">Volkshochschule Tirol\u00a0<\/a><\/li>\n<\/ul>\n<h3><strong>\u00a0<\/strong>Arbeit und Ausbildung in \u00d6sterreich:<\/h3>\n<p>UNHCR hat einen umfassenden <a href=\"http:\/\/www.unhcr.org\/dach\/at\/services\/publikationen\/informationsmaterial\/bildungswegweiser\" target=\"_blank\" rel=\"noopener noreferrer\">Wegweiser zum \u00f6sterreichischen Bildungssystem<\/a> herausgegeben (jeweils zweisprachig Deutsch\/Arabisch und Deutsch\/Dari).<\/p>\n<p>Wenn Sie Asyl oder subsidi\u00e4ren Schutz erhalten haben und auf der Suche nach Arbeit sind, wenden Sie sich bitte an das \u00f6sterreichische <a href=\"http:\/\/www.ams.at\/\" target=\"_blank\" rel=\"noopener noreferrer\">Arbeitsmarktservice (AMS).<\/a><\/p>\n<p>Die Initiativen\u00a0<a href=\"https:\/\/mtop.at\/\" target=\"_blank\" rel=\"noopener noreferrer\">\u201cMore Than One Perspective\u201d<\/a>\u00a0und <a href=\"https:\/\/www.aufleb.at\/\" target=\"_blank\" rel=\"noopener noreferrer\">\u201cJUST Integration\u201d<\/a>\u00a0k\u00f6nnten ebenfalls hilfreich f\u00fcr Sie sein.<\/p>\n<p>Wenn Sie noch im Asylverfahren sind, haben Sie nur eingeschr\u00e4nkte Arbeitsm\u00f6glichkeiten. Informationen finden Sie <a href=\"https:\/\/fluechtlinge.wien\/asyl_und_arbeit\/\" target=\"_blank\" rel=\"noopener noreferrer\">hier<\/a>.<\/p>","protected":false},"excerpt":{"rendered":"<p>COVID-19 Informationen zu aktuellen Vorgaben und \u00d6ffnungszeiten von Beh\u00f6rden und NGOs finden Sie hier. Das Bundesamt f\u00fcr Fremdenwesen und Asyl Das Bundesamt f\u00fcr Fremdenwesen und Asyl (BFA) ist die jene Beh\u00f6rde, die \u00fcber Asylantr\u00e4ge entscheidet und sich mit Asylfragen befasst. Das BFA hat in allen neun Bundesl\u00e4ndern sogenannte Regionaldirektionen und Au\u00dfenstellen, der Hauptsitz befindet sich [&hellip;]<\/p>\n","protected":false},"author":1,"featured_media":0,"parent":0,"menu_order":1,"comment_status":"closed","ping_status":"closed","template":"","meta":{"_acf_changed":false,"footnotes":""},"class_list":["post-146","page","type-page","status-publish","hentry"],"acf":[],"_links":{"self":[{"href":"https:\/\/help.unhcr.org\/austria\/de\/wp-json\/wp\/v2\/pages\/146","targetHints":{"allow":["GET"]}}],"collection":[{"href":"https:\/\/help.unhcr.org\/austria\/de\/wp-json\/wp\/v2\/pages"}],"about":[{"href":"https:\/\/help.unhcr.org\/austria\/de\/wp-json\/wp\/v2\/types\/page"}],"author":[{"embeddable":true,"href":"https:\/\/help.unhcr.org\/austria\/de\/wp-json\/wp\/v2\/users\/1"}],"replies":[{"embeddable":true,"href":"https:\/\/help.unhcr.org\/austria\/de\/wp-json\/wp\/v2\/comments?post=146"}],"version-history":[{"count":72,"href":"https:\/\/help.unhcr.org\/austria\/de\/wp-json\/wp\/v2\/pages\/146\/revisions"}],"predecessor-version":[{"id":2309,"href":"https:\/\/help.unhcr.org\/austria\/de\/wp-json\/wp\/v2\/pages\/146\/revisions\/2309"}],"wp:attachment":[{"href":"https:\/\/help.unhcr.org\/austria\/de\/wp-json\/wp\/v2\/media?parent=146"}],"curies":[{"name":"wp","href":"https:\/\/api.w.org\/{rel}","templated":true}]}}