{"id":143,"date":"2018-04-26T09:50:31","date_gmt":"2018-04-26T09:50:31","guid":{"rendered":"http:\/\/help.unhcr.org\/austria\/welcome-2\/"},"modified":"2026-03-11T08:06:56","modified_gmt":"2026-03-11T08:06:56","slug":"welcome","status":"publish","type":"page","link":"https:\/\/help.unhcr.org\/austria\/de\/","title":{"rendered":"Willkommen"},"content":{"rendered":"\n<div class=\"wp-block-buttons is-layout-flex wp-block-buttons-is-layout-flex\"><\/div>\n\n\n\n<p>Die Webseite help.unhcr.org\/austria richtet sich an Fl\u00fcchtlinge und Asylsuchende. Auf der Seite finden sich Links und Informationen zu Asylverfahren, Integration und Leben in \u00d6sterreich, sowie Antworten auf folgende Fragen:<\/p>\n\n\n\n<ul class=\"wp-block-list\">\n<li><a href=\"https:\/\/help.unhcr.org\/austria\/de\/where-to-seek-help\/\">Wo finde ich Hilfe?<\/a><\/li>\n\n\n\n<li><a href=\"https:\/\/help.unhcr.org\/austria\/de\/asylum-in-austria-2\/the-asylum-procedure\/\">Wie kann ich in \u00d6sterreich Asyl beantragen und wie l\u00e4uft das Asylverfahren ab?<\/a><\/li>\n\n\n\n<li>Welche <a href=\"https:\/\/help.unhcr.org\/austria\/de\/rights-and-obligations-2\/\">Rechte und Pflichten<\/a> habe ich als <a href=\"https:\/\/help.unhcr.org\/austria\/de\/rights-and-obligations-2\/recognized-refugees-or-beneficiaries-of-subsidiary-protection\/\">Fl\u00fcchtling<\/a> oder als <a href=\"https:\/\/help.unhcr.org\/austria\/de\/rights-and-obligations-2\/asylum-seekers\/\">Asylsuchende\/r<\/a> in \u00d6sterreich?<\/li>\n\n\n\n<li><a href=\"https:\/\/help.unhcr.org\/austria\/de\/family-reunification-2\/\">Wie kann ich wieder mit meinen Familienangeh\u00f6rigen vereint werden (Familienzusammenf\u00fchrung)?<\/a><\/li>\n\n\n\n<li><a href=\"https:\/\/help.unhcr.org\/austria\/de\/resettlement-2\/\">Wie l\u00e4uft Resettlement ab?<\/a><\/li>\n\n\n\n<li><a href=\"https:\/\/help.unhcr.org\/austria\/de\/voluntary-return-2\/\">Wie kann ich freiwillig in mein Heimatland zur\u00fcckkehren?<\/a><\/li>\n\n\n\n<li><a href=\"https:\/\/help.unhcr.org\/austria\/de\/about-unhcr-in-austria-2\/\">Welche Aufgaben hat UNHCR in \u00d6sterreich?<\/a><\/li>\n\n\n\n<li><a href=\"https:\/\/help.unhcr.org\/austria\/de\/fehlverhalten-in-zusammenhang-mit-unhcr-melden\/\">Wie kann ich Fehlverhalten melden?<\/a><\/li>\n<\/ul>\n\n\n\n<hr class=\"wp-block-separator has-css-opacity\" \/>\n\n\n\n<p>Falls Sie aufgrund der aktuellen <strong>Gewalteskalation im Nahen Osten<\/strong> nach Familienmitgliedern suchen, k\u00f6nnen Sie das daf\u00fcr eingerichtete Formular des Roten Kreuzes nutzen, das Sie bei der Suche unterst\u00fctzt. <\/p>\n\n\n\n<p>Weitere Informationen sowie das Formular finden Sie hier: <a href=\"https:\/\/www.roteskreuz.at\/ich-brauche-hilfe\/personensuche\">Personensuche \u2013 Rotes Kreuz<\/a>, <a href=\"https:\/\/www.roteskreuz.at\/fileadmin\/user_upload\/PDF\/Suchdienst\/RCM_Iran_-_anxious_for_news_und_Suchantrag.pdf\">Suchantrag<\/a>.<\/p>\n\n\n\n<p><strong>Syria is home<\/strong><\/p>\n\n\n\n<p>Die R\u00fcckkehr in die Heimat ist eine pers\u00f6nliche Entscheidung, die vollst\u00e4ndig informiert, freiwillig und unter sicheren sowie w\u00fcrdevollen Bedingungen erfolgen sollte. Es ist eine Entscheidung, die nur Sie und Ihre Familie treffen k\u00f6nnen. UNHCR appelliert weiterhin an die Aufnahmel\u00e4nder, syrischen Fl\u00fcchtlingen kurzfristige Besuche, sogenannte go and see visits, in ihrer Heimat zu gestatten, ohne dass dies Auswirkungen auf ihren rechtlichen Status hat, und von zwangsweisen R\u00fcckf\u00fchrungen nach Syrien abzusehen. Um eine fundierte Entscheidungsfindung \u00fcber den Verbleib im Aufnahmeland oder die R\u00fcckkehr nach Syrien zu unterst\u00fctzen, hat UNHCR die Plattform <a href=\"https:\/\/eur02.safelinks.protection.outlook.com\/?url=https%3A%2F%2Fsyriaishome.org%2Fen%2F&amp;data=05%7C02%7Csommerau%40unhcr.org%7C2e3b450a9da54cfe9c5f08dd81afee27%7Ce5c37981666441348a0c6543d2af80be%7C0%7C0%7C638809314782075519%7CUnknown%7CTWFpbGZsb3d8eyJFbXB0eU1hcGkiOnRydWUsIlYiOiIwLjAuMDAwMCIsIlAiOiJXaW4zMiIsIkFOIjoiTWFpbCIsIldUIjoyfQ%3D%3D%7C0%7C%7C%7C&amp;sdata=kBVti8%2FqwyxSCdjK4zEkp7xR3jZEyuUXNfiejPhhTxw%3D&amp;reserved=0\">Syria is Home<\/a> eingerichtet. Dort finden Sie Informationen zu rechtlichen Schritten, Dokumenten, Wohnen, Gesundheitsversorgung und Bildung.<\/p>\n","protected":false},"excerpt":{"rendered":"<p>Die Webseite help.unhcr.org\/austria richtet sich an Fl\u00fcchtlinge und Asylsuchende. Auf der Seite finden sich Links und Informationen zu Asylverfahren, Integration und Leben in \u00d6sterreich, sowie Antworten auf folgende Fragen: Falls Sie aufgrund der aktuellen Gewalteskalation im Nahen Osten nach Familienmitgliedern suchen, k\u00f6nnen Sie das daf\u00fcr eingerichtete Formular des Roten Kreuzes nutzen, das Sie bei der [&hellip;]<\/p>\n","protected":false},"author":1,"featured_media":0,"parent":0,"menu_order":0,"comment_status":"closed","ping_status":"closed","template":"","meta":{"_acf_changed":false,"footnotes":""},"class_list":["post-143","page","type-page","status-publish","hentry"],"acf":[],"_links":{"self":[{"href":"https:\/\/help.unhcr.org\/austria\/de\/wp-json\/wp\/v2\/pages\/143","targetHints":{"allow":["GET"]}}],"collection":[{"href":"https:\/\/help.unhcr.org\/austria\/de\/wp-json\/wp\/v2\/pages"}],"about":[{"href":"https:\/\/help.unhcr.org\/austria\/de\/wp-json\/wp\/v2\/types\/page"}],"author":[{"embeddable":true,"href":"https:\/\/help.unhcr.org\/austria\/de\/wp-json\/wp\/v2\/users\/1"}],"replies":[{"embeddable":true,"href":"https:\/\/help.unhcr.org\/austria\/de\/wp-json\/wp\/v2\/comments?post=143"}],"version-history":[{"count":54,"href":"https:\/\/help.unhcr.org\/austria\/de\/wp-json\/wp\/v2\/pages\/143\/revisions"}],"predecessor-version":[{"id":2386,"href":"https:\/\/help.unhcr.org\/austria\/de\/wp-json\/wp\/v2\/pages\/143\/revisions\/2386"}],"wp:attachment":[{"href":"https:\/\/help.unhcr.org\/austria\/de\/wp-json\/wp\/v2\/media?parent=143"}],"curies":[{"name":"wp","href":"https:\/\/api.w.org\/{rel}","templated":true}]}}