{"id":188,"date":"2020-01-10T18:57:54","date_gmt":"2020-01-10T18:57:54","guid":{"rendered":"http:\/\/help.unhcr.org\/aruba\/?page_id=188"},"modified":"2025-11-13T16:02:06","modified_gmt":"2025-11-13T16:02:06","slug":"como-solicitar-asilo","status":"publish","type":"page","link":"https:\/\/help.unhcr.org\/aruba\/como-solicitar-asilo\/","title":{"rendered":"\u00bfC\u00f3mo solicitar la condici\u00f3n de refugiado?"},"content":{"rendered":"\n<p>Buscar asilo es un acto de esperanza y valent\u00eda. Las personas solicitantes de asilo son quienes han tenido que abandonar su pa\u00eds por temor fundado a ser perseguidas, sufrir violencia o verse afectadas por conflictos armados, ya sea por motivos de raza, religi\u00f3n, nacionalidad, opiniones pol\u00edticas o pertenencia a un grupo social determinado. <br><br>Si te encuentras en Aruba y temes regresar a tu pa\u00eds de origen, esta secci\u00f3n est\u00e1 dise\u00f1ada para ayudarte a comprender tus derechos y el proceso para solicitar protecci\u00f3n internacional.<\/p>\n\n\n\n<p class=\"has-white-color has-text-color has-background has-link-color wp-elements-0301e86645ff9134dabe60613a3909ff\" style=\"background-color:#0072bc\">Recuerde: tanto la solicitud como la cita son gratuitas. En ning\u00fan momento se le debe pedir que pague por el formulario de asilo, su procesamiento o para reservar una cita; si alguien le solicita un pago, no lo acepte y reporte el incidente de inmediato a ACNUR.<\/p>\n\n\n\n<p><\/p>\n","protected":false},"excerpt":{"rendered":"<p>Buscar asilo es un acto de esperanza y valent\u00eda. Las personas solicitantes de asilo son quienes han tenido que abandonar su pa\u00eds por temor fundado a ser perseguidas, sufrir violencia o verse afectadas por conflictos armados, ya sea por motivos de raza, religi\u00f3n, nacionalidad, opiniones pol\u00edticas o pertenencia a un grupo social determinado. Si te [&hellip;]<\/p>\n","protected":false},"author":78,"featured_media":0,"parent":0,"menu_order":2,"comment_status":"closed","ping_status":"closed","template":"page-templates\/sectioned.php","meta":{"_acf_changed":false,"footnotes":""},"class_list":["post-188","page","type-page","status-publish","hentry"],"acf":[],"_links":{"self":[{"href":"https:\/\/help.unhcr.org\/aruba\/wp-json\/wp\/v2\/pages\/188","targetHints":{"allow":["GET"]}}],"collection":[{"href":"https:\/\/help.unhcr.org\/aruba\/wp-json\/wp\/v2\/pages"}],"about":[{"href":"https:\/\/help.unhcr.org\/aruba\/wp-json\/wp\/v2\/types\/page"}],"author":[{"embeddable":true,"href":"https:\/\/help.unhcr.org\/aruba\/wp-json\/wp\/v2\/users\/78"}],"replies":[{"embeddable":true,"href":"https:\/\/help.unhcr.org\/aruba\/wp-json\/wp\/v2\/comments?post=188"}],"version-history":[{"count":8,"href":"https:\/\/help.unhcr.org\/aruba\/wp-json\/wp\/v2\/pages\/188\/revisions"}],"predecessor-version":[{"id":1526,"href":"https:\/\/help.unhcr.org\/aruba\/wp-json\/wp\/v2\/pages\/188\/revisions\/1526"}],"wp:attachment":[{"href":"https:\/\/help.unhcr.org\/aruba\/wp-json\/wp\/v2\/media?parent=188"}],"curies":[{"name":"wp","href":"https:\/\/api.w.org\/{rel}","templated":true}]}}