{"id":158,"date":"2020-01-10T18:32:43","date_gmt":"2020-01-10T18:32:43","guid":{"rendered":"http:\/\/help.unhcr.org\/aruba\/?page_id=158"},"modified":"2026-04-14T13:56:09","modified_gmt":"2026-04-14T13:56:09","slug":"donde-buscar-ayuda","status":"publish","type":"page","link":"https:\/\/help.unhcr.org\/aruba\/donde-buscar-ayuda\/","title":{"rendered":"\u00bfD\u00f3nde Buscar Ayuda?"},"content":{"rendered":"\n<div id=\"contact-card-426802a4-e05e-4a85-b3df-0aefbded2a65\" class=\"wp-block-help-unhcr-contact-card contact-card -card\"><div class=\"contact-card__container\"><div class=\"contact-card__head px-16 py-12 text-left\"><h4 class=\"contact-card__head-title mb-0\">UNHCR Aruba\/Curazao<\/h4><\/div><div class=\"contact-card__body\">\n<div class=\"wp-block-help-unhcr-contact-card-inner contact-card-inner contact-card-inner__item py-12 px-16 contact-card-inner__item--1 d-flex gap-8 align-items-start has-bottom-border contact-card__has-no-icon\" id=\"qa-8e6e3648-c2f5-4408-b62f-e2c792ddee48\"><div class=\"contact-card__information\">\n<p>El ACNUR es la Agencia de la ONU para los Refugiados, creada &nbsp;por la Asamblea General de Naciones Unidas en 1950. El ACNUR trabaja conjuntamente con agencias gubernamentales, ONGs y sociedad civil en la promoci\u00f3n y protecci\u00f3n de los derechos de refugiados, especialmente aquellos con necesidades espec\u00edficas de protecci\u00f3n.<\/p>\n<\/div><\/div>\n\n\n\n<div class=\"wp-block-help-unhcr-contact-card-inner contact-card-inner contact-card-inner__item py-12 px-16 contact-card-inner__item--2 d-flex gap-8 align-items-start has-bottom-border\" id=\"qa-7e8f2e6b-5604-45db-9f63-c73c87f3851b\"><div class=\"contact-card__icon\"><i class=\"contact-card-icon bi bi-geo-alt\"><\/i><\/div><div class=\"contact-card__information\">\n<p><strong>Direcci\u00f3n<\/strong>:&nbsp;<a href=\"https:\/\/maps.app.goo.gl\/wuK6to59jQJZRbJE6\">Dabaruidastraat 11, Ponton, Aruba<\/a><\/p>\n<\/div><\/div>\n\n\n\n<div class=\"wp-block-help-unhcr-contact-card-inner contact-card-inner contact-card-inner__item py-12 px-16 contact-card-inner__item--3 d-flex gap-8 align-items-start has-bottom-border\" id=\"qa-61293128-8494-4754-8367-3b6da0dfa2d3\"><div class=\"contact-card__icon\"><i class=\"contact-card-icon bi bi-telephone\"><\/i><\/div><div class=\"contact-card__information\">\n<p><strong>N\u00famero de la l\u00ednea de ayuda:<\/strong>&nbsp;<a href=\"tel:+2977320006\">+297-732-0006<\/a><\/p>\n<\/div><\/div>\n\n\n\n<div class=\"wp-block-help-unhcr-contact-card-inner contact-card-inner contact-card-inner__item py-12 px-16 contact-card-inner__item--4 d-flex gap-8 align-items-start has-bottom-border\" id=\"qa-8b469ee1-2c12-4154-a70d-6e2e5e64f39a\"><div class=\"contact-card__icon\"><i class=\"contact-card-icon bi bi-whatsapp\"><\/i><\/div><div class=\"contact-card__information\">\n<p><strong>WhatsApp:<\/strong> <a href=\"https:\/\/wa.me\/2977320006\">+297-732-0006<\/a> <\/p>\n<\/div><\/div>\n\n\n\n<div class=\"wp-block-help-unhcr-contact-card-inner contact-card-inner contact-card-inner__item py-12 px-16 contact-card-inner__item--5 d-flex gap-8 align-items-start has-bottom-border\" id=\"qa-242002cc-b10c-45d5-8bf2-9ecc8c4be844\"><div class=\"contact-card__icon\"><i class=\"contact-card-icon bi bi-clock\"><\/i><\/div><div class=\"contact-card__information\">\n<p><strong>Horario de atenci\u00f3n de nuestra l\u00ednea de ayuda :<\/strong>&nbsp;de lunes a viernes de 8:30 am a 12 pm&nbsp;<\/p>\n<\/div><\/div>\n\n\n\n<div class=\"wp-block-help-unhcr-contact-card-inner contact-card-inner contact-card-inner__item py-12 px-16 contact-card-inner__item--6 d-flex gap-8 align-items-start has-bottom-border\" id=\"qa-b872a9b8-3f11-4628-98ec-c434a1a52fdb\"><div class=\"contact-card__icon\"><i class=\"contact-card-icon bi bi-envelope email\"><\/i><\/div><div class=\"contact-card__information\">\n<p><strong>Correo electr\u00f3nico:<\/strong> <a href=\"mailto:aruor@unhcr.org\">aruor@unhcr.org<\/a><\/p>\n<\/div><\/div>\n\n\n\n<div class=\"wp-block-help-unhcr-contact-card-inner contact-card-inner contact-card-inner__item py-12 px-16 contact-card-inner__item--7 d-flex gap-8 align-items-start has-bottom-border\" id=\"qa-e6d53bc0-390f-4e53-a44d-9eb1a9b72a21\"><div class=\"contact-card__icon\"><i class=\"contact-card-icon bi bi-info-circle\"><\/i><\/div><div class=\"contact-card__information\">\n<p><strong>Si requieres asistencia del ACNUR, debes &nbsp;programar una cita por medio de nuestra l\u00ednea de ayuda durante las horas operacionales o a &nbsp;trav\u00e9s&nbsp; de &nbsp;nuestro correo electr\u00f3nico.<\/strong><\/p>\n<\/div><\/div>\n<\/div><\/div><\/div>\n\n\n\n<div id=\"contact-card-32d47290-b9dc-473f-b16d-cceac10fb80c\" class=\"wp-block-help-unhcr-contact-card contact-card grey-card\"><div class=\"contact-card__container\"><div class=\"contact-card__head px-16 py-12 text-left\"><h4 class=\"contact-card__head-title mb-0\">DIMAS (Departamento de Integraci\u00f3n y Gesti\u00f3n y Admisi\u00f3n de Extranjeros)<\/h4><\/div><div class=\"contact-card__body\">\n<div class=\"wp-block-help-unhcr-contact-card-inner contact-card-inner contact-card-inner__item py-12 px-16 contact-card-inner__item--1 d-flex gap-8 align-items-start has-bottom-border contact-card__has-no-icon\" id=\"qa-2d337b5a-f1b2-48e7-8c49-21e11ac5690a\"><div class=\"contact-card__information\">\n<p>El Departamento de Integraci\u00f3n y Gesti\u00f3n y Admisi\u00f3n de Extranjeros (DIMAS por sus siglas en papiamento) es el departamento gubernamental que se encarga de recibir la solicitud de la condici\u00f3n de refugiado (asilo). Esta es la oficina gubernamental a la que deber\u00e1s dirigirte en caso de que requieras solicitar la condici\u00f3n de refugiado (asilo).&nbsp; DIMAS tambi\u00e9n es la oficina gubernamental responsable de revisar y tomar decisiones con respecto a tu solicitud de la condici\u00f3n de refugiado (asilo).<\/p>\n<\/div><\/div>\n\n\n\n<div class=\"wp-block-help-unhcr-contact-card-inner contact-card-inner contact-card-inner__item py-12 px-16 contact-card-inner__item--2 d-flex gap-8 align-items-start has-bottom-border\" id=\"qa-ca3eb0a0-d4a3-4e91-bf34-0aaa26331596\"><div class=\"contact-card__icon\"><i class=\"contact-card-icon bi bi-geo-alt\"><\/i><\/div><div class=\"contact-card__information\">\n<p><strong>Direcci\u00f3n<\/strong> <a href=\"https:\/\/maps.app.goo.gl\/soSyjt1Y9ZZ5ajJX8\">Paardenbaaistraat 11, Oranjestad, Aruba<\/a><\/p>\n<\/div><\/div>\n\n\n\n<div class=\"wp-block-help-unhcr-contact-card-inner contact-card-inner contact-card-inner__item py-12 px-16 contact-card-inner__item--3 d-flex gap-8 align-items-start has-bottom-border\" id=\"qa-c6e26358-45cb-4d3b-8a8f-b4830575a7ff\"><div class=\"contact-card__icon\"><i class=\"contact-card-icon bi bi-telephone\"><\/i><\/div><div class=\"contact-card__information\">\n<p><strong>Tel\u00e9fono<\/strong>: <a href=\"tel:+2975221500\">+297 522 1500<\/a><\/p>\n<\/div><\/div>\n\n\n\n<div class=\"wp-block-help-unhcr-contact-card-inner contact-card-inner contact-card-inner__item py-12 px-16 contact-card-inner__item--4 d-flex gap-8 align-items-start has-bottom-border\" id=\"qa-5596e21a-1198-4a28-877e-532646362062\"><div class=\"contact-card__icon\"><i class=\"contact-card-icon bi bi-link-45deg\"><\/i><\/div><div class=\"contact-card__information\">\n<p><strong>Sitio web:<\/strong>&nbsp;<a href=\"https:\/\/www.dimasaruba.aw\/\">https:\/\/www.dimasaruba.aw\/<\/a>&nbsp;(el sitio web tambi\u00e9n puedes encontrar en espa\u00f1ol)<\/p>\n<\/div><\/div>\n\n\n\n<div class=\"wp-block-help-unhcr-contact-card-inner contact-card-inner contact-card-inner__item py-12 px-16 contact-card-inner__item--5 d-flex gap-8 align-items-start has-bottom-border\" id=\"qa-70071d4d-72db-4748-97ce-61824a055149\"><div class=\"contact-card__icon\"><i class=\"contact-card-icon bi bi-info-circle\"><\/i><\/div><div class=\"contact-card__information\">\n<p>Para saber c\u00f3mo programar una cita con DIMAS, visite nuestra p\u00e1gina&nbsp;<a href=\"https:\/\/help.unhcr.org\/aruba\/como-solicitar-asilo\/\">\u201cSolicitud de asilo\u201d<\/a><\/p>\n<\/div><\/div>\n<\/div><\/div><\/div>\n\n\n\n<div id=\"contact-card-940bb144-c9d6-4ba2-afc4-02f09304e60a\" class=\"wp-block-help-unhcr-contact-card contact-card grey-card\"><div class=\"contact-card__container\"><div class=\"contact-card__head px-16 py-12 text-left\"><h4 class=\"contact-card__head-title mb-0\">La Organizaci\u00f3n Internacional para las Migraciones (OIM)<\/h4><\/div><div class=\"contact-card__body\">\n<div class=\"wp-block-help-unhcr-contact-card-inner contact-card-inner contact-card-inner__item py-12 px-16 contact-card-inner__item--1 d-flex gap-8 align-items-start has-bottom-border contact-card__has-no-icon\" id=\"qa-bc369011-4b78-4666-96c7-818a5793346c\"><div class=\"contact-card__information\">\n<p>La OIM trabaja para ayudar a garantizar la gesti\u00f3n ordenada y humana de la migraci\u00f3n, promover la cooperaci\u00f3n internacional en temas de migraci\u00f3n, ayudar en la b\u00fasqueda de soluciones pr\u00e1cticas a los problemas de migraci\u00f3n y proporcionar asistencia humanitaria a los migrantes necesitados, incluidos los refugiados y las personas desplazadas internamente.<\/p>\n<\/div><\/div>\n\n\n\n<div class=\"wp-block-help-unhcr-contact-card-inner contact-card-inner contact-card-inner__item py-12 px-16 contact-card-inner__item--2 d-flex gap-8 align-items-start has-bottom-border\" id=\"qa-d65d764d-f617-4352-8765-688a43e5fd66\"><div class=\"contact-card__icon\"><i class=\"contact-card-icon bi bi-geo-alt\"><\/i><\/div><div class=\"contact-card__information\">\n<p><strong>Direcci\u00f3n:<\/strong>&nbsp;Caya Milio Croes 30, Dakota, Aruba<\/p>\n<\/div><\/div>\n\n\n\n<div class=\"wp-block-help-unhcr-contact-card-inner contact-card-inner contact-card-inner__item py-12 px-16 contact-card-inner__item--3 d-flex gap-8 align-items-start has-bottom-border\" id=\"qa-6b999fe5-e4e8-4562-a9b1-f8a09d38b9ac\"><div class=\"contact-card__icon\"><i class=\"contact-card-icon bi bi-telephone\"><\/i><\/div><div class=\"contact-card__information\">\n<p><strong>Tel\u00e9fono:&nbsp;<\/strong><a href=\"tel:+2977433332\">+297 743 3332<\/a><\/p>\n<\/div><\/div>\n<\/div><\/div><\/div>\n\n\n\n<div id=\"contact-card-dd4f79c3-c56c-4608-ba0b-3f54b016a000\" class=\"wp-block-help-unhcr-contact-card contact-card grey-card\"><div class=\"contact-card__container\"><div class=\"contact-card__head px-16 py-12 text-left\"><h4 class=\"contact-card__head-title mb-0\">FCVR (Fundaci\u00f3n Contra la Violencia Relacional)<\/h4><\/div><div class=\"contact-card__body\">\n<div class=\"wp-block-help-unhcr-contact-card-inner contact-card-inner contact-card-inner__item py-12 px-16 contact-card-inner__item--1 d-flex gap-8 align-items-start has-bottom-border contact-card__has-no-icon\" id=\"qa-8dd6e882-31e1-472c-b758-010436584f9b\"><div class=\"contact-card__information\">\n<p>FCVR es un centro de tratamiento y experiencia en Aruba que se enfoca en la violencia dom\u00e9stica, espec\u00edficamente la violencia entre parejas \u00edntimas y exparejas \u00edntimas. La fundaci\u00f3n sirve a la comunidad ofreciendo servicios ambulatorios, servicios residenciales (refugio de crisis y tr\u00e1nsito), servicios de seguimiento, un centro de experticia y trabajo de defensa. Los servicios residenciales est\u00e1n espec\u00edficamente dirigidos a mujeres y sus hijos que son v\u00edctimas y sobrevivientes de violencia dom\u00e9stica.<\/p>\n<\/div><\/div>\n\n\n\n<div class=\"wp-block-help-unhcr-contact-card-inner contact-card-inner contact-card-inner__item py-12 px-16 contact-card-inner__item--2 d-flex gap-8 align-items-start has-bottom-border\" id=\"qa-dc5034ef-3ce2-4952-b270-f310ccf27565\"><div class=\"contact-card__icon\"><i class=\"contact-card-icon bi bi-geo-alt\"><\/i><\/div><div class=\"contact-card__information\">\n<p><strong>Direcci\u00f3n:<\/strong>\u00a0Primera 1b, Oranjestad, Aruba<\/p>\n<\/div><\/div>\n\n\n\n<div class=\"wp-block-help-unhcr-contact-card-inner contact-card-inner contact-card-inner__item py-12 px-16 contact-card-inner__item--3 d-flex gap-8 align-items-start has-bottom-border\" id=\"qa-99c7818b-740f-4ade-b154-c8b4b1817ffa\"><div class=\"contact-card__icon\"><i class=\"contact-card-icon bi bi-telephone\"><\/i><\/div><div class=\"contact-card__information\">\n<p><strong>Tel\u00e9fono:<\/strong>&nbsp;<a href=\"tel:+2975835400\">+297 583 5400<\/a><\/p>\n<\/div><\/div>\n\n\n\n<div class=\"wp-block-help-unhcr-contact-card-inner contact-card-inner contact-card-inner__item py-12 px-16 contact-card-inner__item--4 d-flex gap-8 align-items-start has-bottom-border\" id=\"qa-adac0000-e8cc-426c-9dc4-509d3a278fb5\"><div class=\"contact-card__icon\"><i class=\"contact-card-icon bi bi-whatsapp\"><\/i><\/div><div class=\"contact-card__information\">\n<p><strong>WhatsApp:&nbsp;<\/strong><a href=\"https:\/\/wa.me\/2975671670\">+297 567 1670<\/a><\/p>\n<\/div><\/div>\n<\/div><\/div><\/div>\n\n\n\n<div id=\"contact-card-baf69718-cd6c-4d89-ad55-20b4b52bb1e7\" class=\"wp-block-help-unhcr-contact-card contact-card grey-card\"><div class=\"contact-card__container\"><div class=\"contact-card__head px-16 py-12 text-left\"><h4 class=\"contact-card__head-title mb-0\">Venearuba Solidaria<\/h4><\/div><div class=\"contact-card__body\">\n<div class=\"wp-block-help-unhcr-contact-card-inner contact-card-inner contact-card-inner__item py-12 px-16 contact-card-inner__item--1 d-flex gap-8 align-items-start has-bottom-border contact-card__has-no-icon\" id=\"qa-9bec6df0-cbd9-4c94-a422-f06f2246a205\"><div class=\"contact-card__information\">\n<p>Fundaci\u00f3n Venearuba Solidaria es una organizaci\u00f3n no gubernamental en Aruba dedicada a asistir a comunidades vulnerables, con un fuerte enfoque en los venezolanos. Fue establecida para proporcionar apoyo social, legal y educativo a las personas necesitadas.<\/p>\n\n\n\n<p>La fundaci\u00f3n lleva a cabo diversas iniciativas, incluyendo \u201cLa Casa del Venezolano,\u201d que ofrece asistencia legal para casos sencillos, apoyo psico-social y programas educativos. Un programa destacado es \u201cSi\u00f1a Merdia,\u201d dise\u00f1ado para ni\u00f1os en edad escolar, que ofrece clases y ayuda a los adultos a aprender idiomas locales para facilitar su integraci\u00f3n en la comunidad. Todos los servicios se ofrecen sin costo alguno.<\/p>\n\n\n\n<p>Fundaci\u00f3n Venearuba Solidaria est\u00e1 comprometida a abordar necesidades urgentes dentro de la poblaci\u00f3n migrante, incluyendo aquellos que enfrentan desalojos y personas sin seguro de salud que padecen enfermedades graves. La fundaci\u00f3n enfatiza que sus servicios est\u00e1n disponibles para individuos de todas las nacionalidades, reforzando su misi\u00f3n de proporcionar asistencia social inclusiva.<\/p>\n<\/div><\/div>\n\n\n\n<div class=\"wp-block-help-unhcr-contact-card-inner contact-card-inner contact-card-inner__item py-12 px-16 contact-card-inner__item--2 d-flex gap-8 align-items-start has-bottom-border\" id=\"qa-1a99c113-f3b0-4960-a716-18653f400e8c\"><div class=\"contact-card__icon\"><i class=\"contact-card-icon bi bi-geo-alt\"><\/i><\/div><div class=\"contact-card__information\">\n<p><strong>Direcci\u00f3n:<\/strong>&nbsp;<a href=\"https:\/\/maps.app.goo.gl\/Cy2EJLfnw3EuLPpZ8\">Av Milo Croes 30, Oranjestad, Aruba<\/a><\/p>\n<\/div><\/div>\n\n\n\n<div class=\"wp-block-help-unhcr-contact-card-inner contact-card-inner contact-card-inner__item py-12 px-16 contact-card-inner__item--3 d-flex gap-8 align-items-start has-bottom-border\" id=\"qa-fcd8ccdf-13ca-4676-9c25-bdba425eeca5\"><div class=\"contact-card__icon\"><i class=\"contact-card-icon bi bi-telephone\"><\/i><\/div><div class=\"contact-card__information\">\n<p><strong>N\u00famero de tel\u00e9fono:<\/strong>&nbsp; <a href=\"tel:+2977457501\">745 7501<\/a><\/p>\n<\/div><\/div>\n\n\n\n<div class=\"wp-block-help-unhcr-contact-card-inner contact-card-inner contact-card-inner__item py-12 px-16 contact-card-inner__item--4 d-flex gap-8 align-items-start has-bottom-border\" id=\"qa-61ffa5c9-09fb-4c66-9295-b6f5ed5cbbf1\"><div class=\"contact-card__icon\"><i class=\"contact-card-icon bi bi-geo-alt\"><\/i><\/div><div class=\"contact-card__information\">\n<p><strong>E-mail:<\/strong> <a href=\"mailto:Venearubasolidaria@gmail.com\">Venearubasolidaria@gmail.com<\/a><\/p>\n<\/div><\/div>\n<\/div><\/div><\/div>\n\n\n\n<div id=\"contact-card-5ba3443a-5ad6-4748-8490-f14fcec47c54\" class=\"wp-block-help-unhcr-contact-card contact-card grey-card\"><div class=\"contact-card__container\"><div class=\"contact-card__head px-16 py-12 text-left\"><h4 class=\"contact-card__head-title mb-0\">FPA (Famia Planea Aruba)<\/h4><\/div><div class=\"contact-card__body\">\n<div class=\"wp-block-help-unhcr-contact-card-inner contact-card-inner contact-card-inner__item py-12 px-16 contact-card-inner__item--1 d-flex gap-8 align-items-start has-bottom-border contact-card__has-no-icon\" id=\"qa-3057763c-39c9-4cab-b28a-286de60e6c2b\"><div class=\"contact-card__information\">\n<p>Famia Planea Aruba es una organizaci\u00f3n sin fines de lucro establecida en 2014, dedicada a promover la salud sexual y reproductiva, as\u00ed como la planificaci\u00f3n familiar en Aruba. La organizaci\u00f3n tiene como objetivo empoderar a las personas al proporcionar educaci\u00f3n y acceso a servicios de salud esenciales. Realizan talleres sobre temas importantes como opciones anticonceptivas, relaciones saludables e infecciones de transmisi\u00f3n sexual, al tiempo que abogan por pol\u00edticas que respalden los derechos sexuales y reproductivos.<\/p>\n\n\n\n<p>Famia Planea se enfoca en fomentar la paternidad responsable y en garantizar que los servicios sean accesibles para diversas comunidades. Sus esfuerzos est\u00e1n dirigidos a mejorar el bienestar de individuos y familias en Aruba a trav\u00e9s de enfoques inclusivos e informados sobre salud y relaciones.<\/p>\n<\/div><\/div>\n\n\n\n<div class=\"wp-block-help-unhcr-contact-card-inner contact-card-inner contact-card-inner__item py-12 px-16 contact-card-inner__item--2 d-flex gap-8 align-items-start has-bottom-border\" id=\"qa-e7c974e4-8742-40e4-8421-7fa5fb6a35dc\"><div class=\"contact-card__icon\"><i class=\"contact-card-icon bi bi-geo-alt\"><\/i><\/div><div class=\"contact-card__information\">\n<p><strong>Direcci\u00f3n:<\/strong>&nbsp;<a href=\"https:\/\/maps.app.goo.gl\/SE9tTEyijkiMZ96v9\">Bilderdijkstraat 16, Unit 4, Oranjestad, Aruba<\/a><\/p>\n<\/div><\/div>\n\n\n\n<div class=\"wp-block-help-unhcr-contact-card-inner contact-card-inner contact-card-inner__item py-12 px-16 contact-card-inner__item--3 d-flex gap-8 align-items-start has-bottom-border\" id=\"qa-743cf8f3-3000-4ecf-9f16-820dc37e710f\"><div class=\"contact-card__icon\"><i class=\"contact-card-icon bi bi-telephone\"><\/i><\/div><div class=\"contact-card__information\">\n<p><strong>Tel\u00e9fono:<\/strong>&nbsp;<a href=\"tel:+2975889591\">+297 5889591<\/a><\/p>\n<\/div><\/div>\n\n\n\n<div class=\"wp-block-help-unhcr-contact-card-inner contact-card-inner contact-card-inner__item py-12 px-16 contact-card-inner__item--4 d-flex gap-8 align-items-start has-bottom-border\" id=\"qa-218af212-3afc-4147-b2b1-c8ec73ba88f0\"><div class=\"contact-card__icon\"><i class=\"contact-card-icon bi bi-envelope email\"><\/i><\/div><div class=\"contact-card__information\">\n<p><strong>Correo electr\u00f3nico:<\/strong>&nbsp;<a href=\"mailto:info@famiaplanea.org\">info@famiaplanea.org<\/a><\/p>\n<\/div><\/div>\n\n\n\n<div class=\"wp-block-help-unhcr-contact-card-inner contact-card-inner contact-card-inner__item py-12 px-16 contact-card-inner__item--5 d-flex gap-8 align-items-start has-bottom-border\" id=\"qa-9feaee1f-b2d0-4c46-a3e1-f43395a25a02\"><div class=\"contact-card__icon\"><i class=\"contact-card-icon bi bi-link-45deg\"><\/i><\/div><div class=\"contact-card__information\">\n<p><strong>Sitio web<\/strong>: <a href=\"https:\/\/www.famiaplanea.org\/\">https:\/\/www.famiaplanea.org\/<\/a><\/p>\n<\/div><\/div>\n<\/div><\/div><\/div>\n\n\n\n<p><\/p>\n","protected":false},"excerpt":{"rendered":"","protected":false},"author":78,"featured_media":0,"parent":0,"menu_order":1,"comment_status":"closed","ping_status":"closed","template":"","meta":{"_acf_changed":false,"footnotes":""},"topics":[37],"audiences":[],"class_list":["post-158","page","type-page","status-publish","hentry","topics-partners"],"acf":[],"_links":{"self":[{"href":"https:\/\/help.unhcr.org\/aruba\/wp-json\/wp\/v2\/pages\/158","targetHints":{"allow":["GET"]}}],"collection":[{"href":"https:\/\/help.unhcr.org\/aruba\/wp-json\/wp\/v2\/pages"}],"about":[{"href":"https:\/\/help.unhcr.org\/aruba\/wp-json\/wp\/v2\/types\/page"}],"author":[{"embeddable":true,"href":"https:\/\/help.unhcr.org\/aruba\/wp-json\/wp\/v2\/users\/78"}],"replies":[{"embeddable":true,"href":"https:\/\/help.unhcr.org\/aruba\/wp-json\/wp\/v2\/comments?post=158"}],"version-history":[{"count":38,"href":"https:\/\/help.unhcr.org\/aruba\/wp-json\/wp\/v2\/pages\/158\/revisions"}],"predecessor-version":[{"id":1645,"href":"https:\/\/help.unhcr.org\/aruba\/wp-json\/wp\/v2\/pages\/158\/revisions\/1645"}],"wp:attachment":[{"href":"https:\/\/help.unhcr.org\/aruba\/wp-json\/wp\/v2\/media?parent=158"}],"wp:term":[{"taxonomy":"topics","embeddable":true,"href":"https:\/\/help.unhcr.org\/aruba\/wp-json\/wp\/v2\/topics?post=158"},{"taxonomy":"audiences","embeddable":true,"href":"https:\/\/help.unhcr.org\/aruba\/wp-json\/wp\/v2\/audiences?post=158"}],"curies":[{"name":"wp","href":"https:\/\/api.w.org\/{rel}","templated":true}]}}