{"id":1117,"date":"2024-10-08T16:46:41","date_gmt":"2024-10-08T16:46:41","guid":{"rendered":"https:\/\/help.unhcr.org\/aruba\/?page_id=1117"},"modified":"2025-10-20T19:44:48","modified_gmt":"2025-10-20T19:44:48","slug":"about-aruba","status":"publish","type":"page","link":"https:\/\/help.unhcr.org\/aruba\/about-aruba\/","title":{"rendered":"Sobre Aruba"},"content":{"rendered":"\n<p>Aruba es una peque\u00f1a isla caribe\u00f1a ubicada frente a la costa norte de Venezuela, aproximadamente a 29 kil\u00f3metros (18 millas) al norte de la pen\u00ednsula de Paraguana. Es parte del Reino de los Pa\u00edses Bajos y es conocida por sus playas de arena blanca, su cultura vibrante y su clima \u00e1rido.<\/p>\n\n\n\n<p><strong>Tama\u00f1o:<\/strong> Aruba tiene una superficie total de 180 km\u00b2 (69,5 millas cuadradas). Es una isla relativamente plana con algunas colinas, siendo la m\u00e1s alta el monte Jamanota, que alcanza los 188 metros (617 pies) sobre el nivel del mar.<\/p>\n\n\n\n<p><strong>Poblaci\u00f3n:<\/strong> Aruba tiene una poblaci\u00f3n estimada de alrededor de 106,000 habitantes (estimaci\u00f3n de 2023). La isla obtuvo un estatus separado dentro del Reino de los Pa\u00edses Bajos en 1986, lo que permite la autonom\u00eda en los asuntos internos mientras sigue siendo parte del Reino.<\/p>\n\n\n\n<p><strong>Moneda:<\/strong> La moneda oficial es el flor\u00edn arube\u00f1o (AWG). Un d\u00f3lar estadounidense equivale aproximadamente a 1,79 AWG (octubre de 2023). El tipo de cambio es estable y los d\u00f3lares estadounidenses son ampliamente aceptados en la isla.<\/p>\n\n\n\n<p><strong>Idiomas oficiales:<\/strong> Los idiomas oficiales son el neerland\u00e9s y el papiamento, una lengua criolla que mezcla elementos de portugu\u00e9s, espa\u00f1ol, neerland\u00e9s, lenguas de \u00c1frica occidental y lenguas ind\u00edgenas. El ingl\u00e9s y el espa\u00f1ol tambi\u00e9n se hablan com\u00fanmente debido al turismo y los v\u00ednculos internacionales de la isla.<\/p>\n\n\n\n<p><strong>Capital:<\/strong> Oranjestad.<\/p>\n\n\n\n<p><strong>Otras ciudades y pueblos principales:<\/strong> Las principales localidades incluyen Noord, San Nicol\u00e1s, Savaneta y Santa Cruz.<\/p>\n\n\n\n<p><strong>Clima:<\/strong> Aruba tiene un clima tropical semi\u00e1rido. La isla disfruta de un clima soleado durante todo el a\u00f1o, con temperaturas que promedian entre 28 y 32 \u00b0C (82-90 \u00b0F) durante el d\u00eda y entre 25 y 28 \u00b0C (77-82 \u00b0F) por la noche. La isla tiene una humedad relativamente baja en comparaci\u00f3n con otras localidades caribe\u00f1as y est\u00e1 fuera del cintur\u00f3n de huracanes, lo que la convierte en un destino popular durante todo el a\u00f1o. No hay una temporada de lluvias distintiva; las precipitaciones son generalmente escasas y ocurren principalmente de octubre a enero. Las condiciones del viento se caracterizan por vientos alisios constantes que soplan desde el este y noreste, proporcionando un efecto refrescante.<\/p>\n","protected":false},"excerpt":{"rendered":"<p>Aruba es una peque\u00f1a isla caribe\u00f1a ubicada frente a la costa norte de Venezuela, aproximadamente a 29 kil\u00f3metros (18 millas) al norte de la pen\u00ednsula de Paraguana. Es parte del Reino de los Pa\u00edses Bajos y es conocida por sus playas de arena blanca, su cultura vibrante y su clima \u00e1rido. Tama\u00f1o: Aruba tiene una [&hellip;]<\/p>\n","protected":false},"author":500,"featured_media":0,"parent":0,"menu_order":0,"comment_status":"closed","ping_status":"closed","template":"","meta":{"_acf_changed":false,"footnotes":""},"class_list":["post-1117","page","type-page","status-publish","hentry"],"acf":[],"_links":{"self":[{"href":"https:\/\/help.unhcr.org\/aruba\/wp-json\/wp\/v2\/pages\/1117","targetHints":{"allow":["GET"]}}],"collection":[{"href":"https:\/\/help.unhcr.org\/aruba\/wp-json\/wp\/v2\/pages"}],"about":[{"href":"https:\/\/help.unhcr.org\/aruba\/wp-json\/wp\/v2\/types\/page"}],"author":[{"embeddable":true,"href":"https:\/\/help.unhcr.org\/aruba\/wp-json\/wp\/v2\/users\/500"}],"replies":[{"embeddable":true,"href":"https:\/\/help.unhcr.org\/aruba\/wp-json\/wp\/v2\/comments?post=1117"}],"version-history":[{"count":6,"href":"https:\/\/help.unhcr.org\/aruba\/wp-json\/wp\/v2\/pages\/1117\/revisions"}],"predecessor-version":[{"id":1517,"href":"https:\/\/help.unhcr.org\/aruba\/wp-json\/wp\/v2\/pages\/1117\/revisions\/1517"}],"wp:attachment":[{"href":"https:\/\/help.unhcr.org\/aruba\/wp-json\/wp\/v2\/media?parent=1117"}],"curies":[{"name":"wp","href":"https:\/\/api.w.org\/{rel}","templated":true}]}}