{"id":994,"date":"2024-08-07T19:51:39","date_gmt":"2024-08-07T19:51:39","guid":{"rendered":"https:\/\/help.unhcr.org\/argentina\/?page_id=994"},"modified":"2024-12-26T12:56:50","modified_gmt":"2024-12-26T12:56:50","slug":"reunificacion-familiar","status":"publish","type":"page","link":"https:\/\/help.unhcr.org\/argentina\/reunificacion-familiar\/","title":{"rendered":"Reunificaci\u00f3n familiar"},"content":{"rendered":"\n<p>La reunificaci\u00f3n familiar es uno de sus principios de protecci\u00f3n de ACNUR para garantizar el derecho de los refugiados&nbsp;<strong>a una vida en familia<\/strong>&nbsp;tras la huida, y la unidad familiar es reconocida por la legislaci\u00f3n argentina como un derecho esencial no s\u00f3lo de las personas refugiadas sino tambi\u00e9n de los miembros de su familia.&nbsp;<\/p>\n\n\n\n<p>En por ello que las personas que tienen el estatuto de refugiadas pueden solicitar reunirse con los miembros de su familia que se encuentren en el exterior.<\/p>\n\n\n\n<p>Tambi\u00e9n pod\u00e9s solicitar la reunificaci\u00f3n con tu familia en el caso de que te encuentres radicado.<\/p>\n\n\n\n<p><a id=\"_msocom_1\"><\/a><\/p>\n","protected":false},"excerpt":{"rendered":"<p>La reunificaci\u00f3n familiar es uno de sus principios de protecci\u00f3n de ACNUR para garantizar el derecho de los refugiados&nbsp;a una vida en familia&nbsp;tras la huida, y la unidad familiar es reconocida por la legislaci\u00f3n argentina como un derecho esencial no s\u00f3lo de las personas refugiadas sino tambi\u00e9n de los miembros de su familia.&nbsp; En por [&hellip;]<\/p>\n","protected":false},"author":331,"featured_media":0,"parent":0,"menu_order":8,"comment_status":"closed","ping_status":"closed","template":"page-templates\/tabbed.php","meta":{"_acf_changed":false,"footnotes":""},"class_list":["post-994","page","type-page","status-publish","hentry"],"acf":[],"_links":{"self":[{"href":"https:\/\/help.unhcr.org\/argentina\/wp-json\/wp\/v2\/pages\/994","targetHints":{"allow":["GET"]}}],"collection":[{"href":"https:\/\/help.unhcr.org\/argentina\/wp-json\/wp\/v2\/pages"}],"about":[{"href":"https:\/\/help.unhcr.org\/argentina\/wp-json\/wp\/v2\/types\/page"}],"author":[{"embeddable":true,"href":"https:\/\/help.unhcr.org\/argentina\/wp-json\/wp\/v2\/users\/331"}],"replies":[{"embeddable":true,"href":"https:\/\/help.unhcr.org\/argentina\/wp-json\/wp\/v2\/comments?post=994"}],"version-history":[{"count":7,"href":"https:\/\/help.unhcr.org\/argentina\/wp-json\/wp\/v2\/pages\/994\/revisions"}],"predecessor-version":[{"id":1182,"href":"https:\/\/help.unhcr.org\/argentina\/wp-json\/wp\/v2\/pages\/994\/revisions\/1182"}],"wp:attachment":[{"href":"https:\/\/help.unhcr.org\/argentina\/wp-json\/wp\/v2\/media?parent=994"}],"curies":[{"name":"wp","href":"https:\/\/api.w.org\/{rel}","templated":true}]}}