{"id":990,"date":"2024-08-07T19:35:31","date_gmt":"2024-08-07T19:35:31","guid":{"rendered":"https:\/\/help.unhcr.org\/argentina\/?page_id=990"},"modified":"2024-08-07T19:35:50","modified_gmt":"2024-08-07T19:35:50","slug":"apatridia","status":"publish","type":"page","link":"https:\/\/help.unhcr.org\/argentina\/apatridia\/","title":{"rendered":"Apatridia"},"content":{"rendered":"\n<p>Las personas ap\u00e1tridas no son reconocidas por ning\u00fan estado como ciudadanas conforme a su legislaci\u00f3n. Es decir, no tienen nacionalidad y, por tanto, sus derechos no se encuentran bajo la protecci\u00f3n de ning\u00fan pa\u00eds.<\/p>\n\n\n\n<p>La apatridia puede ocurrir por varias razones, incluida el no registro de nacimientos, la discriminaci\u00f3n contra determinados grupos \u00e9tnicos o religiosos, o por motivos de g\u00e9nero; la aparici\u00f3n de nuevos Estados y las transferencias de territorio entre los Estados existentes; y vac\u00edos en las leyes de nacionalidad.<\/p>\n\n\n\n<p>Cualquiera que sea su causa, la apatridia tiene graves consecuencias para el acceso a derechos y servicios de las personas. En Argentina, la Ley N\u00b0 27.512 reconoce y protege a las personas que se encuentran en esta condici\u00f3n, y designan a la Comisi\u00f3n Nacional para los Refugiados (CONARE) como \u00f3rgano competente para la determinaci\u00f3n de la condici\u00f3n de apatridia.<\/p>\n\n\n\n<p><strong><mark>\u00bfC\u00f3mo solicitar el estatuto de persona ap\u00e1trida en Argentina?<\/mark><\/strong><\/p>\n\n\n\n<p>Puedes presentar tu solicitud verbalmente, por escrito o de manera remota, en la Ciudad de Buenos Aires o en cualquier punto del pa\u00eds, ante:<\/p>\n\n\n\n<ul class=\"wp-block-list\">\n<li>La Secretar\u00eda Ejecutiva de la CONARE en la Ciudad de Buenos Aires, a trav\u00e9s de su p\u00e1gina web haciendo click <a href=\"https:\/\/www.argentina.gob.ar\/interior\/migraciones\/comision-nacional-para-los-refugiados\">aqu\u00ed<\/a>.<\/li>\n\n\n\n<li>Cualquier delegaci\u00f3n u oficina migratoria de la Direcci\u00f3n Nacional de Migraciones (DNM), la autoridad migratoria de frontera, al ingresar al pa\u00eds.<\/li>\n<\/ul>\n","protected":false},"excerpt":{"rendered":"<p>Las personas ap\u00e1tridas no son reconocidas por ning\u00fan estado como ciudadanas conforme a su legislaci\u00f3n. Es decir, no tienen nacionalidad y, por tanto, sus derechos no se encuentran bajo la protecci\u00f3n de ning\u00fan pa\u00eds. La apatridia puede ocurrir por varias razones, incluida el no registro de nacimientos, la discriminaci\u00f3n contra determinados grupos \u00e9tnicos o religiosos, [&hellip;]<\/p>\n","protected":false},"author":331,"featured_media":0,"parent":0,"menu_order":6,"comment_status":"closed","ping_status":"closed","template":"","meta":{"_acf_changed":false,"footnotes":""},"class_list":["post-990","page","type-page","status-publish","hentry"],"acf":[],"_links":{"self":[{"href":"https:\/\/help.unhcr.org\/argentina\/wp-json\/wp\/v2\/pages\/990","targetHints":{"allow":["GET"]}}],"collection":[{"href":"https:\/\/help.unhcr.org\/argentina\/wp-json\/wp\/v2\/pages"}],"about":[{"href":"https:\/\/help.unhcr.org\/argentina\/wp-json\/wp\/v2\/types\/page"}],"author":[{"embeddable":true,"href":"https:\/\/help.unhcr.org\/argentina\/wp-json\/wp\/v2\/users\/331"}],"replies":[{"embeddable":true,"href":"https:\/\/help.unhcr.org\/argentina\/wp-json\/wp\/v2\/comments?post=990"}],"version-history":[{"count":1,"href":"https:\/\/help.unhcr.org\/argentina\/wp-json\/wp\/v2\/pages\/990\/revisions"}],"predecessor-version":[{"id":991,"href":"https:\/\/help.unhcr.org\/argentina\/wp-json\/wp\/v2\/pages\/990\/revisions\/991"}],"wp:attachment":[{"href":"https:\/\/help.unhcr.org\/argentina\/wp-json\/wp\/v2\/media?parent=990"}],"curies":[{"name":"wp","href":"https:\/\/api.w.org\/{rel}","templated":true}]}}