{"id":963,"date":"2024-08-07T18:34:18","date_gmt":"2024-08-07T18:34:18","guid":{"rendered":"https:\/\/help.unhcr.org\/argentina\/?page_id=963"},"modified":"2024-12-31T16:01:54","modified_gmt":"2024-12-31T16:01:54","slug":"donde-y-como-solicitar-orientacion-y-ayuda-en-argentina","status":"publish","type":"page","link":"https:\/\/help.unhcr.org\/argentina\/donde-y-como-solicitar-orientacion-y-ayuda-en-argentina\/","title":{"rendered":"D\u00f3nde encontrar ayuda"},"content":{"rendered":"\n<p>Argentina es un pa\u00eds federal, constituido por 23 Provincias y una ciudad aut\u00f3noma, la Ciudad de Buenos Aires. Los estados provinciales son aut\u00f3nomos pero est\u00e1n reunidos bajo un gobierno nacional com\u00fan. Por esto, adem\u00e1s de las pol\u00edticas de alcance nacional, las provincias organizan y sostienen su administraci\u00f3n y cuentan con programas y pol\u00edticas propias que pueden consultarse en sus propios sitios web. La zona m\u00e1s poblada es el \u00e1rea metropolitana de Buenos Aires (AMBA), conformada por la Ciudad de Buenos Aires y 40 municipios de la <a href=\"https:\/\/www.argentina.gob.ar\/buenosaires\/municipios\" data-type=\"link\" data-id=\"https:\/\/www.argentina.gob.ar\/buenosaires\/municipios\" target=\"_blank\" rel=\"noreferrer noopener\">Provincia de Buenos Aires.<\/a> <\/p>\n\n\n\n<p>Para conocer algunas caracter\u00edsticas del pa\u00eds como su territorio, sus provincias, el clima, la moneda, su poblaci\u00f3n, puedes visitar<a href=\"https:\/\/www.argentina.gob.ar\/pais\" target=\"_blank\" rel=\"noreferrer noopener\"> Argentina, nuestro pa\u00eds<\/a><\/p>\n\n\n\n<p>En el punto del pa\u00eds donde te encuentres, puedes recurrir a distintas instituciones p\u00fablicas y organizaciones de la sociedad civil que brindan orientaci\u00f3n y apoyo a las personas refugiadas y migrantes.<\/p>\n\n\n\n<p><\/p>\n","protected":false},"excerpt":{"rendered":"<p>Argentina es un pa\u00eds federal, constituido por 23 Provincias y una ciudad aut\u00f3noma, la Ciudad de Buenos Aires. Los estados provinciales son aut\u00f3nomos pero est\u00e1n reunidos bajo un gobierno nacional com\u00fan. Por esto, adem\u00e1s de las pol\u00edticas de alcance nacional, las provincias organizan y sostienen su administraci\u00f3n y cuentan con programas y pol\u00edticas propias que [&hellip;]<\/p>\n","protected":false},"author":331,"featured_media":0,"parent":0,"menu_order":2,"comment_status":"closed","ping_status":"closed","template":"page-templates\/listing_page.php","meta":{"_acf_changed":false,"footnotes":""},"class_list":["post-963","page","type-page","status-publish","hentry"],"acf":[],"_links":{"self":[{"href":"https:\/\/help.unhcr.org\/argentina\/wp-json\/wp\/v2\/pages\/963","targetHints":{"allow":["GET"]}}],"collection":[{"href":"https:\/\/help.unhcr.org\/argentina\/wp-json\/wp\/v2\/pages"}],"about":[{"href":"https:\/\/help.unhcr.org\/argentina\/wp-json\/wp\/v2\/types\/page"}],"author":[{"embeddable":true,"href":"https:\/\/help.unhcr.org\/argentina\/wp-json\/wp\/v2\/users\/331"}],"replies":[{"embeddable":true,"href":"https:\/\/help.unhcr.org\/argentina\/wp-json\/wp\/v2\/comments?post=963"}],"version-history":[{"count":38,"href":"https:\/\/help.unhcr.org\/argentina\/wp-json\/wp\/v2\/pages\/963\/revisions"}],"predecessor-version":[{"id":1520,"href":"https:\/\/help.unhcr.org\/argentina\/wp-json\/wp\/v2\/pages\/963\/revisions\/1520"}],"wp:attachment":[{"href":"https:\/\/help.unhcr.org\/argentina\/wp-json\/wp\/v2\/media?parent=963"}],"curies":[{"name":"wp","href":"https:\/\/api.w.org\/{rel}","templated":true}]}}