{"id":8,"date":"2017-11-22T15:31:19","date_gmt":"2017-11-22T15:31:19","guid":{"rendered":"http:\/\/help.unhcr.org\/argentina\/?page_id=8"},"modified":"2026-01-27T13:34:20","modified_gmt":"2026-01-27T13:34:20","slug":"bienvenido-a","status":"publish","type":"page","link":"https:\/\/help.unhcr.org\/argentina\/","title":{"rendered":"\u00a1Bienvenida y bienvenido!"},"content":{"rendered":"\n<p>\u00a1Est\u00e1s en un sitio web seguro!&nbsp;<\/p>\n\n\n\n<hr class=\"wp-block-separator has-alpha-channel-opacity\" \/>\n\n\n\n<p class=\"has-text-align-left\">ACNUR desarroll\u00f3 este sitio para brindar informaci\u00f3n a las personas con necesidades de protecci\u00f3n internacional en Argentina. Aqu\u00ed encontrar\u00e1s informaci\u00f3n sobre los siguientes temas:<\/p>\n\n\n\n<ul class=\"wp-block-list\">\n<li><a href=\"https:\/\/help.unhcr.org\/argentina\/donde-y-como-solicitar-orientacion-y-ayuda-en-argentina\/\">D\u00f3nde encontrar ayuda en Argentina <\/a><\/li>\n\n\n\n<li><a href=\"https:\/\/help.unhcr.org\/argentina\/proteccion-internacional-en-argentina\/\" data-type=\"page\" data-id=\"974\">C\u00f3mo solicitar la condici\u00f3n de persona refugiada<\/a><\/li>\n\n\n\n<li><a href=\"https:\/\/help.unhcr.org\/argentina\/reunificacion-familiar\/\">Reunificaci\u00f3n familiar<\/a><\/li>\n\n\n\n<li><a href=\"https:\/\/help.unhcr.org\/argentina\/inclusion-laboral\/\" data-type=\"page\" data-id=\"468\">Empleo e ingresos<\/a><\/li>\n\n\n\n<li><a href=\"https:\/\/help.unhcr.org\/argentina\/accesoaderechos\/acceso-a-la-salud\/\" data-type=\"page\" data-id=\"686\">Salud<\/a><\/li>\n\n\n\n<li><a href=\"https:\/\/help.unhcr.org\/argentina\/accesoaderechos\/educacion\/\" data-type=\"page\" data-id=\"766\">Educaci\u00f3n<\/a><\/li>\n\n\n\n<li><a href=\"https:\/\/help.unhcr.org\/argentina\/apatridia\/\">Apatridia<\/a><\/li>\n\n\n\n<li><a href=\"https:\/\/help.unhcr.org\/argentina\/repatriacion-voluntaria-y-retornos\/\">Repatriaci\u00f3n voluntaria y retornos<\/a><\/li>\n\n\n\n<li><a href=\"https:\/\/help.unhcr.org\/argentina\/patrocinio-comunitario\/\">Patrocinio comunitario<\/a><\/li>\n\n\n\n<li><a href=\"https:\/\/help.unhcr.org\/argentina\/proteccion-contra-la-explotacion-y-el-abuso-sexual\/\">Protecci\u00f3n contra la explotaci\u00f3n y el abuso sexual<\/a><\/li>\n\n\n\n<li><a href=\"https:\/\/help.unhcr.org\/argentina\/como-presentar-quejas-o-sugerencias\/\">\u00bfC\u00f3mo presentar quejas o sugerencias?<\/a><\/li>\n\n\n\n<li><a href=\"https:\/\/help.unhcr.org\/argentina\/contacto\/\">Contacto<\/a><\/li>\n<\/ul>\n\n\n\n<p>Este sitio web se actualiza regularmente.<\/p>\n\n\n\n<p class=\"has-text-align-center\"><\/p>\n","protected":false},"excerpt":{"rendered":"<p>\u00a1Est\u00e1s en un sitio web seguro!&nbsp; ACNUR desarroll\u00f3 este sitio para brindar informaci\u00f3n a las personas con necesidades de protecci\u00f3n internacional en Argentina. Aqu\u00ed encontrar\u00e1s informaci\u00f3n sobre los siguientes temas: Este sitio web se actualiza regularmente.<\/p>\n","protected":false},"author":1,"featured_media":0,"parent":0,"menu_order":1,"comment_status":"closed","ping_status":"closed","template":"","meta":{"_acf_changed":false,"footnotes":""},"class_list":["post-8","page","type-page","status-publish","hentry"],"acf":[],"_links":{"self":[{"href":"https:\/\/help.unhcr.org\/argentina\/wp-json\/wp\/v2\/pages\/8","targetHints":{"allow":["GET"]}}],"collection":[{"href":"https:\/\/help.unhcr.org\/argentina\/wp-json\/wp\/v2\/pages"}],"about":[{"href":"https:\/\/help.unhcr.org\/argentina\/wp-json\/wp\/v2\/types\/page"}],"author":[{"embeddable":true,"href":"https:\/\/help.unhcr.org\/argentina\/wp-json\/wp\/v2\/users\/1"}],"replies":[{"embeddable":true,"href":"https:\/\/help.unhcr.org\/argentina\/wp-json\/wp\/v2\/comments?post=8"}],"version-history":[{"count":73,"href":"https:\/\/help.unhcr.org\/argentina\/wp-json\/wp\/v2\/pages\/8\/revisions"}],"predecessor-version":[{"id":1600,"href":"https:\/\/help.unhcr.org\/argentina\/wp-json\/wp\/v2\/pages\/8\/revisions\/1600"}],"wp:attachment":[{"href":"https:\/\/help.unhcr.org\/argentina\/wp-json\/wp\/v2\/media?parent=8"}],"curies":[{"name":"wp","href":"https:\/\/api.w.org\/{rel}","templated":true}]}}