{"id":768,"date":"2021-01-15T15:55:35","date_gmt":"2021-01-15T15:55:35","guid":{"rendered":"http:\/\/help.unhcr.org\/argentina\/?page_id=768"},"modified":"2026-05-03T03:08:38","modified_gmt":"2026-05-03T03:08:38","slug":"violencia-de-genero","status":"publish","type":"page","link":"https:\/\/help.unhcr.org\/argentina\/acceso-a-derechos-en-argentina\/violencia-de-genero\/","title":{"rendered":"Violencia de g\u00e9nero"},"content":{"rendered":"\n<p>En Argentina existe la\u00a0<a href=\"https:\/\/www.argentina.gob.ar\/sites\/default\/files\/ley_26485_violencia_familiar.pdf\" target=\"_blank\" rel=\"noreferrer noopener\">Ley N\u00ba 26.485 para garantizar a las mujeres una vida libre de violencia.<\/a><\/p>\n\n\n\n<p>Si sufres violencia o conoces de una situaci\u00f3n y necesitas orientaci\u00f3n, existen distintos canales para buscar apoyo.<strong>\u00a0Buscar ayuda es un derecho y no requiere realizar una denuncia previa.<\/strong><\/p>\n\n\n\n<p class=\"has-text-align-center has-white-color has-text-color has-background has-link-color wp-elements-69f6359c7eb4a5f4cfc22e3da9c109c7\" style=\"background-color:#0072bc\">En casos de\u00a0<strong>emergencia o peligro inmediato<\/strong>, se debe llamar al\u00a0<strong>911<\/strong>.<\/p>\n\n\n\n<p>En <a href=\"https:\/\/www.argentina.gob.ar\/generos\/buscador-de-centros-de-atencion-para-mujeres-y-lgbti\" target=\"_blank\" rel=\"noreferrer noopener\">Argentina.gob.ar<\/a> econtrar\u00e1s los espacios y centros de asistencia a los que acercarte en una situaci\u00f3n de violencia y riesgo en todo el pa\u00eds. <\/p>\n\n\n\n<p>La L\u00ednea 144 es una l\u00ednea de atenci\u00f3n, contenci\u00f3n y asesoramiento telef\u00f3nico frente a situaciones de violencia. Est\u00e1 disponible las 24 hs. del d\u00eda los 365 d\u00edas del a\u00f1o. Cuentas adem\u00e1s con las siguientes v\u00edas de comunicaci\u00f3n para recibir asistencia:<\/p>\n\n\n\n<ul class=\"wp-block-list\">\n<li><a href=\"tel:144\">Marcando 144<\/a>.<\/li>\n\n\n\n<li><a href=\"https:\/\/api.whatsapp.com\/send?phone=5491127716463\" target=\"_blank\" rel=\"noreferrer noopener\">Por WhatsApp, al 1127716463<\/a>.<\/li>\n\n\n\n<li><a href=\"mailto:linea144@capitalhumano.gob.ar\">Por correo electr\u00f3nico, a&nbsp;linea144@capitalhumano.gob.ar<\/a>.<\/li>\n<\/ul>\n\n\n\n<p><\/p>\n","protected":false},"excerpt":{"rendered":"<p>En Argentina existe la\u00a0Ley N\u00ba 26.485 para garantizar a las mujeres una vida libre de violencia. Si sufres violencia o conoces de una situaci\u00f3n y necesitas orientaci\u00f3n, existen distintos canales para buscar apoyo.\u00a0Buscar ayuda es un derecho y no requiere realizar una denuncia previa. En casos de\u00a0emergencia o peligro inmediato, se debe llamar al\u00a0911. En [&hellip;]<\/p>\n","protected":false},"author":472,"featured_media":0,"parent":153,"menu_order":7,"comment_status":"closed","ping_status":"closed","template":"page-templates\/sectioned.php","meta":{"_acf_changed":false,"footnotes":""},"class_list":["post-768","page","type-page","status-publish","hentry"],"acf":[],"_links":{"self":[{"href":"https:\/\/help.unhcr.org\/argentina\/wp-json\/wp\/v2\/pages\/768","targetHints":{"allow":["GET"]}}],"collection":[{"href":"https:\/\/help.unhcr.org\/argentina\/wp-json\/wp\/v2\/pages"}],"about":[{"href":"https:\/\/help.unhcr.org\/argentina\/wp-json\/wp\/v2\/types\/page"}],"author":[{"embeddable":true,"href":"https:\/\/help.unhcr.org\/argentina\/wp-json\/wp\/v2\/users\/472"}],"replies":[{"embeddable":true,"href":"https:\/\/help.unhcr.org\/argentina\/wp-json\/wp\/v2\/comments?post=768"}],"version-history":[{"count":6,"href":"https:\/\/help.unhcr.org\/argentina\/wp-json\/wp\/v2\/pages\/768\/revisions"}],"predecessor-version":[{"id":1755,"href":"https:\/\/help.unhcr.org\/argentina\/wp-json\/wp\/v2\/pages\/768\/revisions\/1755"}],"up":[{"embeddable":true,"href":"https:\/\/help.unhcr.org\/argentina\/wp-json\/wp\/v2\/pages\/153"}],"wp:attachment":[{"href":"https:\/\/help.unhcr.org\/argentina\/wp-json\/wp\/v2\/media?parent=768"}],"curies":[{"name":"wp","href":"https:\/\/api.w.org\/{rel}","templated":true}]}}