{"id":766,"date":"2021-01-15T15:48:26","date_gmt":"2021-01-15T15:48:26","guid":{"rendered":"http:\/\/help.unhcr.org\/argentina\/?page_id=766"},"modified":"2024-12-26T18:53:56","modified_gmt":"2024-12-26T18:53:56","slug":"educacion","status":"publish","type":"page","link":"https:\/\/help.unhcr.org\/argentina\/accesoaderechos\/educacion\/","title":{"rendered":"Educaci\u00f3n"},"content":{"rendered":"\n<p>La Ley de Educaci\u00f3n Nacional N\u00ba 26.206 establece que todas las jurisdicciones a nivel nacional deben garantizar el acceso a la educaci\u00f3n de todas las personas, en sus diferentes niveles, aunque no cuenten con DNI argentino. En Argentina es obligatorio asistir a la escuela a partir de los dos \u00faltimos a\u00f1os del nivel inicial (sala de 4 y 5 a\u00f1os) hasta el \u00faltimo a\u00f1o del nivel secundario (5to a\u00f1o).<\/p>\n\n\n\n<p>Consult\u00e1 en la provincia o municipio en el que viv\u00eds las modalidades de inscripci\u00f3n escolar. Si resid\u00eds en la Ciudad Aut\u00f3noma de Buenos Aires, la inscripci\u00f3n se realiza en l\u00ednea. Podes consultar haciendo <a href=\"https:\/\/www.buenosaires.gob.ar\/educacion\/estudiantes\/inscripcionescolar\">click aqu\u00ed.&nbsp;<\/a><\/p>\n\n\n\n<p>Existen programas para el desarrollo integral infantil, para lo cual es importante consultar la informaci\u00f3n disponible en las provincias y municipios. Para solicitar informaci\u00f3n sobre los Espacios de Primera Infancia (EPI) se debe escribir a <a href=\"mailto:primerainfancia@senaf.gob.ar\">primerainfancia@senaf.gob.ar<\/a>.<\/p>\n\n\n\n<p>Para personas mayores de 18 a\u00f1os que quieren finalizar tus estudios, existen programas de terminalidad educativa.<\/p>\n\n\n\n<p><strong><mark>Formaci\u00f3n t\u00e9cnica\/ profesional<\/mark><\/strong><\/p>\n\n\n\n<p>A trav\u00e9s de los sitios web de las provincias o municipios se accede a la oferta de los centros de formaci\u00f3n profesional o laboral.<\/p>\n\n\n\n<ul class=\"wp-block-list\">\n<li>Para la provincia de Buenos Aires, puede consultarse: <a href=\"https:\/\/cursosipfl.trabajo.gba.gov.ar\/?page=1\">Cursos &#8211; Ministerio de Trabajo PBA<\/a>&nbsp;&nbsp;<\/li>\n\n\n\n<li>Para la Ciudad de Buenos Aires: <a href=\"https:\/\/buenosaires.gob.ar\/formacion-profesional\">Oferta formaci\u00f3n profesional CABA<\/a>.<\/li>\n<\/ul>\n\n\n\n<p>Algunas de estas formaciones disponen tambi\u00e9n de oferta de programas de terminalidad primaria y secundaria, e inclusi\u00f3n de poblaci\u00f3n no hispanohablante. Puede consultarse la oferta del <a href=\"https:\/\/www.inet.edu.ar\/\">Instituto Nacional de Educaci\u00f3n Tecnol\u00f3gica<\/a> (INET)<\/p>\n\n\n\n<p>A trav\u00e9s de los sindicatos de las distintas ramas productivas (construcci\u00f3n, gastronom\u00eda, etc.) tambi\u00e9n se puede consultar la oferta de formaci\u00f3n.<\/p>\n\n\n\n<p><strong><mark><strong>Convalidaci\u00f3n de t\u00edtulos y certificaci\u00f3n de competencias<\/strong>:<\/mark><\/strong><\/p>\n\n\n\n<p><strong>CONVALIDAR T\u00cdTULO SECUNDARIO<\/strong><\/p>\n\n\n\n<p>A la hora de convalidar el t\u00edtulo secundario de tu pa\u00eds de origen, debes conocer si existe un convenio entre la Argentina y el pa\u00eds en donde fue expedido tu t\u00edtulo. En funci\u00f3n de eso, pod\u00e9s ingresar a las siguientes p\u00e1ginas del Ministerio de Educaci\u00f3n de la Naci\u00f3n para saber c\u00f3mo realizar los tr\u00e1mites:<\/p>\n\n\n\n<p><strong>Pa\u00edses con convenio:<\/strong>&nbsp;<a href=\"https:\/\/www.argentina.gob.ar\/convalidar-titulo-secundario-de-paises-con-convenio\" target=\"_blank\" rel=\"noreferrer noopener\">https:\/\/www.argentina.gob.ar\/convalidar-titulo-secundario-de-paises-con-convenio<\/a><\/p>\n\n\n\n<p><strong>Pa\u00edses sin convenio:<\/strong>&nbsp;<a href=\"https:\/\/www.argentina.gob.ar\/reconocer-titulo-secundario-de-paises-sin-convenio\" target=\"_blank\" rel=\"noreferrer noopener\">https:\/\/www.argentina.gob.ar\/reconocer-titulo-secundario-de-paises-sin-convenio<\/a><\/p>\n\n\n\n<p><strong>CONVALIDACIONES DE T\u00cdTULOS UNIVERSITARIOS EXTRANJEROS<\/strong><\/p>\n\n\n\n<p>Todos los tr\u00e1mites de convalidaci\u00f3n de t\u00edtulos extranjeros a realizar en el Ministerio de Educaci\u00f3n son gratuitos<\/p>\n\n\n\n<p>Pod\u00e9s consultar los requisitos en el siguiente link:&nbsp;<a href=\"https:\/\/convalidaciones.siu.edu.ar\/\" target=\"_blank\" rel=\"noreferrer noopener\">https:\/\/convalidaciones.siu.edu.ar\/<\/a><\/p>\n\n\n\n<p>En el siguiente enlace puedes acceder a informaci\u00f3n sobre el reconocimiento de estudios en el extranjero: <a href=\"https:\/\/www.argentina.gob.ar\/educacion\/validez-titulos\/tramites-turnos\">Reconocimiento de estudios extranjeros<\/a><\/p>\n\n\n\n<h4 class=\"wp-block-heading\"><strong>CERTIFICACI\u00d3N DE COMPETENCIAS<\/strong><\/h4>\n\n\n\n<p><\/p>\n\n\n\n<p>A nivel nacional, para contar con un t\u00edtulo oficial a partir de la acreditaci\u00f3n de saberes, se puede consultar&nbsp; <a href=\"https:\/\/www.argentina.gob.ar\/trabajo\/formacionycapacitacion\/certificacioncompetencias\">Certificaci\u00f3n de Competencias<\/a>. Para Ciudad de Buenos Aires consultar <a href=\"https:\/\/agenciadeaprendizaje.bue.edu.ar\/acreditacion-de-saberes\/\">Acreditaci\u00f3n de saberes CABA<\/a>.<\/p>\n\n\n\n<p>Este aspecto puede favorecer la b\u00fasqueda laboral y el acceso al mercado de trabajo en Argentina.<\/p>\n","protected":false},"excerpt":{"rendered":"<p>La Ley de Educaci\u00f3n Nacional N\u00ba 26.206 establece que todas las jurisdicciones a nivel nacional deben garantizar el acceso a la educaci\u00f3n de todas las personas, en sus diferentes niveles, aunque no cuenten con DNI argentino. En Argentina es obligatorio asistir a la escuela a partir de los dos \u00faltimos a\u00f1os del nivel inicial (sala [&hellip;]<\/p>\n","protected":false},"author":122,"featured_media":0,"parent":329,"menu_order":11,"comment_status":"closed","ping_status":"closed","template":"","meta":{"_acf_changed":false,"footnotes":""},"class_list":["post-766","page","type-page","status-publish","hentry"],"acf":[],"_links":{"self":[{"href":"https:\/\/help.unhcr.org\/argentina\/wp-json\/wp\/v2\/pages\/766","targetHints":{"allow":["GET"]}}],"collection":[{"href":"https:\/\/help.unhcr.org\/argentina\/wp-json\/wp\/v2\/pages"}],"about":[{"href":"https:\/\/help.unhcr.org\/argentina\/wp-json\/wp\/v2\/types\/page"}],"author":[{"embeddable":true,"href":"https:\/\/help.unhcr.org\/argentina\/wp-json\/wp\/v2\/users\/122"}],"replies":[{"embeddable":true,"href":"https:\/\/help.unhcr.org\/argentina\/wp-json\/wp\/v2\/comments?post=766"}],"version-history":[{"count":4,"href":"https:\/\/help.unhcr.org\/argentina\/wp-json\/wp\/v2\/pages\/766\/revisions"}],"predecessor-version":[{"id":1249,"href":"https:\/\/help.unhcr.org\/argentina\/wp-json\/wp\/v2\/pages\/766\/revisions\/1249"}],"up":[{"embeddable":true,"href":"https:\/\/help.unhcr.org\/argentina\/wp-json\/wp\/v2\/pages\/329"}],"wp:attachment":[{"href":"https:\/\/help.unhcr.org\/argentina\/wp-json\/wp\/v2\/media?parent=766"}],"curies":[{"name":"wp","href":"https:\/\/api.w.org\/{rel}","templated":true}]}}