{"id":686,"date":"2020-11-10T12:57:03","date_gmt":"2020-11-10T12:57:03","guid":{"rendered":"http:\/\/help.unhcr.org\/argentina\/?page_id=686"},"modified":"2026-05-03T04:02:21","modified_gmt":"2026-05-03T04:02:21","slug":"acceso-a-la-salud","status":"publish","type":"page","link":"https:\/\/help.unhcr.org\/argentina\/acceso-a-derechos-en-argentina\/acceso-a-la-salud\/","title":{"rendered":"Salud"},"content":{"rendered":"\n<p>En Argentina el derecho a la salud es universal, independientemente de tu condici\u00f3n migratoria y de la documentaci\u00f3n con la que cuentes. Todas las personas solicitantes de asilo, refugiadas y\/o migrantes pueden\u00a0acceder al sistema p\u00fablico de salud para urgencias y emergencias.<\/p>\n\n\n\n<p class=\"has-text-align-center has-white-color has-text-color has-background has-link-color wp-elements-e56ccaf91f879e767767f06d18c9e4b8\" style=\"background-color:#0072bc\">En casos de\u00a0<strong>emergencia o urgencia de salud<\/strong>, llama al\u00a0<strong>107<\/strong>.<\/p>\n\n\n\n<p>A partir de 2025, el <strong>Decreto 366\/2025<\/strong> habilit\u00f3 el cobro de algunas prestaciones programadas a personas sin residencia permanente, lo que puede variar seg\u00fan la jurisdicci\u00f3n; <strong>por eso es clave informarse a nivel local. <\/strong>Pod\u00e9s comunicarte con la\u00a0<strong>l\u00ednea gratuita del Ministerio de Salud desde cualquier parte del pa\u00eds:\u00a0<\/strong><a href=\"tel:08002221002\">0800-222-1002<\/a>.<\/p>\n\n\n\n<p>El sistema tiene hospitales de alta complejidad o especializados, hospitales generales y, centros de salud o efectores primarios que responden seg\u00fan la complejidad a tratar. Si te encuentras<strong> en la Ciudad Aut\u00f3noma de Buenos Aires<\/strong> puedes buscar el&nbsp;<a href=\"https:\/\/www.buenosaires.gob.ar\/salud\/actividades-en-establecimientos-de-salud\/centros-de-salud-y-centros-medicos-barriales\" target=\"_blank\" rel=\"noreferrer noopener\">establecimientos de salud<\/a>&nbsp;de atenci\u00f3n m\u00e1s cercano a tu domicilio. Para informaci\u00f3n federal se puede consultar <a href=\"https:\/\/www.anses.gob.ar\/listado-de-centros-de-salud-y-hospitales-publicos\">Centros de Salud y hospitales p\u00fablicos &#8211; buscador<\/a><\/p>\n\n\n\n<p><\/p>\n\n\n\n<p><\/p>\n\n\n\n<p><\/p>\n\n\n\n<p><\/p>\n\n\n\n<p><\/p>\n","protected":false},"excerpt":{"rendered":"<p>En Argentina el derecho a la salud es universal, independientemente de tu condici\u00f3n migratoria y de la documentaci\u00f3n con la que cuentes. Todas las personas solicitantes de asilo, refugiadas y\/o migrantes pueden\u00a0acceder al sistema p\u00fablico de salud para urgencias y emergencias. En casos de\u00a0emergencia o urgencia de salud, llama al\u00a0107. A partir de 2025, el [&hellip;]<\/p>\n","protected":false},"author":122,"featured_media":0,"parent":153,"menu_order":10,"comment_status":"closed","ping_status":"closed","template":"page-templates\/sectioned.php","meta":{"_acf_changed":false,"footnotes":""},"class_list":["post-686","page","type-page","status-publish","hentry"],"acf":[],"_links":{"self":[{"href":"https:\/\/help.unhcr.org\/argentina\/wp-json\/wp\/v2\/pages\/686","targetHints":{"allow":["GET"]}}],"collection":[{"href":"https:\/\/help.unhcr.org\/argentina\/wp-json\/wp\/v2\/pages"}],"about":[{"href":"https:\/\/help.unhcr.org\/argentina\/wp-json\/wp\/v2\/types\/page"}],"author":[{"embeddable":true,"href":"https:\/\/help.unhcr.org\/argentina\/wp-json\/wp\/v2\/users\/122"}],"replies":[{"embeddable":true,"href":"https:\/\/help.unhcr.org\/argentina\/wp-json\/wp\/v2\/comments?post=686"}],"version-history":[{"count":20,"href":"https:\/\/help.unhcr.org\/argentina\/wp-json\/wp\/v2\/pages\/686\/revisions"}],"predecessor-version":[{"id":1766,"href":"https:\/\/help.unhcr.org\/argentina\/wp-json\/wp\/v2\/pages\/686\/revisions\/1766"}],"up":[{"embeddable":true,"href":"https:\/\/help.unhcr.org\/argentina\/wp-json\/wp\/v2\/pages\/153"}],"wp:attachment":[{"href":"https:\/\/help.unhcr.org\/argentina\/wp-json\/wp\/v2\/media?parent=686"}],"curies":[{"name":"wp","href":"https:\/\/api.w.org\/{rel}","templated":true}]}}