{"id":506,"date":"2020-04-30T16:40:55","date_gmt":"2020-04-30T16:40:55","guid":{"rendered":"http:\/\/help.unhcr.org\/argentina\/?page_id=506"},"modified":"2024-08-07T20:50:11","modified_gmt":"2024-08-07T20:50:11","slug":"patrocinio-comunitario","status":"publish","type":"page","link":"https:\/\/help.unhcr.org\/argentina\/patrocinio-comunitario\/","title":{"rendered":"Patrocinio Comunitario"},"content":{"rendered":"\n<p>A trav\u00e9s del <a href=\"https:\/\/www.argentina.gob.ar\/normativa\/nacional\/resoluci%C3%B3n-1016-2023-393722\/texto\" target=\"_blank\" rel=\"noreferrer noopener\">Plan de Reasentamiento y V\u00edas Complementarias<\/a> (Res 1016\/2023), el Estado Argentino ofrece un esquema concreto para brindar soluciones a personas que necesitan encontrar un tercer pa\u00eds que les brinde la protecci\u00f3n y seguridad que necesitan para rehacer su vida. Este Plan es liderado por la Comisi\u00f3n Nacional de Refugiados (CONARE), en coordinaci\u00f3n con la Direcci\u00f3n Nacional de Migraciones, el Ministerio de Relaciones Exteriores, Comercio Internacional y Culto, entre otras entidades.<\/p>\n\n\n\n<p>Las personas refugiadas reasentadas o beneficiarias de v\u00edas complementarias (visados humanitarios, entre otros) reciben el acompa\u00f1amiento para su integraci\u00f3n en Argentina de organizaciones requirentes, a trav\u00e9s del modelo de Patrocinio Comunitario. A su vez, este esquema ofrece la oportunidad a gente com\u00fan de hacer algo concreto para ayudar a las personas refugiadas, brindando apoyo emocional, log\u00edstico y financiero durante el primer a\u00f1o en Argentina. Los patrocinadores, agrupados en organizaciones requirentes, tienen distintas trayectorias personales e institucionales y experiencias muy variadas, pero todos ofrecen tiempo, dinero e informaci\u00f3n a los reci\u00e9n llegados durante los primeros 12 meses de integraci\u00f3n en la comunidad.<\/p>\n\n\n\n<p>Los patrocinadores son vinculados con familias refugiadas antes de que lleguen a Argentina. Hay varias maneras de identificar y conectar a las personas refugiadas con los patrocinadores. Pueden ser referenciadas por las oficinas de ACNUR en el exterior y seleccionadas a trav\u00e9s de un proceso a cargo del Estado argentino, o bien pueden ser identificadas por una persona patrocinadora, en caso de que exista un v\u00ednculo de parentesco entre ellas.<\/p>\n\n\n\n<p>En todos los casos, los patrocinadores pueden recibir el apoyo y la experiencia de otras personas y organizaciones en todo el pa\u00eds, reunidas en&nbsp;la <a href=\"http:\/\/www.patrociniocomunitario.org\/\" target=\"_blank\" rel=\"noreferrer noopener\">Red de Apoyo al Patrocinio Comunitario de Personas Refugiadas<\/a>, adem\u00e1s de contar con los servicios p\u00fablicos existentes.&nbsp;La Red otorga orientaci\u00f3n y brinda informaci\u00f3n a personas u organizaciones que deseen colaborar con este tipo de programas.<\/p>\n\n\n\n<p><strong>Para contactarte con la Red de Patrocinio o conocer m\u00e1s sobre el Plan de Reasentamiento y V\u00edas complementarias, escribe a:<\/strong><\/p>\n\n\n\n<p><strong>CONARE:\u00a0<\/strong><a href=\"mailto:secretaria.conare@migraciones.gov.ar\" target=\"_blank\" rel=\"noreferrer noopener\">secretaria.conare@migraciones.gov.ar<\/a><\/p>\n\n\n\n<p><strong>Red de Patrocinio:\u00a0<\/strong>\u00a0<a href=\"mailto:info@patrociniocomunitario.org\" target=\"_blank\" rel=\"noreferrer noopener\">info@patrociniocomunitario.org<\/a><\/p>\n","protected":false},"excerpt":{"rendered":"<p>A trav\u00e9s del Plan de Reasentamiento y V\u00edas Complementarias (Res 1016\/2023), el Estado Argentino ofrece un esquema concreto para brindar soluciones a personas que necesitan encontrar un tercer pa\u00eds que les brinde la protecci\u00f3n y seguridad que necesitan para rehacer su vida. Este Plan es liderado por la Comisi\u00f3n Nacional de Refugiados (CONARE), en coordinaci\u00f3n [&hellip;]<\/p>\n","protected":false},"author":122,"featured_media":0,"parent":0,"menu_order":9,"comment_status":"closed","ping_status":"closed","template":"","meta":{"_acf_changed":false,"footnotes":""},"class_list":["post-506","page","type-page","status-publish","hentry"],"acf":[],"_links":{"self":[{"href":"https:\/\/help.unhcr.org\/argentina\/wp-json\/wp\/v2\/pages\/506","targetHints":{"allow":["GET"]}}],"collection":[{"href":"https:\/\/help.unhcr.org\/argentina\/wp-json\/wp\/v2\/pages"}],"about":[{"href":"https:\/\/help.unhcr.org\/argentina\/wp-json\/wp\/v2\/types\/page"}],"author":[{"embeddable":true,"href":"https:\/\/help.unhcr.org\/argentina\/wp-json\/wp\/v2\/users\/122"}],"replies":[{"embeddable":true,"href":"https:\/\/help.unhcr.org\/argentina\/wp-json\/wp\/v2\/comments?post=506"}],"version-history":[{"count":5,"href":"https:\/\/help.unhcr.org\/argentina\/wp-json\/wp\/v2\/pages\/506\/revisions"}],"predecessor-version":[{"id":1029,"href":"https:\/\/help.unhcr.org\/argentina\/wp-json\/wp\/v2\/pages\/506\/revisions\/1029"}],"wp:attachment":[{"href":"https:\/\/help.unhcr.org\/argentina\/wp-json\/wp\/v2\/media?parent=506"}],"curies":[{"name":"wp","href":"https:\/\/api.w.org\/{rel}","templated":true}]}}